{"id":5413,"date":"2023-12-21T14:29:51","date_gmt":"2023-12-21T19:29:51","guid":{"rendered":"https:\/\/tracpipe.com\/?page_id=5413"},"modified":"2024-02-28T11:24:48","modified_gmt":"2024-02-28T16:24:48","slug":"notifications","status":"publish","type":"page","link":"https:\/\/tracpipe.com\/fr\/notifications\/","title":{"rendered":"NOTIFICATIONS"},"content":{"rendered":"<section id=\"\"  class=\"light\"> <div class=\"container\">  <div class=\"row\"><div class=\"col-md-12  text-default\" >   <div class=\"row\"><div class=\"col-md-12  text-default\">\n\t<div class=\"wpb_text_column wpb_content_element vc_custom_1513029923945\" >\n\t\t<div class=\"wpb_wrapper\">\n\t\t\t<h2>MISE \u00c0 JOUR - Questions sur le TracPipe expos\u00e9 aux eaux de crue<\/h2>\n<p>3 d\u00e9cembre 2013 - TracPipe\u00ae et TracPipe\u00ae CounterStrike\u00ae sont fabriqu\u00e9s en acier inoxydable de s\u00e9rie 300. Les eaux de crue contiennent des produits chimiques ou des contaminants qui sont corrosifs pour LE SYST\u00c8ME DE TUYAUTERIES DE GAZ, Y COMPRIS LE SYST\u00c8ME DE TUYAUTERIES DE GAZ EN ACIER RIGIDE ET EN ACIER INOXYDABLE CORRUG\u00c9.<\/p>\n\n\t\t<\/div>\n\t<\/div>\n<div class=\"vc_btn3-container vc_btn3-inline vc_custom_1513029946510 vc_do_btn\" ><a class=\"vc_general vc_btn3 vc_btn3-size-md vc_btn3-shape-rounded vc_btn3-style-modern vc_btn3-icon-left vc_btn3-color-blue\" href=\"http:\/\/www.tracpipe.com\/wp-content\/uploads\/Flood_Replacement.pdf\" title=\"\" target=\"_blank\"><i class=\"vc_btn3-icon fa fa-angle-double-right\"><\/i> VOIR LE PDF<\/a><\/div><\/div>    <\/div><div class=\"vc_empty_space\"   style=\"height: 20px\"><span class=\"vc_empty_space_inner\"><\/span><\/div><\/div>  <\/div>  <\/div><\/section>","protected":false},"excerpt":{"rendered":"MISE \u00c0 JOUR - Questions sur TracPipe expos\u00e9 aux eaux de crue 3 d\u00e9cembre 2013 - TracPipe\u00ae et TracPipe\u00ae CounterStrike\u00ae sont fabriqu\u00e9s \u00e0 partir d'acier inoxydable de s\u00e9rie 300. Les eaux de crue contiennent des produits chimiques ou des contaminants qui sont corrosifs pour LE SYST\u00c8ME DE TUYAUTERIES DE GAZ, Y COMPRIS LE TUYAU D'ACIER RIGIDE ET LE SYST\u00c8ME DE TUYAUTERIES DE GAZ EN ACIER INOXYDABLE CORRUG\u00c9. VOIR LE PDF","protected":false},"author":1,"featured_media":5381,"parent":0,"menu_order":0,"comment_status":"closed","ping_status":"closed","template":"","meta":{"footnotes":""},"class_list":["post-5413","page","type-page","status-publish","has-post-thumbnail","hentry"],"yoast_head":"<!-- This site is optimized with the Yoast SEO plugin v27.0 - https:\/\/yoast.com\/product\/yoast-seo-wordpress\/ -->\n<title>NOTIFICATIONS - Tracpipe USA<\/title>\n<meta name=\"robots\" content=\"index, follow, max-snippet:-1, max-image-preview:large, max-video-preview:-1\" \/>\n<link rel=\"canonical\" href=\"https:\/\/tracpipe.com\/fr\/notifications\/\" \/>\n<meta property=\"og:locale\" content=\"fr_CA\" \/>\n<meta property=\"og:type\" content=\"article\" \/>\n<meta property=\"og:title\" content=\"NOTIFICATIONS - Tracpipe USA\" \/>\n<meta property=\"og:url\" content=\"https:\/\/tracpipe.com\/fr\/notifications\/\" \/>\n<meta property=\"og:site_name\" content=\"Tracpipe USA\" \/>\n<meta property=\"article:modified_time\" content=\"2024-02-28T16:24:48+00:00\" \/>\n<meta property=\"og:image\" content=\"https:\/\/tracpipe.com\/wp-content\/uploads\/AutoFlare.jpg\" \/>\n\t<meta property=\"og:image:width\" content=\"1920\" \/>\n\t<meta property=\"og:image:height\" content=\"1280\" \/>\n\t<meta property=\"og:image:type\" content=\"image\/jpeg\" \/>\n<meta name=\"twitter:label1\" content=\"Est. reading time\" \/>\n\t<meta name=\"twitter:data1\" content=\"1 minute\" \/>\n<script type=\"application\/ld+json\" class=\"yoast-schema-graph\">{\"@context\":\"https:\/\/schema.org\",\"@graph\":[{\"@type\":\"WebPage\",\"@id\":\"https:\/\/tracpipe.com\/notifications\/\",\"url\":\"https:\/\/tracpipe.com\/notifications\/\",\"name\":\"NOTIFICATIONS - Tracpipe USA\",\"isPartOf\":{\"@id\":\"https:\/\/tracpipe.com\/#website\"},\"primaryImageOfPage\":{\"@id\":\"https:\/\/tracpipe.com\/notifications\/#primaryimage\"},\"image\":{\"@id\":\"https:\/\/tracpipe.com\/notifications\/#primaryimage\"},\"thumbnailUrl\":\"https:\/\/tracpipe.com\/wp-content\/uploads\/AutoFlare.jpg\",\"datePublished\":\"2023-12-21T19:29:51+00:00\",\"dateModified\":\"2024-02-28T16:24:48+00:00\",\"breadcrumb\":{\"@id\":\"https:\/\/tracpipe.com\/notifications\/#breadcrumb\"},\"inLanguage\":\"fr-CA\",\"potentialAction\":[{\"@type\":\"ReadAction\",\"target\":[\"https:\/\/tracpipe.com\/notifications\/\"]}]},{\"@type\":\"ImageObject\",\"inLanguage\":\"fr-CA\",\"@id\":\"https:\/\/tracpipe.com\/notifications\/#primaryimage\",\"url\":\"https:\/\/tracpipe.com\/wp-content\/uploads\/AutoFlare.jpg\",\"contentUrl\":\"https:\/\/tracpipe.com\/wp-content\/uploads\/AutoFlare.jpg\",\"width\":1920,\"height\":1280},{\"@type\":\"BreadcrumbList\",\"@id\":\"https:\/\/tracpipe.com\/notifications\/#breadcrumb\",\"itemListElement\":[{\"@type\":\"ListItem\",\"position\":1,\"name\":\"Home\",\"item\":\"https:\/\/tracpipe.com\/\"},{\"@type\":\"ListItem\",\"position\":2,\"name\":\"NOTIFICATIONS\"}]},{\"@type\":\"WebSite\",\"@id\":\"https:\/\/tracpipe.com\/#website\",\"url\":\"https:\/\/tracpipe.com\/\",\"name\":\"Tracpipe USA\",\"description\":\"\",\"potentialAction\":[{\"@type\":\"SearchAction\",\"target\":{\"@type\":\"EntryPoint\",\"urlTemplate\":\"https:\/\/tracpipe.com\/?s={search_term_string}\"},\"query-input\":{\"@type\":\"PropertyValueSpecification\",\"valueRequired\":true,\"valueName\":\"search_term_string\"}}],\"inLanguage\":\"fr-CA\"}]}<\/script>\n<!-- \/ Yoast SEO plugin. -->","yoast_head_json":{"title":"NOTIFICATIONS - Tracpipe USA","robots":{"index":"index","follow":"follow","max-snippet":"max-snippet:-1","max-image-preview":"max-image-preview:large","max-video-preview":"max-video-preview:-1"},"canonical":"https:\/\/tracpipe.com\/fr\/notifications\/","og_locale":"fr_CA","og_type":"article","og_title":"NOTIFICATIONS - Tracpipe USA","og_url":"https:\/\/tracpipe.com\/fr\/notifications\/","og_site_name":"Tracpipe USA","article_modified_time":"2024-02-28T16:24:48+00:00","og_image":[{"width":1920,"height":1280,"url":"https:\/\/tracpipe.com\/wp-content\/uploads\/AutoFlare.jpg","type":"image\/jpeg"}],"twitter_misc":{"Est. reading time":"1 minute"},"schema":{"@context":"https:\/\/schema.org","@graph":[{"@type":"WebPage","@id":"https:\/\/tracpipe.com\/notifications\/","url":"https:\/\/tracpipe.com\/notifications\/","name":"NOTIFICATIONS - Tracpipe USA","isPartOf":{"@id":"https:\/\/tracpipe.com\/#website"},"primaryImageOfPage":{"@id":"https:\/\/tracpipe.com\/notifications\/#primaryimage"},"image":{"@id":"https:\/\/tracpipe.com\/notifications\/#primaryimage"},"thumbnailUrl":"https:\/\/tracpipe.com\/wp-content\/uploads\/AutoFlare.jpg","datePublished":"2023-12-21T19:29:51+00:00","dateModified":"2024-02-28T16:24:48+00:00","breadcrumb":{"@id":"https:\/\/tracpipe.com\/notifications\/#breadcrumb"},"inLanguage":"fr-CA","potentialAction":[{"@type":"ReadAction","target":["https:\/\/tracpipe.com\/notifications\/"]}]},{"@type":"ImageObject","inLanguage":"fr-CA","@id":"https:\/\/tracpipe.com\/notifications\/#primaryimage","url":"https:\/\/tracpipe.com\/wp-content\/uploads\/AutoFlare.jpg","contentUrl":"https:\/\/tracpipe.com\/wp-content\/uploads\/AutoFlare.jpg","width":1920,"height":1280},{"@type":"BreadcrumbList","@id":"https:\/\/tracpipe.com\/notifications\/#breadcrumb","itemListElement":[{"@type":"ListItem","position":1,"name":"Home","item":"https:\/\/tracpipe.com\/"},{"@type":"ListItem","position":2,"name":"NOTIFICATIONS"}]},{"@type":"WebSite","@id":"https:\/\/tracpipe.com\/#website","url":"https:\/\/tracpipe.com\/","name":"Tracpipe USA","description":"","potentialAction":[{"@type":"SearchAction","target":{"@type":"EntryPoint","urlTemplate":"https:\/\/tracpipe.com\/?s={search_term_string}"},"query-input":{"@type":"PropertyValueSpecification","valueRequired":true,"valueName":"search_term_string"}}],"inLanguage":"fr-CA"}]}},"_links":{"self":[{"href":"https:\/\/tracpipe.com\/fr\/wp-json\/wp\/v2\/pages\/5413","targetHints":{"allow":["GET"]}}],"collection":[{"href":"https:\/\/tracpipe.com\/fr\/wp-json\/wp\/v2\/pages"}],"about":[{"href":"https:\/\/tracpipe.com\/fr\/wp-json\/wp\/v2\/types\/page"}],"author":[{"embeddable":true,"href":"https:\/\/tracpipe.com\/fr\/wp-json\/wp\/v2\/users\/1"}],"replies":[{"embeddable":true,"href":"https:\/\/tracpipe.com\/fr\/wp-json\/wp\/v2\/comments?post=5413"}],"version-history":[{"count":0,"href":"https:\/\/tracpipe.com\/fr\/wp-json\/wp\/v2\/pages\/5413\/revisions"}],"wp:featuredmedia":[{"embeddable":true,"href":"https:\/\/tracpipe.com\/fr\/wp-json\/wp\/v2\/media\/5381"}],"wp:attachment":[{"href":"https:\/\/tracpipe.com\/fr\/wp-json\/wp\/v2\/media?parent=5413"}],"curies":[{"name":"wp","href":"https:\/\/api.w.org\/{rel}","templated":true}]}}