{"id":4592,"date":"2018-07-16T10:26:44","date_gmt":"2018-07-16T14:26:44","guid":{"rendered":"https:\/\/tracpipe.com\/?page_id=4592"},"modified":"2025-11-10T14:57:47","modified_gmt":"2025-11-10T19:57:47","slug":"tracpipe-specifier","status":"publish","type":"page","link":"https:\/\/tracpipe.com\/fr\/technical\/tracpipe-specifier\/","title":{"rendered":"Tracpipe<sup>\u00ae<\/sup> Sp\u00e9cificateur 2"},"content":{"rendered":"<section id=\"\"  class=\"light\"> <div class=\"container\">  <div class=\"row\"><div class=\"col-md-12  text-default\" >\n\t<div class=\"wpb_raw_code wpb_raw_html wpb_content_element\" >\n\t\t<div class=\"wpb_wrapper\">\n\t\t\t<p>Concevoir et dimensionner rapidement et facilement des syst\u00e8mes \u00e0 l'aide de TracPipe<sup>\u00ae<\/sup> la tuyauterie de gaz flexible avec le TracPipe<sup>\u00ae<\/sup> Sp\u00e9cificateur 2. Ce programme gratuit et t\u00e9l\u00e9chargeable vous permet de cr\u00e9er des syst\u00e8mes personnalis\u00e9s pour les sauvegarder ult\u00e9rieurement, les imprimer sous forme de diagrammes ou g\u00e9n\u00e9rer une nomenclature.<\/p>\n\n<p>Pour en savoir plus sur le TracPipe<sup>\u00ae<\/sup> Specifier 2, ou pour acc\u00e9der aux instructions d'utilisation \u00e9tape par \u00e9tape, <a target=\"_blank\" href=\"https:\/\/tracpipe.com\/fr\/download\/4598\/\" onclick=\"gtag('event', 'Download', {'event_category': 'Specifier','event_label': 'User Manual Download'});\">t\u00e9l\u00e9charger le manuel du prescripteur<\/a>.<\/p>\n\t\t<\/div>\n\t<\/div>\n\n\t<div class=\"wpb_text_column wpb_content_element\" >\n\t\t<div class=\"wpb_wrapper\">\n\t\t\t<p>Pour de meilleurs r\u00e9sultats, t\u00e9l\u00e9chargez dans FireFox (PC) ou Safari (MAC).<\/p>\n\n\t\t<\/div>\n\t<\/div>\n<div class=\"vc_btn3-container vc_btn3-inline vc_custom_1762804656725 vc_do_btn\" ><a class=\"vc_general vc_btn3 vc_btn3-size-md vc_btn3-shape-rounded vc_btn3-style-modern vc_btn3-icon-left vc_btn3-color-blue\" href=\"https:\/\/drive.google.com\/file\/d\/1sELxX5eBCrMrt9pvchz0Dpca3OJSIx7N\/view?usp=sharing\" title=\"\" onclick=\"gtag(&#039;event&#039;, &#039;Download&#039;, {&#039;event_category&#039;: &#039;Specifier&#039;,&#039;event_label&#039;: &#039;Windows Download&#039;});\"><i class=\"vc_btn3-icon fa fa-brands fa-windows\"><\/i> T\u00e9l\u00e9charger le programme TracPipe\u00ae Specifier 2 Rev 03\/2025 pour Windows maintenant<\/a><\/div><div class=\"vc_btn3-container vc_btn3-inline vc_custom_1762804666309 vc_do_btn\" ><a class=\"vc_general vc_btn3 vc_btn3-size-md vc_btn3-shape-rounded vc_btn3-style-modern vc_btn3-icon-left vc_btn3-color-blue\" href=\"https:\/\/drive.google.com\/file\/d\/1I_XHudsYfatUF6AfmypMRlqpG47Q3d79\/view?usp=sharing\" title=\"\" onclick=\"gtag(&#039;event&#039;, &#039;Download&#039;, {&#039;event_category&#039;: &#039;Specifier&#039;,&#039;event_label&#039;: &#039;Mac Download&#039;});\"><i class=\"vc_btn3-icon fa fa-brands fa-apple\"><\/i> T\u00e9l\u00e9charger le programme TracPipe\u00ae Specifier 2 Rev 03\/2025 pour Apple-Mac maintenant<\/a><\/div>\n\t<div class=\"wpb_text_column wpb_content_element\" >\n\t\t<div class=\"wpb_wrapper\">\n\t\t\t\n\t\t<\/div>\n\t<\/div>\n\n\t<div class=\"wpb_raw_code wpb_raw_html wpb_content_element\" >\n\t\t<div class=\"wpb_wrapper\">\n\t\t\t<p style=\"display: none;\" data-pm-slice=\"1 1 []\"><a href=\"https:\/\/tracpipe.com\/fr\/download\/4598\/\" target=\"_blank\" rel=\"noopener\" onclick=\"gtag('event', 'Download', {'event_category': 'Specifier','event_label': 'User Manual Download link2'});\">&gt; T\u00e9l\u00e9charger le manuel d'utilisation de TracPipe\u00ae Specifier 2 pour Windows\/Mac maintenant<\/a><\/p>\n\t\t<\/div>\n\t<\/div>\n<\/div>  <\/div>  <\/div><\/section>","protected":false},"excerpt":{"rendered":"Quickly and easily design and size systems using TracPipe\u00ae flexible gas piping with the TracPipe\u00ae Specifier 2. This free, downloadable program allows you to create custom systems to save for later, print as diagrams, or generate a bill of materials. To learn more about the TracPipe\u00ae Specifier 2 application, or to access step-by-step instructions for [...]","protected":false},"author":1,"featured_media":5381,"parent":1966,"menu_order":0,"comment_status":"closed","ping_status":"open","template":"","meta":{"footnotes":""},"class_list":["post-4592","page","type-page","status-publish","has-post-thumbnail","hentry"],"yoast_head":"<!-- This site is optimized with the Yoast SEO plugin v27.0 - https:\/\/yoast.com\/product\/yoast-seo-wordpress\/ -->\n<title>CSST Installation Instructions | TracPipe\u00ae Specifier - TracPipe\u00ae Canada<\/title>\n<meta name=\"description\" content=\"Quickly and easily design and size systems using TracPipe\u00ae flexible gas piping with the TracPipe\u00ae Specifier application.\" \/>\n<meta name=\"robots\" content=\"index, follow, max-snippet:-1, max-image-preview:large, max-video-preview:-1\" \/>\n<link rel=\"canonical\" href=\"https:\/\/tracpipe.com\/fr\/technical\/tracpipe-specifier\/\" \/>\n<meta property=\"og:locale\" content=\"fr_CA\" \/>\n<meta property=\"og:type\" content=\"article\" \/>\n<meta property=\"og:title\" content=\"CSST Installation Instructions | TracPipe\u00ae Specifier - TracPipe\u00ae Canada\" \/>\n<meta property=\"og:description\" content=\"Quickly and easily design and size systems using TracPipe\u00ae flexible gas piping with the TracPipe\u00ae Specifier application.\" \/>\n<meta property=\"og:url\" content=\"https:\/\/tracpipe.com\/fr\/technical\/tracpipe-specifier\/\" \/>\n<meta property=\"og:site_name\" content=\"Tracpipe USA\" \/>\n<meta property=\"article:modified_time\" content=\"2025-11-10T19:57:47+00:00\" \/>\n<meta property=\"og:image\" content=\"https:\/\/tracpipe.com\/wp-content\/uploads\/AutoFlare.jpg\" \/>\n\t<meta property=\"og:image:width\" content=\"1920\" \/>\n\t<meta property=\"og:image:height\" content=\"1280\" \/>\n\t<meta property=\"og:image:type\" content=\"image\/jpeg\" \/>\n<meta name=\"twitter:label1\" content=\"Est. reading time\" \/>\n\t<meta name=\"twitter:data1\" content=\"1 minute\" \/>\n<script type=\"application\/ld+json\" class=\"yoast-schema-graph\">{\"@context\":\"https:\/\/schema.org\",\"@graph\":[{\"@type\":\"WebPage\",\"@id\":\"https:\/\/tracpipe.com\/technical\/tracpipe-specifier\/\",\"url\":\"https:\/\/tracpipe.com\/technical\/tracpipe-specifier\/\",\"name\":\"CSST Installation Instructions | TracPipe\u00ae Specifier - TracPipe\u00ae Canada\",\"isPartOf\":{\"@id\":\"https:\/\/tracpipe.com\/#website\"},\"primaryImageOfPage\":{\"@id\":\"https:\/\/tracpipe.com\/technical\/tracpipe-specifier\/#primaryimage\"},\"image\":{\"@id\":\"https:\/\/tracpipe.com\/technical\/tracpipe-specifier\/#primaryimage\"},\"thumbnailUrl\":\"https:\/\/tracpipe.com\/wp-content\/uploads\/AutoFlare.jpg\",\"datePublished\":\"2018-07-16T14:26:44+00:00\",\"dateModified\":\"2025-11-10T19:57:47+00:00\",\"description\":\"Quickly and easily design and size systems using TracPipe\u00ae flexible gas piping with the TracPipe\u00ae Specifier application.\",\"breadcrumb\":{\"@id\":\"https:\/\/tracpipe.com\/technical\/tracpipe-specifier\/#breadcrumb\"},\"inLanguage\":\"fr-CA\",\"potentialAction\":[{\"@type\":\"ReadAction\",\"target\":[\"https:\/\/tracpipe.com\/technical\/tracpipe-specifier\/\"]}]},{\"@type\":\"ImageObject\",\"inLanguage\":\"fr-CA\",\"@id\":\"https:\/\/tracpipe.com\/technical\/tracpipe-specifier\/#primaryimage\",\"url\":\"https:\/\/tracpipe.com\/wp-content\/uploads\/AutoFlare.jpg\",\"contentUrl\":\"https:\/\/tracpipe.com\/wp-content\/uploads\/AutoFlare.jpg\",\"width\":1920,\"height\":1280},{\"@type\":\"BreadcrumbList\",\"@id\":\"https:\/\/tracpipe.com\/technical\/tracpipe-specifier\/#breadcrumb\",\"itemListElement\":[{\"@type\":\"ListItem\",\"position\":1,\"name\":\"Home\",\"item\":\"https:\/\/tracpipe.com\/\"},{\"@type\":\"ListItem\",\"position\":2,\"name\":\"Technical Information\",\"item\":\"https:\/\/tracpipe.com\/technical\/\"},{\"@type\":\"ListItem\",\"position\":3,\"name\":\"Tracpipe&reg; Specifier 2\"}]},{\"@type\":\"WebSite\",\"@id\":\"https:\/\/tracpipe.com\/#website\",\"url\":\"https:\/\/tracpipe.com\/\",\"name\":\"Tracpipe USA\",\"description\":\"\",\"potentialAction\":[{\"@type\":\"SearchAction\",\"target\":{\"@type\":\"EntryPoint\",\"urlTemplate\":\"https:\/\/tracpipe.com\/?s={search_term_string}\"},\"query-input\":{\"@type\":\"PropertyValueSpecification\",\"valueRequired\":true,\"valueName\":\"search_term_string\"}}],\"inLanguage\":\"fr-CA\"}]}<\/script>\n<!-- \/ Yoast SEO plugin. -->","yoast_head_json":{"title":"Instructions d'installation CSST | TracPipe\u00ae Specifier - TracPipe\u00ae Canada","description":"Concevoir et dimensionner rapidement et facilement des syst\u00e8mes utilisant des conduites de gaz flexibles TracPipe\u00ae gr\u00e2ce \u00e0 l'application TracPipe\u00ae Specifier.","robots":{"index":"index","follow":"follow","max-snippet":"max-snippet:-1","max-image-preview":"max-image-preview:large","max-video-preview":"max-video-preview:-1"},"canonical":"https:\/\/tracpipe.com\/fr\/technical\/tracpipe-specifier\/","og_locale":"fr_CA","og_type":"article","og_title":"CSST Installation Instructions | TracPipe\u00ae Specifier - TracPipe\u00ae Canada","og_description":"Quickly and easily design and size systems using TracPipe\u00ae flexible gas piping with the TracPipe\u00ae Specifier application.","og_url":"https:\/\/tracpipe.com\/fr\/technical\/tracpipe-specifier\/","og_site_name":"Tracpipe USA","article_modified_time":"2025-11-10T19:57:47+00:00","og_image":[{"width":1920,"height":1280,"url":"https:\/\/tracpipe.com\/wp-content\/uploads\/AutoFlare.jpg","type":"image\/jpeg"}],"twitter_misc":{"Est. reading time":"1 minute"},"schema":{"@context":"https:\/\/schema.org","@graph":[{"@type":"WebPage","@id":"https:\/\/tracpipe.com\/technical\/tracpipe-specifier\/","url":"https:\/\/tracpipe.com\/technical\/tracpipe-specifier\/","name":"Instructions d'installation CSST | TracPipe\u00ae Specifier - TracPipe\u00ae Canada","isPartOf":{"@id":"https:\/\/tracpipe.com\/#website"},"primaryImageOfPage":{"@id":"https:\/\/tracpipe.com\/technical\/tracpipe-specifier\/#primaryimage"},"image":{"@id":"https:\/\/tracpipe.com\/technical\/tracpipe-specifier\/#primaryimage"},"thumbnailUrl":"https:\/\/tracpipe.com\/wp-content\/uploads\/AutoFlare.jpg","datePublished":"2018-07-16T14:26:44+00:00","dateModified":"2025-11-10T19:57:47+00:00","description":"Concevoir et dimensionner rapidement et facilement des syst\u00e8mes utilisant des conduites de gaz flexibles TracPipe\u00ae gr\u00e2ce \u00e0 l'application TracPipe\u00ae Specifier.","breadcrumb":{"@id":"https:\/\/tracpipe.com\/technical\/tracpipe-specifier\/#breadcrumb"},"inLanguage":"fr-CA","potentialAction":[{"@type":"ReadAction","target":["https:\/\/tracpipe.com\/technical\/tracpipe-specifier\/"]}]},{"@type":"ImageObject","inLanguage":"fr-CA","@id":"https:\/\/tracpipe.com\/technical\/tracpipe-specifier\/#primaryimage","url":"https:\/\/tracpipe.com\/wp-content\/uploads\/AutoFlare.jpg","contentUrl":"https:\/\/tracpipe.com\/wp-content\/uploads\/AutoFlare.jpg","width":1920,"height":1280},{"@type":"BreadcrumbList","@id":"https:\/\/tracpipe.com\/technical\/tracpipe-specifier\/#breadcrumb","itemListElement":[{"@type":"ListItem","position":1,"name":"Home","item":"https:\/\/tracpipe.com\/"},{"@type":"ListItem","position":2,"name":"Technical Information","item":"https:\/\/tracpipe.com\/technical\/"},{"@type":"ListItem","position":3,"name":"Tracpipe&reg; Specifier 2"}]},{"@type":"WebSite","@id":"https:\/\/tracpipe.com\/#website","url":"https:\/\/tracpipe.com\/","name":"Tracpipe USA","description":"","potentialAction":[{"@type":"SearchAction","target":{"@type":"EntryPoint","urlTemplate":"https:\/\/tracpipe.com\/?s={search_term_string}"},"query-input":{"@type":"PropertyValueSpecification","valueRequired":true,"valueName":"search_term_string"}}],"inLanguage":"fr-CA"}]}},"_links":{"self":[{"href":"https:\/\/tracpipe.com\/fr\/wp-json\/wp\/v2\/pages\/4592","targetHints":{"allow":["GET"]}}],"collection":[{"href":"https:\/\/tracpipe.com\/fr\/wp-json\/wp\/v2\/pages"}],"about":[{"href":"https:\/\/tracpipe.com\/fr\/wp-json\/wp\/v2\/types\/page"}],"author":[{"embeddable":true,"href":"https:\/\/tracpipe.com\/fr\/wp-json\/wp\/v2\/users\/1"}],"replies":[{"embeddable":true,"href":"https:\/\/tracpipe.com\/fr\/wp-json\/wp\/v2\/comments?post=4592"}],"version-history":[{"count":0,"href":"https:\/\/tracpipe.com\/fr\/wp-json\/wp\/v2\/pages\/4592\/revisions"}],"up":[{"embeddable":true,"href":"https:\/\/tracpipe.com\/fr\/wp-json\/wp\/v2\/pages\/1966"}],"wp:featuredmedia":[{"embeddable":true,"href":"https:\/\/tracpipe.com\/fr\/wp-json\/wp\/v2\/media\/5381"}],"wp:attachment":[{"href":"https:\/\/tracpipe.com\/fr\/wp-json\/wp\/v2\/media?parent=4592"}],"curies":[{"name":"wp","href":"https:\/\/api.w.org\/{rel}","templated":true}]}}