{"id":4535,"date":"2020-08-26T16:34:53","date_gmt":"2020-08-26T20:34:53","guid":{"rendered":"https:\/\/tracpipe.local\/?page_id=4535"},"modified":"2024-02-28T11:24:33","modified_gmt":"2024-02-28T16:24:33","slug":"tracpipeliteraturekit","status":"publish","type":"page","link":"https:\/\/tracpipe.com\/fr\/tracpipeliteraturekit\/","title":{"rendered":"Litt\u00e9rature sur les produits"},"content":{"rendered":"<section id=\"\"  class=\"light\"> <div class=\"container\">  <div class=\"row\"><div class=\"col-md-12  text-default\" >\n\t<div class=\"wpb_text_column wpb_content_element\" >\n\t\t<div class=\"wpb_wrapper\">\n\t\t\t<p><a href=\"https:\/\/tracpipe.com\/wp-content\/uploads\/FGP-752-Rev-0821.pdf\" target=\"_blank\" rel=\"noopener noreferrer\">Brochure TracPipe\u00ae CounterStrike\u00ae (4 pages)<\/a><br \/>\nFGP-752, R\u00e9v. 08\/21<br \/>\nInformation sur la tuyauterie flexible CounterStrike\u00ae CSST d'Omega Flex\u00ae.<\/p>\n<hr \/>\n<p><a href=\"https:\/\/tracpipe.com\/wp-content\/uploads\/FGP-677-AutoSnap.pdf\" target=\"_blank\" rel=\"noopener noreferrer\">Nouveaux raccords en T AutoSnap<\/a><br \/>\nFGP-677 Rev. 01\/17<\/p>\n<hr \/>\n<p><a href=\"https:\/\/tracpipe.com\/wp-content\/uploads\/FGP-684-FastFax.pdf\" target=\"_blank\" rel=\"noopener noreferrer\">Raccords en T AutoSnap Fast FAX<\/a><br \/>\nFGP-684 Rev. 01\/17<\/p>\n<hr \/>\n<p><a href=\"https:\/\/tracpipe.com\/wp-content\/uploads\/FGP-745-Rev-0222.pdf\" target=\"_blank\" rel=\"noopener noreferrer\">Brochure du produit TracPipe\u00ae CounterStrike\u00ae (en anglais)<\/a><br \/>\nFGP-745 Rev. 02\/22<\/p>\n<p>Catalogue des produits - Syst\u00e8mes de tuyauteries flexibles pour le gaz \u00e0 usage commercial, industriel et r\u00e9sidentiel<\/p>\n<hr \/>\n<p><a href=\"https:\/\/tracpipe.com\/wp-content\/uploads\/FGP-611G-TPCS-Whitepaper-FINAL11-11-002.pdf\" target=\"_blank\" rel=\"noopener noreferrer\">TracPipe CounterStrike Whitepaper<\/a><br \/>\nFGP-611G Rev. 05\/2015<\/p>\n<p>Le meilleur s'am\u00e9liore... TracPipe CounterStrike<\/p>\n<hr \/>\n<p><a href=\"https:\/\/tracpipe.com\/fr\/autosnap-fittings\/\">Raccords AutoSnap<\/a><br \/>\nFGP-735 Rev. 07\/14<br \/>\nL\u00e0 o\u00f9 les connexions rapides comme l'\u00e9clair rencontrent les conduites de gaz r\u00e9sistantes \u00e0 la foudre !<\/p>\n<hr \/>\n<p><a href=\"https:\/\/tracpipe.com\/fr\/download-8-page-brochure\/\">Brochure sur les recommandations en mati\u00e8re de s\u00e9curit\u00e9 contre la foudre<\/a><br \/>\nFGP-124 Rev. 7\/09<br \/>\nRecommandations en mati\u00e8re de s\u00e9curit\u00e9 contre la foudre pour les syst\u00e8mes de canalisations de gaz utilisant CounterStrike et TracPipe<\/p>\n<hr \/>\n<p><a href=\"https:\/\/tracpipe.com\/wp-content\/uploads\/Omegaflex_FGP-549_Rev10-2011-1.pdf\" target=\"_blank\" rel=\"noopener noreferrer\">TracPipe\u00ae CounterStrike\u00ae : Produits et accessoires<\/a><br \/>\nFGP-549, R\u00e9v. 10\/11<br \/>\nUn catalogue d'accessoires CSST pour compl\u00e9ter les tubes TracPipe\u00ae CounterStrike\u00ae et les raccords AutoFlare\u00ae.<\/p>\n<hr \/>\n<p><a href=\"https:\/\/tracpipe.com\/fr\/commercial-sized-tees\/\" target=\"_blank\" rel=\"noopener noreferrer\">Tees de taille commerciale<\/a><br \/>\nFGP-530, Rev. 10\/11<\/p>\n<hr \/>\n<p><a href=\"https:\/\/tracpipe.com\/wp-content\/uploads\/OmegaFlex_FGP_020.pdf\">TracPipe\u00ae CounterStrike\u00ae : Gagner du temps, gagner de l'argent<\/a><br \/>\nFGP-020, Rev. 5\/16<br \/>\nTracPipe\u00ae CounterStrike\u00ae est rentable, s\u00fbr et totalement fiable.<\/p>\n<hr \/>\n<p><a href=\"https:\/\/tracpipe.com\/wp-content\/uploads\/OmegaFlex_FGP-520.pdf\" target=\"_blank\" rel=\"noopener noreferrer\">Valves de d\u00e9bit excessif \"s\u00e9rie AFD\" d'AutoTrip Appliance<\/a><br \/>\nFGP-520, Rev. 01\/13<br \/>\nPour les applications de connecteurs d'appareils flexibles<\/p>\n<hr \/>\n<p><a href=\"https:\/\/tracpipe.com\/wp-content\/uploads\/OmegaFlex_FGP-521.pdf\" target=\"_blank\" rel=\"noopener noreferrer\">AutoTrip Meter \"LFD Series\" Vannes de d\u00e9bit exc\u00e9dentaire<\/a><br \/>\nFGP-521, Rev. 01\/13<br \/>\nProtection \u00e0 faible co\u00fbt de votre maison et de votre famille<\/p>\n<hr \/>\n<p><a href=\"https:\/\/tracpipe.com\/wp-content\/uploads\/OmegaFlex_FGP-099.pdf\" target=\"_blank\" rel=\"noopener noreferrer\">Brochure TracPipe\u00ae CounterStrike\u00ae PS-II<\/a><br \/>\nFGP-099, Rev. 9\/12<br \/>\nLE SYST\u00c8ME SOUTERRAIN Tuyauterie flexible de gaz \u00e0 gaine de poly\u00e9thyl\u00e8ne par OmegaFlex<\/p>\n<hr \/>\n<p><a href=\"https:\/\/tracpipe.com\/fr\/facts-csst-flexible-gas-piping\/\">Les faits sur la tuyauterie flexible de gaz CSST<\/a><br \/>\nFGP-598, Rev. 05\/15<br \/>\nLa seule tuyauterie de gaz qui r\u00e9siste aux forces de la nature : Les tremblements de terre et l'\u00e9clairage<\/p>\n\n\t\t<\/div>\n\t<\/div>\n<\/div>  <\/div>  <\/div><\/section>","protected":false},"excerpt":{"rendered":"TracPipe\u00ae CounterStrike\u00ae Brochure (4-page) FGP-752, Rev. 08\/21 Information on CounterStrike\u00ae CSST flexible gas piping from Omega Flex\u00ae. New AutoSnap Tee Fittings FGP-677 Rev. 01\/17 AutoSnap Tee fittings Fast FAX FGP-684 Rev. 01\/17 TracPipe\u00ae CounterStrike\u00ae Product Brochure FGP-745 Rev. 02\/22 Product Catalog \u2013 Flexible Gas Piping Systems for Commercial, Industrial and Residential TracPipe CounterStrike Whitepaper FGP-611G [...]","protected":false},"author":5,"featured_media":5381,"parent":0,"menu_order":0,"comment_status":"closed","ping_status":"open","template":"","meta":{"footnotes":""},"class_list":["post-4535","page","type-page","status-publish","has-post-thumbnail","hentry"],"yoast_head":"<!-- This site is optimized with the Yoast SEO plugin v27.0 - https:\/\/yoast.com\/product\/yoast-seo-wordpress\/ -->\n<title>Product Literature - Tracpipe USA<\/title>\n<meta name=\"robots\" content=\"index, follow, max-snippet:-1, max-image-preview:large, max-video-preview:-1\" \/>\n<link rel=\"canonical\" href=\"https:\/\/tracpipe.com\/fr\/tracpipeliteraturekit\/\" \/>\n<meta property=\"og:locale\" content=\"fr_CA\" \/>\n<meta property=\"og:type\" content=\"article\" \/>\n<meta property=\"og:title\" content=\"Product Literature - Tracpipe USA\" \/>\n<meta property=\"og:url\" content=\"https:\/\/tracpipe.com\/fr\/tracpipeliteraturekit\/\" \/>\n<meta property=\"og:site_name\" content=\"Tracpipe USA\" \/>\n<meta property=\"article:modified_time\" content=\"2024-02-28T16:24:33+00:00\" \/>\n<meta property=\"og:image\" content=\"https:\/\/tracpipe.com\/wp-content\/uploads\/AutoFlare.jpg\" \/>\n\t<meta property=\"og:image:width\" content=\"1920\" \/>\n\t<meta property=\"og:image:height\" content=\"1280\" \/>\n\t<meta property=\"og:image:type\" content=\"image\/jpeg\" \/>\n<meta name=\"twitter:label1\" content=\"Est. reading time\" \/>\n\t<meta name=\"twitter:data1\" content=\"2 minutes\" \/>\n<script type=\"application\/ld+json\" class=\"yoast-schema-graph\">{\"@context\":\"https:\/\/schema.org\",\"@graph\":[{\"@type\":\"WebPage\",\"@id\":\"https:\/\/tracpipe.com\/tracpipeliteraturekit\/\",\"url\":\"https:\/\/tracpipe.com\/tracpipeliteraturekit\/\",\"name\":\"Product Literature - Tracpipe USA\",\"isPartOf\":{\"@id\":\"https:\/\/tracpipe.com\/#website\"},\"primaryImageOfPage\":{\"@id\":\"https:\/\/tracpipe.com\/tracpipeliteraturekit\/#primaryimage\"},\"image\":{\"@id\":\"https:\/\/tracpipe.com\/tracpipeliteraturekit\/#primaryimage\"},\"thumbnailUrl\":\"https:\/\/tracpipe.com\/wp-content\/uploads\/AutoFlare.jpg\",\"datePublished\":\"2020-08-26T20:34:53+00:00\",\"dateModified\":\"2024-02-28T16:24:33+00:00\",\"breadcrumb\":{\"@id\":\"https:\/\/tracpipe.com\/tracpipeliteraturekit\/#breadcrumb\"},\"inLanguage\":\"fr-CA\",\"potentialAction\":[{\"@type\":\"ReadAction\",\"target\":[\"https:\/\/tracpipe.com\/tracpipeliteraturekit\/\"]}]},{\"@type\":\"ImageObject\",\"inLanguage\":\"fr-CA\",\"@id\":\"https:\/\/tracpipe.com\/tracpipeliteraturekit\/#primaryimage\",\"url\":\"https:\/\/tracpipe.com\/wp-content\/uploads\/AutoFlare.jpg\",\"contentUrl\":\"https:\/\/tracpipe.com\/wp-content\/uploads\/AutoFlare.jpg\",\"width\":1920,\"height\":1280},{\"@type\":\"BreadcrumbList\",\"@id\":\"https:\/\/tracpipe.com\/tracpipeliteraturekit\/#breadcrumb\",\"itemListElement\":[{\"@type\":\"ListItem\",\"position\":1,\"name\":\"Home\",\"item\":\"https:\/\/tracpipe.com\/\"},{\"@type\":\"ListItem\",\"position\":2,\"name\":\"Product Literature\"}]},{\"@type\":\"WebSite\",\"@id\":\"https:\/\/tracpipe.com\/#website\",\"url\":\"https:\/\/tracpipe.com\/\",\"name\":\"Tracpipe USA\",\"description\":\"\",\"potentialAction\":[{\"@type\":\"SearchAction\",\"target\":{\"@type\":\"EntryPoint\",\"urlTemplate\":\"https:\/\/tracpipe.com\/?s={search_term_string}\"},\"query-input\":{\"@type\":\"PropertyValueSpecification\",\"valueRequired\":true,\"valueName\":\"search_term_string\"}}],\"inLanguage\":\"fr-CA\"}]}<\/script>\n<!-- \/ Yoast SEO plugin. -->","yoast_head_json":{"title":"Litt\u00e9rature sur les produits - Tracpipe USA","robots":{"index":"index","follow":"follow","max-snippet":"max-snippet:-1","max-image-preview":"max-image-preview:large","max-video-preview":"max-video-preview:-1"},"canonical":"https:\/\/tracpipe.com\/fr\/tracpipeliteraturekit\/","og_locale":"fr_CA","og_type":"article","og_title":"Product Literature - Tracpipe USA","og_url":"https:\/\/tracpipe.com\/fr\/tracpipeliteraturekit\/","og_site_name":"Tracpipe USA","article_modified_time":"2024-02-28T16:24:33+00:00","og_image":[{"width":1920,"height":1280,"url":"https:\/\/tracpipe.com\/wp-content\/uploads\/AutoFlare.jpg","type":"image\/jpeg"}],"twitter_misc":{"Est. reading time":"2 minutes"},"schema":{"@context":"https:\/\/schema.org","@graph":[{"@type":"WebPage","@id":"https:\/\/tracpipe.com\/tracpipeliteraturekit\/","url":"https:\/\/tracpipe.com\/tracpipeliteraturekit\/","name":"Litt\u00e9rature sur les produits - Tracpipe USA","isPartOf":{"@id":"https:\/\/tracpipe.com\/#website"},"primaryImageOfPage":{"@id":"https:\/\/tracpipe.com\/tracpipeliteraturekit\/#primaryimage"},"image":{"@id":"https:\/\/tracpipe.com\/tracpipeliteraturekit\/#primaryimage"},"thumbnailUrl":"https:\/\/tracpipe.com\/wp-content\/uploads\/AutoFlare.jpg","datePublished":"2020-08-26T20:34:53+00:00","dateModified":"2024-02-28T16:24:33+00:00","breadcrumb":{"@id":"https:\/\/tracpipe.com\/tracpipeliteraturekit\/#breadcrumb"},"inLanguage":"fr-CA","potentialAction":[{"@type":"ReadAction","target":["https:\/\/tracpipe.com\/tracpipeliteraturekit\/"]}]},{"@type":"ImageObject","inLanguage":"fr-CA","@id":"https:\/\/tracpipe.com\/tracpipeliteraturekit\/#primaryimage","url":"https:\/\/tracpipe.com\/wp-content\/uploads\/AutoFlare.jpg","contentUrl":"https:\/\/tracpipe.com\/wp-content\/uploads\/AutoFlare.jpg","width":1920,"height":1280},{"@type":"BreadcrumbList","@id":"https:\/\/tracpipe.com\/tracpipeliteraturekit\/#breadcrumb","itemListElement":[{"@type":"ListItem","position":1,"name":"Home","item":"https:\/\/tracpipe.com\/"},{"@type":"ListItem","position":2,"name":"Product Literature"}]},{"@type":"WebSite","@id":"https:\/\/tracpipe.com\/#website","url":"https:\/\/tracpipe.com\/","name":"Tracpipe USA","description":"","potentialAction":[{"@type":"SearchAction","target":{"@type":"EntryPoint","urlTemplate":"https:\/\/tracpipe.com\/?s={search_term_string}"},"query-input":{"@type":"PropertyValueSpecification","valueRequired":true,"valueName":"search_term_string"}}],"inLanguage":"fr-CA"}]}},"_links":{"self":[{"href":"https:\/\/tracpipe.com\/fr\/wp-json\/wp\/v2\/pages\/4535","targetHints":{"allow":["GET"]}}],"collection":[{"href":"https:\/\/tracpipe.com\/fr\/wp-json\/wp\/v2\/pages"}],"about":[{"href":"https:\/\/tracpipe.com\/fr\/wp-json\/wp\/v2\/types\/page"}],"author":[{"embeddable":true,"href":"https:\/\/tracpipe.com\/fr\/wp-json\/wp\/v2\/users\/5"}],"replies":[{"embeddable":true,"href":"https:\/\/tracpipe.com\/fr\/wp-json\/wp\/v2\/comments?post=4535"}],"version-history":[{"count":0,"href":"https:\/\/tracpipe.com\/fr\/wp-json\/wp\/v2\/pages\/4535\/revisions"}],"wp:featuredmedia":[{"embeddable":true,"href":"https:\/\/tracpipe.com\/fr\/wp-json\/wp\/v2\/media\/5381"}],"wp:attachment":[{"href":"https:\/\/tracpipe.com\/fr\/wp-json\/wp\/v2\/media?parent=4535"}],"curies":[{"name":"wp","href":"https:\/\/api.w.org\/{rel}","templated":true}]}}