{"id":3538,"date":"2016-11-28T08:15:27","date_gmt":"2016-11-28T13:15:27","guid":{"rendered":"https:\/\/tracpipe.com\/?page_id=3538"},"modified":"2024-02-28T11:25:51","modified_gmt":"2024-02-28T16:25:51","slug":"news-alerts","status":"publish","type":"page","link":"https:\/\/tracpipe.com\/fr\/news-alerts\/","title":{"rendered":"Nouvelles et alertes"},"content":{"rendered":"<section id=\"\"  class=\"light\"> <div class=\"container\">  <div class=\"row\"><div class=\"col-md-12  text-default\" >\n\t<div class=\"wpb_text_column wpb_content_element\" >\n\t\t<div class=\"wpb_wrapper\">\n\t\t\t<p>Restez au courant des derni\u00e8res nouvelles et alertes de TracPipe\u00ae CounterStrike\u00ae.<\/p>\n\n\t\t<\/div>\n\t<\/div>\n   <div class=\"row\"><div class=\"col-md-6  text-default\"><div class=\"vc_btn3-container vc_btn3-inline vc_custom_1513030378098 vc_do_btn\" ><a class=\"vc_general vc_btn3 vc_btn3-size-md vc_btn3-shape-rounded vc_btn3-style-modern vc_btn3-icon-left vc_btn3-color-blue\" href=\"https:\/\/tracpipe.com\/fr\/news-alerts\/news-press-releases\/\" title=\"\"><i class=\"vc_btn3-icon fa fa-angle-double-right\"><\/i> NOUVELLES DE L'ENTREPRISE ET COMMUNIQU\u00c9S DE PRESSE<\/a><\/div><\/div><div class=\"col-md-6  text-default\"><div class=\"vc_btn3-container vc_btn3-inline vc_custom_1513030392791 vc_do_btn\" ><a class=\"vc_general vc_btn3 vc_btn3-size-md vc_btn3-shape-rounded vc_btn3-style-modern vc_btn3-icon-left vc_btn3-color-blue\" href=\"https:\/\/tracpipe.com\/fr\/news-alerts\/notifications\/\" title=\"\"><i class=\"vc_btn3-icon fa fa-angle-double-right\"><\/i> NOTIFICATIONS DE L'ENTREPRISE<\/a><\/div><\/div>    <\/div><\/div>  <\/div>  <\/div><\/section>","protected":false},"excerpt":{"rendered":"Restez au courant des derni\u00e8res nouvelles et alertes de TracPipe\u00ae CounterStrike\u00ae. ACTUALIT\u00c9S DE L'ENTREPRISE ET COMMUNIQU\u00c9S DE PRESSE NOTIFICATIONS DE L'ENTREPRISE","protected":false},"author":1,"featured_media":5381,"parent":0,"menu_order":0,"comment_status":"closed","ping_status":"open","template":"templates\/news-notification.php","meta":{"footnotes":""},"class_list":["post-3538","page","type-page","status-publish","has-post-thumbnail","hentry"],"yoast_head":"<!-- This site is optimized with the Yoast SEO plugin v27.0 - https:\/\/yoast.com\/product\/yoast-seo-wordpress\/ -->\n<title>Gas Piping Product Literature | Flexible Gas Line - TracPipe\u00ae Canada<\/title>\n<meta name=\"description\" content=\"Product literature &amp; brochures on our entire line of TracPipe\u00ae CounterStrike\u00ae products, AutoSnap\u00ae fittings, lightning safety, excess flow valves &amp; more.\" \/>\n<meta name=\"robots\" content=\"index, follow, max-snippet:-1, max-image-preview:large, max-video-preview:-1\" \/>\n<link rel=\"canonical\" href=\"https:\/\/tracpipe.com\/fr\/news-alerts\/\" \/>\n<meta property=\"og:locale\" content=\"fr_CA\" \/>\n<meta property=\"og:type\" content=\"article\" \/>\n<meta property=\"og:title\" content=\"Gas Piping Product Literature | Flexible Gas Line - TracPipe\u00ae Canada\" \/>\n<meta property=\"og:description\" content=\"Product literature &amp; brochures on our entire line of TracPipe\u00ae CounterStrike\u00ae products, AutoSnap\u00ae fittings, lightning safety, excess flow valves &amp; more.\" \/>\n<meta property=\"og:url\" content=\"https:\/\/tracpipe.com\/fr\/news-alerts\/\" \/>\n<meta property=\"og:site_name\" content=\"Tracpipe USA\" \/>\n<meta property=\"article:modified_time\" content=\"2024-02-28T16:25:51+00:00\" \/>\n<meta property=\"og:image\" content=\"https:\/\/tracpipe.com\/wp-content\/uploads\/AutoFlare.jpg\" \/>\n\t<meta property=\"og:image:width\" content=\"1920\" \/>\n\t<meta property=\"og:image:height\" content=\"1280\" \/>\n\t<meta property=\"og:image:type\" content=\"image\/jpeg\" \/>\n<meta name=\"twitter:label1\" content=\"Est. reading time\" \/>\n\t<meta name=\"twitter:data1\" content=\"1 minute\" \/>\n<script type=\"application\/ld+json\" class=\"yoast-schema-graph\">{\"@context\":\"https:\/\/schema.org\",\"@graph\":[{\"@type\":\"WebPage\",\"@id\":\"https:\/\/tracpipe.com\/news-alerts\/\",\"url\":\"https:\/\/tracpipe.com\/news-alerts\/\",\"name\":\"Gas Piping Product Literature | Flexible Gas Line - TracPipe\u00ae Canada\",\"isPartOf\":{\"@id\":\"https:\/\/tracpipe.com\/#website\"},\"primaryImageOfPage\":{\"@id\":\"https:\/\/tracpipe.com\/news-alerts\/#primaryimage\"},\"image\":{\"@id\":\"https:\/\/tracpipe.com\/news-alerts\/#primaryimage\"},\"thumbnailUrl\":\"https:\/\/tracpipe.com\/wp-content\/uploads\/AutoFlare.jpg\",\"datePublished\":\"2016-11-28T13:15:27+00:00\",\"dateModified\":\"2024-02-28T16:25:51+00:00\",\"description\":\"Product literature & brochures on our entire line of TracPipe\u00ae CounterStrike\u00ae products, AutoSnap\u00ae fittings, lightning safety, excess flow valves & more.\",\"breadcrumb\":{\"@id\":\"https:\/\/tracpipe.com\/news-alerts\/#breadcrumb\"},\"inLanguage\":\"fr-CA\",\"potentialAction\":[{\"@type\":\"ReadAction\",\"target\":[\"https:\/\/tracpipe.com\/news-alerts\/\"]}]},{\"@type\":\"ImageObject\",\"inLanguage\":\"fr-CA\",\"@id\":\"https:\/\/tracpipe.com\/news-alerts\/#primaryimage\",\"url\":\"https:\/\/tracpipe.com\/wp-content\/uploads\/AutoFlare.jpg\",\"contentUrl\":\"https:\/\/tracpipe.com\/wp-content\/uploads\/AutoFlare.jpg\",\"width\":1920,\"height\":1280},{\"@type\":\"BreadcrumbList\",\"@id\":\"https:\/\/tracpipe.com\/news-alerts\/#breadcrumb\",\"itemListElement\":[{\"@type\":\"ListItem\",\"position\":1,\"name\":\"Home\",\"item\":\"https:\/\/tracpipe.com\/\"},{\"@type\":\"ListItem\",\"position\":2,\"name\":\"News &#038; Alerts\"}]},{\"@type\":\"WebSite\",\"@id\":\"https:\/\/tracpipe.com\/#website\",\"url\":\"https:\/\/tracpipe.com\/\",\"name\":\"Tracpipe USA\",\"description\":\"\",\"potentialAction\":[{\"@type\":\"SearchAction\",\"target\":{\"@type\":\"EntryPoint\",\"urlTemplate\":\"https:\/\/tracpipe.com\/?s={search_term_string}\"},\"query-input\":{\"@type\":\"PropertyValueSpecification\",\"valueRequired\":true,\"valueName\":\"search_term_string\"}}],\"inLanguage\":\"fr-CA\"}]}<\/script>\n<!-- \/ Yoast SEO plugin. -->","yoast_head_json":{"title":"Documentation sur la tuyauterie de gaz | Conduite de gaz flexible - TracPipe\u00ae Canada","description":"Documentation et brochures sur notre gamme compl\u00e8te de produits TracPipe\u00ae CounterStrike\u00ae, les raccords AutoSnap\u00ae, la s\u00e9curit\u00e9 contre la foudre, les vannes de d\u00e9bit excessif et plus encore.","robots":{"index":"index","follow":"follow","max-snippet":"max-snippet:-1","max-image-preview":"max-image-preview:large","max-video-preview":"max-video-preview:-1"},"canonical":"https:\/\/tracpipe.com\/fr\/news-alerts\/","og_locale":"fr_CA","og_type":"article","og_title":"Gas Piping Product Literature | Flexible Gas Line - TracPipe\u00ae Canada","og_description":"Product literature & brochures on our entire line of TracPipe\u00ae CounterStrike\u00ae products, AutoSnap\u00ae fittings, lightning safety, excess flow valves & more.","og_url":"https:\/\/tracpipe.com\/fr\/news-alerts\/","og_site_name":"Tracpipe USA","article_modified_time":"2024-02-28T16:25:51+00:00","og_image":[{"width":1920,"height":1280,"url":"https:\/\/tracpipe.com\/wp-content\/uploads\/AutoFlare.jpg","type":"image\/jpeg"}],"twitter_misc":{"Est. reading time":"1 minute"},"schema":{"@context":"https:\/\/schema.org","@graph":[{"@type":"WebPage","@id":"https:\/\/tracpipe.com\/news-alerts\/","url":"https:\/\/tracpipe.com\/news-alerts\/","name":"Documentation sur la tuyauterie de gaz | Conduite de gaz flexible - TracPipe\u00ae Canada","isPartOf":{"@id":"https:\/\/tracpipe.com\/#website"},"primaryImageOfPage":{"@id":"https:\/\/tracpipe.com\/news-alerts\/#primaryimage"},"image":{"@id":"https:\/\/tracpipe.com\/news-alerts\/#primaryimage"},"thumbnailUrl":"https:\/\/tracpipe.com\/wp-content\/uploads\/AutoFlare.jpg","datePublished":"2016-11-28T13:15:27+00:00","dateModified":"2024-02-28T16:25:51+00:00","description":"Documentation et brochures sur notre gamme compl\u00e8te de produits TracPipe\u00ae CounterStrike\u00ae, les raccords AutoSnap\u00ae, la s\u00e9curit\u00e9 contre la foudre, les vannes de d\u00e9bit excessif et plus encore.","breadcrumb":{"@id":"https:\/\/tracpipe.com\/news-alerts\/#breadcrumb"},"inLanguage":"fr-CA","potentialAction":[{"@type":"ReadAction","target":["https:\/\/tracpipe.com\/news-alerts\/"]}]},{"@type":"ImageObject","inLanguage":"fr-CA","@id":"https:\/\/tracpipe.com\/news-alerts\/#primaryimage","url":"https:\/\/tracpipe.com\/wp-content\/uploads\/AutoFlare.jpg","contentUrl":"https:\/\/tracpipe.com\/wp-content\/uploads\/AutoFlare.jpg","width":1920,"height":1280},{"@type":"BreadcrumbList","@id":"https:\/\/tracpipe.com\/news-alerts\/#breadcrumb","itemListElement":[{"@type":"ListItem","position":1,"name":"Home","item":"https:\/\/tracpipe.com\/"},{"@type":"ListItem","position":2,"name":"News &#038; Alerts"}]},{"@type":"WebSite","@id":"https:\/\/tracpipe.com\/#website","url":"https:\/\/tracpipe.com\/","name":"Tracpipe USA","description":"","potentialAction":[{"@type":"SearchAction","target":{"@type":"EntryPoint","urlTemplate":"https:\/\/tracpipe.com\/?s={search_term_string}"},"query-input":{"@type":"PropertyValueSpecification","valueRequired":true,"valueName":"search_term_string"}}],"inLanguage":"fr-CA"}]}},"_links":{"self":[{"href":"https:\/\/tracpipe.com\/fr\/wp-json\/wp\/v2\/pages\/3538","targetHints":{"allow":["GET"]}}],"collection":[{"href":"https:\/\/tracpipe.com\/fr\/wp-json\/wp\/v2\/pages"}],"about":[{"href":"https:\/\/tracpipe.com\/fr\/wp-json\/wp\/v2\/types\/page"}],"author":[{"embeddable":true,"href":"https:\/\/tracpipe.com\/fr\/wp-json\/wp\/v2\/users\/1"}],"replies":[{"embeddable":true,"href":"https:\/\/tracpipe.com\/fr\/wp-json\/wp\/v2\/comments?post=3538"}],"version-history":[{"count":0,"href":"https:\/\/tracpipe.com\/fr\/wp-json\/wp\/v2\/pages\/3538\/revisions"}],"wp:featuredmedia":[{"embeddable":true,"href":"https:\/\/tracpipe.com\/fr\/wp-json\/wp\/v2\/media\/5381"}],"wp:attachment":[{"href":"https:\/\/tracpipe.com\/fr\/wp-json\/wp\/v2\/media?parent=3538"}],"curies":[{"name":"wp","href":"https:\/\/api.w.org\/{rel}","templated":true}]}}