{"id":3422,"date":"2016-11-25T00:21:56","date_gmt":"2016-11-25T05:21:56","guid":{"rendered":"https:\/\/tracpipe.com\/?page_id=3422"},"modified":"2024-02-28T11:27:03","modified_gmt":"2024-02-28T16:27:03","slug":"autotrip-efv-automatic-gas-shut-off-valve","status":"publish","type":"page","link":"https:\/\/tracpipe.com\/fr\/csst-gas-pipe-products\/autotrip-efv-automatic-gas-shut-off-valve\/","title":{"rendered":"AutoTrip<sup>\u00ae<\/sup>"},"content":{"rendered":"<section id=\"\"  class=\"light\"> <div class=\"container\">  <div class=\"row\"><div class=\"col-md-9  text-default\" ><div class=\"vc_btn3-container vc_btn3-inline vc_custom_1513095702299 vc_do_btn\" ><a class=\"vc_general vc_btn3 vc_btn3-size-md vc_btn3-shape-rounded vc_btn3-style-modern vc_btn3-icon-left vc_btn3-color-blue\" href=\"http:\/\/www.tracpipe.com\/wp-content\/uploads\/OmegaFlex_FGP-520.pdf\" title=\"\" target=\"_blank\"><i class=\"vc_btn3-icon fa fa-angle-double-right\"><\/i> T\u00e9l\u00e9charger la brochure : AutoTrip\u00ae AFD<\/a><\/div><div class=\"vc_btn3-container vc_btn3-inline vc_custom_1535545067790 vc_do_btn\" ><a class=\"vc_general vc_btn3 vc_btn3-size-md vc_btn3-shape-rounded vc_btn3-style-modern vc_btn3-icon-left vc_btn3-color-blue\" href=\"http:\/\/www.tracpipe.com\/wp-content\/uploads\/OmegaFlex-FGP-521-1.pdf\" title=\"\" target=\"_blank\"><i class=\"vc_btn3-icon fa fa-angle-double-right\"><\/i> T\u00e9l\u00e9charger la brochure : AutoTrip\u00ae LFD<\/a><\/div>\n\t<div class=\"wpb_text_column wpb_content_element\" >\n\t\t<div class=\"wpb_wrapper\">\n\t\t\t<h2>Protection \u00e0 faible co\u00fbt de votre maison et de votre famille<\/h2>\n<p>Il est d\u00e9sormais possible de prot\u00e9ger le syst\u00e8me de tuyauterie de gaz de votre maison contre une rupture ou une d\u00e9connexion de la conduite de gaz en installant des vannes d'exc\u00e8s de d\u00e9bit AutoTrip\u00ae devant chaque appareil. Ces vannes sont con\u00e7ues pour activer et couper le d\u00e9bit de gaz \u00e0 un niveau non dangereux (d\u00e9bit de d\u00e9rivation) afin d'\u00e9viter une \u00e9ventuelle lib\u00e9ration dangereuse de gaz dans la maison.<\/p>\n<p>Les vannes d'exc\u00e8s de d\u00e9bit (EFV) sont d\u00e9sormais exig\u00e9es par de nombreuses juridictions afin d'assurer une protection contre les rejets dangereux de gaz combustible en cas de s\u00e9isme, d'accident ou de toute autre situation susceptible d'entra\u00eener une d\u00e9faillance catastrophique des composants du syst\u00e8me de tuyauterie de gaz. Les compagnies d'assurance ont \u00e9galement reconnu la protection offerte au propri\u00e9taire et \u00e0 sa famille gr\u00e2ce \u00e0 l'installation de ces soupapes de s\u00e9curit\u00e9 simples mais efficaces.<\/p>\n<p>Les vannes d'exc\u00e8s de d\u00e9bit AutoTrip\u00ae sont activ\u00e9es par l'\u00e9coulement illimit\u00e9 de gaz, r\u00e9sultant d'une rupture de conduite de gaz. Ce d\u00e9bit entra\u00eene le d\u00e9clenchement (fermeture) de la vanne. La fonction de d\u00e9rivation limite le d\u00e9bit de gaz \u00e0 un niveau s\u00fbr lors de l'activation de la vanne. Le d\u00e9bit de d\u00e9rivation permet un r\u00e9armement automatique une fois que la tuyauterie de gaz en aval a \u00e9t\u00e9 r\u00e9par\u00e9e.<\/p>\n<h2>S\u00e9rie AFD - Vannes \u00e0 d\u00e9bit excessif pour connecteurs d'appareils m\u00e9nagers<\/h2>\n<p>Les limiteurs de d\u00e9bit AutoTrip\u00ae Appliance Connector (AFD) sont con\u00e7us pour \u00eatre plac\u00e9s en amont du connecteur flexible de l'appareil. Une protection compl\u00e8te n\u00e9cessite un EFV pour chaque ligne de branchement d'appareil. Les limiteurs de d\u00e9bit AutoTrip\u00ae Appliance Connector utilisent un robinet \u00e0 flotteur actionn\u00e9 par un ressort et ne d\u00e9pendent pas de la gravit\u00e9. Cela permet de les monter dans n'importe quelle position horizontale ou verticale (multi-poids).<\/p>\n<h2>S\u00e9rie LFD - Vannes de d\u00e9bit exc\u00e9dentaire pour compteur\/raccordement de branche<\/h2>\n<p>Les limiteurs de d\u00e9bit AutoTrip\u00ae Meter (LFD) sont con\u00e7us pour \u00eatre plac\u00e9s apr\u00e8s le compteur de gaz (en aval). \u00c0 cet endroit, la vanne est con\u00e7ue pour prot\u00e9ger contre une d\u00e9faillance catastrophique de la canalisation principale. Afin de prot\u00e9ger les petits branchements en aval, les petits robinets de branchement LFD (-70 et -125) peuvent \u00eatre plac\u00e9s dans un branchement desservant un ou plusieurs appareils. Les vannes d'exc\u00e9dent de d\u00e9bit d\u00e9pendent de la gravit\u00e9 et doivent \u00eatre install\u00e9es en position verticale (\u00e0 5 degr\u00e9s pr\u00e8s).<\/p>\n<h2>Avantages d'AutoTrip :<\/h2>\n<ul>\n<li>S\u00e9curit\u00e9 sismique<\/li>\n<li>Couper le gaz dans la tuyauterie de votre maison en cas de rupture, r\u00e9duisant ainsi les risques d'explosion et d'incendie.<\/li>\n<li>R\u00e9initialisation automatique \u00e0 l'aide de la fonction de d\u00e9bit de d\u00e9rivation lorsque la conduite de gaz est r\u00e9par\u00e9e<\/li>\n<li>Travailler sur des syst\u00e8mes au propane et au gaz naturel<\/li>\n<li>Installation facile en quelques minutes<\/li>\n<li>constituent un investissement unique et abordable en mati\u00e8re de s\u00e9curit\u00e9<\/li>\n<li>Prot\u00e9gez votre maison jour et nuit, 365 jours par an<\/li>\n<li>R\u00e9duire la responsabilit\u00e9. Recommand\u00e9 par les compagnies d'assurance<\/li>\n<li>Ne pas faire de fausse man\u0153uvre \u00e0 cause des vibrations<\/li>\n<li>Test\u00e9 en usine 100%<\/li>\n<\/ul>\n\n\t\t<\/div>\n\t<\/div>\n<\/div><div class=\"col-md-3  text-default\" >\n\t<div class=\"wpb_text_column wpb_content_element\" >\n\t\t<div class=\"wpb_wrapper\">\n\t\t\t<p><img loading=\"lazy\" decoding=\"async\" class=\"alignnone size-full wp-image-2622\" src=\"https:\/\/tracpipe.com\/wp-content\/uploads\/autoTrip_05.jpg\" alt=\"autoTrip_05\" width=\"211\" height=\"202\" srcset=\"https:\/\/tracpipe.com\/wp-content\/uploads\/autoTrip_05.jpg 211w, https:\/\/tracpipe.com\/wp-content\/uploads\/autoTrip_05-210x202.jpg 210w\" sizes=\"auto, (max-width: 211px) 100vw, 211px\" \/><\/p>\n<p><img loading=\"lazy\" decoding=\"async\" class=\"alignnone size-full wp-image-2621\" src=\"https:\/\/tracpipe.com\/wp-content\/uploads\/autoTrip_03.jpg\" alt=\"autoTrip_03\" width=\"310\" height=\"90\" srcset=\"https:\/\/tracpipe.com\/wp-content\/uploads\/autoTrip_03.jpg 310w, https:\/\/tracpipe.com\/wp-content\/uploads\/autoTrip_03-300x87.jpg 300w\" sizes=\"auto, (max-width: 310px) 100vw, 310px\" \/><\/p>\n<p><img loading=\"lazy\" decoding=\"async\" class=\"alignnone size-full wp-image-2624\" src=\"https:\/\/tracpipe.com\/wp-content\/uploads\/autoTrip_15.jpg\" alt=\"autoTrip_15\" width=\"96\" height=\"182\" \/><\/p>\n<p><img loading=\"lazy\" decoding=\"async\" class=\"alignnone size-full wp-image-2623\" src=\"https:\/\/tracpipe.com\/wp-content\/uploads\/autoTrip_13.jpg\" alt=\"autoTrip_13\" width=\"260\" height=\"190\" \/><\/p>\n<p><img loading=\"lazy\" decoding=\"async\" class=\"alignnone size-full wp-image-2626\" src=\"https:\/\/tracpipe.com\/wp-content\/uploads\/autoTrip_21.jpg\" alt=\"autoTrip_21\" width=\"100\" height=\"150\" \/><\/p>\n<p><img loading=\"lazy\" decoding=\"async\" class=\"alignnone size-full wp-image-2625\" src=\"https:\/\/tracpipe.com\/wp-content\/uploads\/autoTrip_19.jpg\" alt=\"autoTrip_19\" width=\"260\" height=\"190\" \/><\/p>\n\n\t\t<\/div>\n\t<\/div>\n<\/div>  <\/div>  <\/div><\/section>","protected":false},"excerpt":{"rendered":"Download Brochure: AutoTrip\u00ae AFD Download Brochure: AutoTrip\u00ae LFD Low Cost Protection for Your Home and Family It is now possible to protect your home\u2019s gas piping system from gas line rupture or disconnection by installing AutoTrip\u00ae Excess Flow Valves in front of each appliance. These valves are designed to activate and shut down gas flow [...]","protected":false},"author":1,"featured_media":5381,"parent":1932,"menu_order":0,"comment_status":"closed","ping_status":"open","template":"","meta":{"footnotes":""},"class_list":["post-3422","page","type-page","status-publish","has-post-thumbnail","hentry"],"yoast_head":"<!-- This site is optimized with the Yoast SEO plugin v27.0 - https:\/\/yoast.com\/product\/yoast-seo-wordpress\/ -->\n<title>AutoTrip\u00ae - Tracpipe USA<\/title>\n<meta name=\"robots\" content=\"index, follow, max-snippet:-1, max-image-preview:large, max-video-preview:-1\" \/>\n<link rel=\"canonical\" href=\"https:\/\/tracpipe.com\/fr\/csst-gas-pipe-products\/autotrip-efv-automatic-gas-shut-off-valve\/\" \/>\n<meta property=\"og:locale\" content=\"fr_CA\" \/>\n<meta property=\"og:type\" content=\"article\" \/>\n<meta property=\"og:title\" content=\"AutoTrip\u00ae - Tracpipe USA\" \/>\n<meta property=\"og:url\" content=\"https:\/\/tracpipe.com\/fr\/csst-gas-pipe-products\/autotrip-efv-automatic-gas-shut-off-valve\/\" \/>\n<meta property=\"og:site_name\" content=\"Tracpipe USA\" \/>\n<meta property=\"article:modified_time\" content=\"2024-02-28T16:27:03+00:00\" \/>\n<meta property=\"og:image\" content=\"https:\/\/tracpipe.com\/wp-content\/uploads\/AutoFlare.jpg\" \/>\n\t<meta property=\"og:image:width\" content=\"1920\" \/>\n\t<meta property=\"og:image:height\" content=\"1280\" \/>\n\t<meta property=\"og:image:type\" content=\"image\/jpeg\" \/>\n<meta name=\"twitter:label1\" content=\"Est. reading time\" \/>\n\t<meta name=\"twitter:data1\" content=\"4 minutes\" \/>\n<script type=\"application\/ld+json\" class=\"yoast-schema-graph\">{\"@context\":\"https:\/\/schema.org\",\"@graph\":[{\"@type\":\"WebPage\",\"@id\":\"https:\/\/tracpipe.com\/csst-gas-pipe-products\/autotrip-efv-automatic-gas-shut-off-valve\/\",\"url\":\"https:\/\/tracpipe.com\/csst-gas-pipe-products\/autotrip-efv-automatic-gas-shut-off-valve\/\",\"name\":\"AutoTrip\u00ae - Tracpipe USA\",\"isPartOf\":{\"@id\":\"https:\/\/tracpipe.com\/#website\"},\"primaryImageOfPage\":{\"@id\":\"https:\/\/tracpipe.com\/csst-gas-pipe-products\/autotrip-efv-automatic-gas-shut-off-valve\/#primaryimage\"},\"image\":{\"@id\":\"https:\/\/tracpipe.com\/csst-gas-pipe-products\/autotrip-efv-automatic-gas-shut-off-valve\/#primaryimage\"},\"thumbnailUrl\":\"https:\/\/tracpipe.com\/wp-content\/uploads\/AutoFlare.jpg\",\"datePublished\":\"2016-11-25T05:21:56+00:00\",\"dateModified\":\"2024-02-28T16:27:03+00:00\",\"breadcrumb\":{\"@id\":\"https:\/\/tracpipe.com\/csst-gas-pipe-products\/autotrip-efv-automatic-gas-shut-off-valve\/#breadcrumb\"},\"inLanguage\":\"fr-CA\",\"potentialAction\":[{\"@type\":\"ReadAction\",\"target\":[\"https:\/\/tracpipe.com\/csst-gas-pipe-products\/autotrip-efv-automatic-gas-shut-off-valve\/\"]}]},{\"@type\":\"ImageObject\",\"inLanguage\":\"fr-CA\",\"@id\":\"https:\/\/tracpipe.com\/csst-gas-pipe-products\/autotrip-efv-automatic-gas-shut-off-valve\/#primaryimage\",\"url\":\"https:\/\/tracpipe.com\/wp-content\/uploads\/AutoFlare.jpg\",\"contentUrl\":\"https:\/\/tracpipe.com\/wp-content\/uploads\/AutoFlare.jpg\",\"width\":1920,\"height\":1280},{\"@type\":\"BreadcrumbList\",\"@id\":\"https:\/\/tracpipe.com\/csst-gas-pipe-products\/autotrip-efv-automatic-gas-shut-off-valve\/#breadcrumb\",\"itemListElement\":[{\"@type\":\"ListItem\",\"position\":1,\"name\":\"Home\",\"item\":\"https:\/\/tracpipe.com\/\"},{\"@type\":\"ListItem\",\"position\":2,\"name\":\"Gas Piping Products\",\"item\":\"https:\/\/tracpipe.com\/csst-gas-pipe-products\/\"},{\"@type\":\"ListItem\",\"position\":3,\"name\":\"AutoTrip\u00ae\"}]},{\"@type\":\"WebSite\",\"@id\":\"https:\/\/tracpipe.com\/#website\",\"url\":\"https:\/\/tracpipe.com\/\",\"name\":\"Tracpipe USA\",\"description\":\"\",\"potentialAction\":[{\"@type\":\"SearchAction\",\"target\":{\"@type\":\"EntryPoint\",\"urlTemplate\":\"https:\/\/tracpipe.com\/?s={search_term_string}\"},\"query-input\":{\"@type\":\"PropertyValueSpecification\",\"valueRequired\":true,\"valueName\":\"search_term_string\"}}],\"inLanguage\":\"fr-CA\"}]}<\/script>\n<!-- \/ Yoast SEO plugin. -->","yoast_head_json":{"title":"AutoTrip\u00ae - Tracpipe USA","robots":{"index":"index","follow":"follow","max-snippet":"max-snippet:-1","max-image-preview":"max-image-preview:large","max-video-preview":"max-video-preview:-1"},"canonical":"https:\/\/tracpipe.com\/fr\/csst-gas-pipe-products\/autotrip-efv-automatic-gas-shut-off-valve\/","og_locale":"fr_CA","og_type":"article","og_title":"AutoTrip\u00ae - Tracpipe USA","og_url":"https:\/\/tracpipe.com\/fr\/csst-gas-pipe-products\/autotrip-efv-automatic-gas-shut-off-valve\/","og_site_name":"Tracpipe USA","article_modified_time":"2024-02-28T16:27:03+00:00","og_image":[{"width":1920,"height":1280,"url":"https:\/\/tracpipe.com\/wp-content\/uploads\/AutoFlare.jpg","type":"image\/jpeg"}],"twitter_misc":{"Est. reading time":"4 minutes"},"schema":{"@context":"https:\/\/schema.org","@graph":[{"@type":"WebPage","@id":"https:\/\/tracpipe.com\/csst-gas-pipe-products\/autotrip-efv-automatic-gas-shut-off-valve\/","url":"https:\/\/tracpipe.com\/csst-gas-pipe-products\/autotrip-efv-automatic-gas-shut-off-valve\/","name":"AutoTrip\u00ae - Tracpipe USA","isPartOf":{"@id":"https:\/\/tracpipe.com\/#website"},"primaryImageOfPage":{"@id":"https:\/\/tracpipe.com\/csst-gas-pipe-products\/autotrip-efv-automatic-gas-shut-off-valve\/#primaryimage"},"image":{"@id":"https:\/\/tracpipe.com\/csst-gas-pipe-products\/autotrip-efv-automatic-gas-shut-off-valve\/#primaryimage"},"thumbnailUrl":"https:\/\/tracpipe.com\/wp-content\/uploads\/AutoFlare.jpg","datePublished":"2016-11-25T05:21:56+00:00","dateModified":"2024-02-28T16:27:03+00:00","breadcrumb":{"@id":"https:\/\/tracpipe.com\/csst-gas-pipe-products\/autotrip-efv-automatic-gas-shut-off-valve\/#breadcrumb"},"inLanguage":"fr-CA","potentialAction":[{"@type":"ReadAction","target":["https:\/\/tracpipe.com\/csst-gas-pipe-products\/autotrip-efv-automatic-gas-shut-off-valve\/"]}]},{"@type":"ImageObject","inLanguage":"fr-CA","@id":"https:\/\/tracpipe.com\/csst-gas-pipe-products\/autotrip-efv-automatic-gas-shut-off-valve\/#primaryimage","url":"https:\/\/tracpipe.com\/wp-content\/uploads\/AutoFlare.jpg","contentUrl":"https:\/\/tracpipe.com\/wp-content\/uploads\/AutoFlare.jpg","width":1920,"height":1280},{"@type":"BreadcrumbList","@id":"https:\/\/tracpipe.com\/csst-gas-pipe-products\/autotrip-efv-automatic-gas-shut-off-valve\/#breadcrumb","itemListElement":[{"@type":"ListItem","position":1,"name":"Home","item":"https:\/\/tracpipe.com\/"},{"@type":"ListItem","position":2,"name":"Gas Piping Products","item":"https:\/\/tracpipe.com\/csst-gas-pipe-products\/"},{"@type":"ListItem","position":3,"name":"AutoTrip\u00ae"}]},{"@type":"WebSite","@id":"https:\/\/tracpipe.com\/#website","url":"https:\/\/tracpipe.com\/","name":"Tracpipe USA","description":"","potentialAction":[{"@type":"SearchAction","target":{"@type":"EntryPoint","urlTemplate":"https:\/\/tracpipe.com\/?s={search_term_string}"},"query-input":{"@type":"PropertyValueSpecification","valueRequired":true,"valueName":"search_term_string"}}],"inLanguage":"fr-CA"}]}},"_links":{"self":[{"href":"https:\/\/tracpipe.com\/fr\/wp-json\/wp\/v2\/pages\/3422","targetHints":{"allow":["GET"]}}],"collection":[{"href":"https:\/\/tracpipe.com\/fr\/wp-json\/wp\/v2\/pages"}],"about":[{"href":"https:\/\/tracpipe.com\/fr\/wp-json\/wp\/v2\/types\/page"}],"author":[{"embeddable":true,"href":"https:\/\/tracpipe.com\/fr\/wp-json\/wp\/v2\/users\/1"}],"replies":[{"embeddable":true,"href":"https:\/\/tracpipe.com\/fr\/wp-json\/wp\/v2\/comments?post=3422"}],"version-history":[{"count":0,"href":"https:\/\/tracpipe.com\/fr\/wp-json\/wp\/v2\/pages\/3422\/revisions"}],"up":[{"embeddable":true,"href":"https:\/\/tracpipe.com\/fr\/wp-json\/wp\/v2\/pages\/1932"}],"wp:featuredmedia":[{"embeddable":true,"href":"https:\/\/tracpipe.com\/fr\/wp-json\/wp\/v2\/media\/5381"}],"wp:attachment":[{"href":"https:\/\/tracpipe.com\/fr\/wp-json\/wp\/v2\/media?parent=3422"}],"curies":[{"name":"wp","href":"https:\/\/api.w.org\/{rel}","templated":true}]}}