{"id":2649,"date":"2014-11-19T16:44:01","date_gmt":"2014-11-19T21:44:01","guid":{"rendered":"http:\/\/173.254.96.82\/~tracpipe\/?page_id=2649"},"modified":"2024-02-28T11:04:13","modified_gmt":"2024-02-28T16:04:13","slug":"specifier-manual","status":"publish","type":"page","link":"https:\/\/tracpipe.com\/fr\/technical\/specifier-manual\/","title":{"rendered":"Manuel du prescripteur"},"content":{"rendered":"<section id=\"\"  class=\"light\"> <div class=\"container\">  <div class=\"row\"><div class=\"col-md-12  text-default\" >\n\t<div class=\"wpb_text_column wpb_content_element\" >\n\t\t<div class=\"wpb_wrapper\">\n\t\t\t<p>La mise \u00e0 jour du manuel d'utilisation de TracPipe Specifier pour Windows comprend des instructions d'installation, une pr\u00e9sentation de l'application et de ses fonctionnalit\u00e9s, ainsi que des instructions \u00e9tape par \u00e9tape pour naviguer dans l'application TracPipe Specifier et l'utiliser.<\/p>\n\n\t\t<\/div>\n\t<\/div>\n<div class=\"vc_btn3-container vc_btn3-inline vc_custom_1513040010351 vc_do_btn\" ><a class=\"vc_general vc_btn3 vc_btn3-size-md vc_btn3-shape-rounded vc_btn3-style-modern vc_btn3-icon-left vc_btn3-color-blue\" href=\"http:\/\/www.tracpipe.com\/wp-content\/uploads\/TracPipe_Specifier_Manual_Rev_10-9-07.pdf\" title=\"\" target=\"_blank\"><i class=\"vc_btn3-icon fa fa-angle-double-right\"><\/i> T\u00e9l\u00e9charger le manuel d'utilisation de TracPipe Specifier pour Windows maintenant<\/a><\/div><\/div>  <\/div>  <\/div><\/section>","protected":false},"excerpt":{"rendered":"Le manuel d'utilisation mis \u00e0 jour de TracPipe Specifier pour Windows comprend des instructions d'installation, une pr\u00e9sentation de l'application et de ses fonctionnalit\u00e9s, ainsi que des instructions \u00e9tape par \u00e9tape pour naviguer dans l'application TracPipe Specifier et l'utiliser. T\u00e9l\u00e9charger le manuel d'utilisation de TracPipe Specifier pour Windows maintenant","protected":false},"author":1,"featured_media":5381,"parent":1966,"menu_order":0,"comment_status":"closed","ping_status":"open","template":"","meta":{"footnotes":""},"class_list":["post-2649","page","type-page","status-publish","has-post-thumbnail","hentry"],"yoast_head":"<!-- This site is optimized with the Yoast SEO plugin v27.0 - https:\/\/yoast.com\/product\/yoast-seo-wordpress\/ -->\n<title>TracPipe\u00ae CounterStrike\u00ae Specifier Manual - TracPipe\u00ae Canada<\/title>\n<meta name=\"description\" content=\"The TracPipe Specifier for Windows User Manual includes installation instructions, an overview of the application &amp; its features, and step-by-step instructions.\" \/>\n<meta name=\"robots\" content=\"index, follow, max-snippet:-1, max-image-preview:large, max-video-preview:-1\" \/>\n<link rel=\"canonical\" href=\"https:\/\/tracpipe.com\/fr\/technical\/specifier-manual\/\" \/>\n<meta property=\"og:locale\" content=\"fr_CA\" \/>\n<meta property=\"og:type\" content=\"article\" \/>\n<meta property=\"og:title\" content=\"TracPipe\u00ae CounterStrike\u00ae Specifier Manual - TracPipe\u00ae Canada\" \/>\n<meta property=\"og:description\" content=\"The TracPipe Specifier for Windows User Manual includes installation instructions, an overview of the application &amp; its features, and step-by-step instructions.\" \/>\n<meta property=\"og:url\" content=\"https:\/\/tracpipe.com\/fr\/technical\/specifier-manual\/\" \/>\n<meta property=\"og:site_name\" content=\"Tracpipe USA\" \/>\n<meta property=\"article:modified_time\" content=\"2024-02-28T16:04:13+00:00\" \/>\n<meta property=\"og:image\" content=\"https:\/\/tracpipe.com\/wp-content\/uploads\/AutoFlare.jpg\" \/>\n\t<meta property=\"og:image:width\" content=\"1920\" \/>\n\t<meta property=\"og:image:height\" content=\"1280\" \/>\n\t<meta property=\"og:image:type\" content=\"image\/jpeg\" \/>\n<meta name=\"twitter:label1\" content=\"Est. reading time\" \/>\n\t<meta name=\"twitter:data1\" content=\"1 minute\" \/>\n<script type=\"application\/ld+json\" class=\"yoast-schema-graph\">{\"@context\":\"https:\/\/schema.org\",\"@graph\":[{\"@type\":\"WebPage\",\"@id\":\"https:\/\/tracpipe.com\/technical\/specifier-manual\/\",\"url\":\"https:\/\/tracpipe.com\/technical\/specifier-manual\/\",\"name\":\"TracPipe\u00ae CounterStrike\u00ae Specifier Manual - TracPipe\u00ae Canada\",\"isPartOf\":{\"@id\":\"https:\/\/tracpipe.com\/#website\"},\"primaryImageOfPage\":{\"@id\":\"https:\/\/tracpipe.com\/technical\/specifier-manual\/#primaryimage\"},\"image\":{\"@id\":\"https:\/\/tracpipe.com\/technical\/specifier-manual\/#primaryimage\"},\"thumbnailUrl\":\"https:\/\/tracpipe.com\/wp-content\/uploads\/AutoFlare.jpg\",\"datePublished\":\"2014-11-19T21:44:01+00:00\",\"dateModified\":\"2024-02-28T16:04:13+00:00\",\"description\":\"The TracPipe Specifier for Windows User Manual includes installation instructions, an overview of the application & its features, and step-by-step instructions.\",\"breadcrumb\":{\"@id\":\"https:\/\/tracpipe.com\/technical\/specifier-manual\/#breadcrumb\"},\"inLanguage\":\"fr-CA\",\"potentialAction\":[{\"@type\":\"ReadAction\",\"target\":[\"https:\/\/tracpipe.com\/technical\/specifier-manual\/\"]}]},{\"@type\":\"ImageObject\",\"inLanguage\":\"fr-CA\",\"@id\":\"https:\/\/tracpipe.com\/technical\/specifier-manual\/#primaryimage\",\"url\":\"https:\/\/tracpipe.com\/wp-content\/uploads\/AutoFlare.jpg\",\"contentUrl\":\"https:\/\/tracpipe.com\/wp-content\/uploads\/AutoFlare.jpg\",\"width\":1920,\"height\":1280},{\"@type\":\"BreadcrumbList\",\"@id\":\"https:\/\/tracpipe.com\/technical\/specifier-manual\/#breadcrumb\",\"itemListElement\":[{\"@type\":\"ListItem\",\"position\":1,\"name\":\"Home\",\"item\":\"https:\/\/tracpipe.com\/\"},{\"@type\":\"ListItem\",\"position\":2,\"name\":\"Technical Information\",\"item\":\"https:\/\/tracpipe.com\/technical\/\"},{\"@type\":\"ListItem\",\"position\":3,\"name\":\"Specifier Manual\"}]},{\"@type\":\"WebSite\",\"@id\":\"https:\/\/tracpipe.com\/#website\",\"url\":\"https:\/\/tracpipe.com\/\",\"name\":\"Tracpipe USA\",\"description\":\"\",\"potentialAction\":[{\"@type\":\"SearchAction\",\"target\":{\"@type\":\"EntryPoint\",\"urlTemplate\":\"https:\/\/tracpipe.com\/?s={search_term_string}\"},\"query-input\":{\"@type\":\"PropertyValueSpecification\",\"valueRequired\":true,\"valueName\":\"search_term_string\"}}],\"inLanguage\":\"fr-CA\"}]}<\/script>\n<!-- \/ Yoast SEO plugin. -->","yoast_head_json":{"title":"TracPipe\u00ae CounterStrike\u00ae Specifier Manual - TracPipe\u00ae Canada","description":"The TracPipe Specifier for Windows User Manual includes installation instructions, an overview of the application & its features, and step-by-step instructions.","robots":{"index":"index","follow":"follow","max-snippet":"max-snippet:-1","max-image-preview":"max-image-preview:large","max-video-preview":"max-video-preview:-1"},"canonical":"https:\/\/tracpipe.com\/fr\/technical\/specifier-manual\/","og_locale":"fr_CA","og_type":"article","og_title":"TracPipe\u00ae CounterStrike\u00ae Specifier Manual - TracPipe\u00ae Canada","og_description":"The TracPipe Specifier for Windows User Manual includes installation instructions, an overview of the application & its features, and step-by-step instructions.","og_url":"https:\/\/tracpipe.com\/fr\/technical\/specifier-manual\/","og_site_name":"Tracpipe USA","article_modified_time":"2024-02-28T16:04:13+00:00","og_image":[{"width":1920,"height":1280,"url":"https:\/\/tracpipe.com\/wp-content\/uploads\/AutoFlare.jpg","type":"image\/jpeg"}],"twitter_misc":{"Est. reading time":"1 minute"},"schema":{"@context":"https:\/\/schema.org","@graph":[{"@type":"WebPage","@id":"https:\/\/tracpipe.com\/technical\/specifier-manual\/","url":"https:\/\/tracpipe.com\/technical\/specifier-manual\/","name":"TracPipe\u00ae CounterStrike\u00ae Specifier Manual - TracPipe\u00ae Canada","isPartOf":{"@id":"https:\/\/tracpipe.com\/#website"},"primaryImageOfPage":{"@id":"https:\/\/tracpipe.com\/technical\/specifier-manual\/#primaryimage"},"image":{"@id":"https:\/\/tracpipe.com\/technical\/specifier-manual\/#primaryimage"},"thumbnailUrl":"https:\/\/tracpipe.com\/wp-content\/uploads\/AutoFlare.jpg","datePublished":"2014-11-19T21:44:01+00:00","dateModified":"2024-02-28T16:04:13+00:00","description":"The TracPipe Specifier for Windows User Manual includes installation instructions, an overview of the application & its features, and step-by-step instructions.","breadcrumb":{"@id":"https:\/\/tracpipe.com\/technical\/specifier-manual\/#breadcrumb"},"inLanguage":"fr-CA","potentialAction":[{"@type":"ReadAction","target":["https:\/\/tracpipe.com\/technical\/specifier-manual\/"]}]},{"@type":"ImageObject","inLanguage":"fr-CA","@id":"https:\/\/tracpipe.com\/technical\/specifier-manual\/#primaryimage","url":"https:\/\/tracpipe.com\/wp-content\/uploads\/AutoFlare.jpg","contentUrl":"https:\/\/tracpipe.com\/wp-content\/uploads\/AutoFlare.jpg","width":1920,"height":1280},{"@type":"BreadcrumbList","@id":"https:\/\/tracpipe.com\/technical\/specifier-manual\/#breadcrumb","itemListElement":[{"@type":"ListItem","position":1,"name":"Home","item":"https:\/\/tracpipe.com\/"},{"@type":"ListItem","position":2,"name":"Technical Information","item":"https:\/\/tracpipe.com\/technical\/"},{"@type":"ListItem","position":3,"name":"Specifier Manual"}]},{"@type":"WebSite","@id":"https:\/\/tracpipe.com\/#website","url":"https:\/\/tracpipe.com\/","name":"Tracpipe USA","description":"","potentialAction":[{"@type":"SearchAction","target":{"@type":"EntryPoint","urlTemplate":"https:\/\/tracpipe.com\/?s={search_term_string}"},"query-input":{"@type":"PropertyValueSpecification","valueRequired":true,"valueName":"search_term_string"}}],"inLanguage":"fr-CA"}]}},"_links":{"self":[{"href":"https:\/\/tracpipe.com\/fr\/wp-json\/wp\/v2\/pages\/2649","targetHints":{"allow":["GET"]}}],"collection":[{"href":"https:\/\/tracpipe.com\/fr\/wp-json\/wp\/v2\/pages"}],"about":[{"href":"https:\/\/tracpipe.com\/fr\/wp-json\/wp\/v2\/types\/page"}],"author":[{"embeddable":true,"href":"https:\/\/tracpipe.com\/fr\/wp-json\/wp\/v2\/users\/1"}],"replies":[{"embeddable":true,"href":"https:\/\/tracpipe.com\/fr\/wp-json\/wp\/v2\/comments?post=2649"}],"version-history":[{"count":0,"href":"https:\/\/tracpipe.com\/fr\/wp-json\/wp\/v2\/pages\/2649\/revisions"}],"up":[{"embeddable":true,"href":"https:\/\/tracpipe.com\/fr\/wp-json\/wp\/v2\/pages\/1966"}],"wp:featuredmedia":[{"embeddable":true,"href":"https:\/\/tracpipe.com\/fr\/wp-json\/wp\/v2\/media\/5381"}],"wp:attachment":[{"href":"https:\/\/tracpipe.com\/fr\/wp-json\/wp\/v2\/media?parent=2649"}],"curies":[{"name":"wp","href":"https:\/\/api.w.org\/{rel}","templated":true}]}}