{"id":2647,"date":"2014-11-19T16:35:17","date_gmt":"2014-11-19T21:35:17","guid":{"rendered":"http:\/\/173.254.96.82\/~tracpipe\/?page_id=2647"},"modified":"2024-02-28T11:02:27","modified_gmt":"2024-02-28T16:02:27","slug":"windows-specifier","status":"publish","type":"page","link":"https:\/\/tracpipe.com\/fr\/technical\/windows-specifier\/","title":{"rendered":"Sp\u00e9cificateur Windows"},"content":{"rendered":"<section id=\"\"  class=\"light\"> <div class=\"container\">  <div class=\"row\"><div class=\"col-md-12  text-default\" >\n\t<div class=\"wpb_text_column wpb_content_element\" >\n\t\t<div class=\"wpb_wrapper\">\n\t\t\t<p>Concevez et dimensionnez rapidement et facilement des syst\u00e8mes utilisant les conduites de gaz flexibles TracPipe gr\u00e2ce \u00e0 l'application TracPipe Specifier pour Windows. Ce programme gratuit et t\u00e9l\u00e9chargeable vous permet de cr\u00e9er des syst\u00e8mes personnalis\u00e9s pour les sauvegarder ult\u00e9rieurement, les imprimer sous forme de diagrammes ou g\u00e9n\u00e9rer une nomenclature.<\/p>\n<p>Pour en savoir plus sur l'application TracPipe Specifier, ou pour acc\u00e9der aux instructions d'utilisation \u00e9tape par \u00e9tape, <a href=\"https:\/\/tracpipe.com\/wp-content\/uploads\/TracPipe_Specifier_Manual_Rev_10-9-07.pdf\" target=\"_blank\" rel=\"noopener\">t\u00e9l\u00e9charger le manuel du prescripteur<\/a>.<\/p>\n\n\t\t<\/div>\n\t<\/div>\n<div class=\"vc_btn3-container vc_btn3-inline vc_custom_1513040149117 vc_do_btn\" ><a class=\"vc_general vc_btn3 vc_btn3-size-md vc_btn3-shape-rounded vc_btn3-style-modern vc_btn3-icon-left vc_btn3-color-blue\" href=\"http:\/\/www.tracpipe.com\/wp-content\/uploads\/TracPipeSpecifier.zip\" title=\"\" target=\"_blank\"><i class=\"vc_btn3-icon fa fa-angle-double-right\"><\/i> T\u00e9l\u00e9charger l'application TracPipe\u00ae Specifier pour Windows maintenant<\/a><\/div><\/div>  <\/div>  <\/div><\/section>","protected":false},"excerpt":{"rendered":"Quickly and easily design and size systems using TracPipe flexible gas piping with the TracPipe Specifier for Windows application. This free, downloadable program allows you to create custom systems to save for later, print as diagrams, or generate a bill of materials. To learn more about the TracPipe Specifier application, or to access step-by-step instructions [...]","protected":false},"author":1,"featured_media":5381,"parent":1966,"menu_order":0,"comment_status":"closed","ping_status":"open","template":"","meta":{"footnotes":""},"class_list":["post-2647","page","type-page","status-publish","has-post-thumbnail","hentry"],"yoast_head":"<!-- This site is optimized with the Yoast SEO plugin v27.0 - https:\/\/yoast.com\/product\/yoast-seo-wordpress\/ -->\n<title>CSST Installation Instructions | Windows Specifier - TracPipe\u00ae Canada<\/title>\n<meta name=\"description\" content=\"Quickly and easily design and size systems using TracPipe\u00ae flexible gas piping with the TracPipe\u00ae Specifier for Windows application.\" \/>\n<meta name=\"robots\" content=\"index, follow, max-snippet:-1, max-image-preview:large, max-video-preview:-1\" \/>\n<link rel=\"canonical\" href=\"https:\/\/tracpipe.com\/fr\/technical\/windows-specifier\/\" \/>\n<meta property=\"og:locale\" content=\"fr_CA\" \/>\n<meta property=\"og:type\" content=\"article\" \/>\n<meta property=\"og:title\" content=\"CSST Installation Instructions | Windows Specifier - TracPipe\u00ae Canada\" \/>\n<meta property=\"og:description\" content=\"Quickly and easily design and size systems using TracPipe\u00ae flexible gas piping with the TracPipe\u00ae Specifier for Windows application.\" \/>\n<meta property=\"og:url\" content=\"https:\/\/tracpipe.com\/fr\/technical\/windows-specifier\/\" \/>\n<meta property=\"og:site_name\" content=\"Tracpipe USA\" \/>\n<meta property=\"article:modified_time\" content=\"2024-02-28T16:02:27+00:00\" \/>\n<meta property=\"og:image\" content=\"https:\/\/tracpipe.com\/wp-content\/uploads\/AutoFlare.jpg\" \/>\n\t<meta property=\"og:image:width\" content=\"1920\" \/>\n\t<meta property=\"og:image:height\" content=\"1280\" \/>\n\t<meta property=\"og:image:type\" content=\"image\/jpeg\" \/>\n<meta name=\"twitter:label1\" content=\"Est. reading time\" \/>\n\t<meta name=\"twitter:data1\" content=\"1 minute\" \/>\n<script type=\"application\/ld+json\" class=\"yoast-schema-graph\">{\"@context\":\"https:\/\/schema.org\",\"@graph\":[{\"@type\":\"WebPage\",\"@id\":\"https:\/\/tracpipe.com\/technical\/windows-specifier\/\",\"url\":\"https:\/\/tracpipe.com\/technical\/windows-specifier\/\",\"name\":\"CSST Installation Instructions | Windows Specifier - TracPipe\u00ae Canada\",\"isPartOf\":{\"@id\":\"https:\/\/tracpipe.com\/#website\"},\"primaryImageOfPage\":{\"@id\":\"https:\/\/tracpipe.com\/technical\/windows-specifier\/#primaryimage\"},\"image\":{\"@id\":\"https:\/\/tracpipe.com\/technical\/windows-specifier\/#primaryimage\"},\"thumbnailUrl\":\"https:\/\/tracpipe.com\/wp-content\/uploads\/AutoFlare.jpg\",\"datePublished\":\"2014-11-19T21:35:17+00:00\",\"dateModified\":\"2024-02-28T16:02:27+00:00\",\"description\":\"Quickly and easily design and size systems using TracPipe\u00ae flexible gas piping with the TracPipe\u00ae Specifier for Windows application.\",\"breadcrumb\":{\"@id\":\"https:\/\/tracpipe.com\/technical\/windows-specifier\/#breadcrumb\"},\"inLanguage\":\"fr-CA\",\"potentialAction\":[{\"@type\":\"ReadAction\",\"target\":[\"https:\/\/tracpipe.com\/technical\/windows-specifier\/\"]}]},{\"@type\":\"ImageObject\",\"inLanguage\":\"fr-CA\",\"@id\":\"https:\/\/tracpipe.com\/technical\/windows-specifier\/#primaryimage\",\"url\":\"https:\/\/tracpipe.com\/wp-content\/uploads\/AutoFlare.jpg\",\"contentUrl\":\"https:\/\/tracpipe.com\/wp-content\/uploads\/AutoFlare.jpg\",\"width\":1920,\"height\":1280},{\"@type\":\"BreadcrumbList\",\"@id\":\"https:\/\/tracpipe.com\/technical\/windows-specifier\/#breadcrumb\",\"itemListElement\":[{\"@type\":\"ListItem\",\"position\":1,\"name\":\"Home\",\"item\":\"https:\/\/tracpipe.com\/\"},{\"@type\":\"ListItem\",\"position\":2,\"name\":\"Technical Information\",\"item\":\"https:\/\/tracpipe.com\/technical\/\"},{\"@type\":\"ListItem\",\"position\":3,\"name\":\"Windows Specifier\"}]},{\"@type\":\"WebSite\",\"@id\":\"https:\/\/tracpipe.com\/#website\",\"url\":\"https:\/\/tracpipe.com\/\",\"name\":\"Tracpipe USA\",\"description\":\"\",\"potentialAction\":[{\"@type\":\"SearchAction\",\"target\":{\"@type\":\"EntryPoint\",\"urlTemplate\":\"https:\/\/tracpipe.com\/?s={search_term_string}\"},\"query-input\":{\"@type\":\"PropertyValueSpecification\",\"valueRequired\":true,\"valueName\":\"search_term_string\"}}],\"inLanguage\":\"fr-CA\"}]}<\/script>\n<!-- \/ Yoast SEO plugin. -->","yoast_head_json":{"title":"CSST Installation Instructions | Windows Specifier - TracPipe\u00ae Canada","description":"Quickly and easily design and size systems using TracPipe\u00ae flexible gas piping with the TracPipe\u00ae Specifier for Windows application.","robots":{"index":"index","follow":"follow","max-snippet":"max-snippet:-1","max-image-preview":"max-image-preview:large","max-video-preview":"max-video-preview:-1"},"canonical":"https:\/\/tracpipe.com\/fr\/technical\/windows-specifier\/","og_locale":"fr_CA","og_type":"article","og_title":"CSST Installation Instructions | Windows Specifier - TracPipe\u00ae Canada","og_description":"Quickly and easily design and size systems using TracPipe\u00ae flexible gas piping with the TracPipe\u00ae Specifier for Windows application.","og_url":"https:\/\/tracpipe.com\/fr\/technical\/windows-specifier\/","og_site_name":"Tracpipe USA","article_modified_time":"2024-02-28T16:02:27+00:00","og_image":[{"width":1920,"height":1280,"url":"https:\/\/tracpipe.com\/wp-content\/uploads\/AutoFlare.jpg","type":"image\/jpeg"}],"twitter_misc":{"Est. reading time":"1 minute"},"schema":{"@context":"https:\/\/schema.org","@graph":[{"@type":"WebPage","@id":"https:\/\/tracpipe.com\/technical\/windows-specifier\/","url":"https:\/\/tracpipe.com\/technical\/windows-specifier\/","name":"CSST Installation Instructions | Windows Specifier - TracPipe\u00ae Canada","isPartOf":{"@id":"https:\/\/tracpipe.com\/#website"},"primaryImageOfPage":{"@id":"https:\/\/tracpipe.com\/technical\/windows-specifier\/#primaryimage"},"image":{"@id":"https:\/\/tracpipe.com\/technical\/windows-specifier\/#primaryimage"},"thumbnailUrl":"https:\/\/tracpipe.com\/wp-content\/uploads\/AutoFlare.jpg","datePublished":"2014-11-19T21:35:17+00:00","dateModified":"2024-02-28T16:02:27+00:00","description":"Quickly and easily design and size systems using TracPipe\u00ae flexible gas piping with the TracPipe\u00ae Specifier for Windows application.","breadcrumb":{"@id":"https:\/\/tracpipe.com\/technical\/windows-specifier\/#breadcrumb"},"inLanguage":"fr-CA","potentialAction":[{"@type":"ReadAction","target":["https:\/\/tracpipe.com\/technical\/windows-specifier\/"]}]},{"@type":"ImageObject","inLanguage":"fr-CA","@id":"https:\/\/tracpipe.com\/technical\/windows-specifier\/#primaryimage","url":"https:\/\/tracpipe.com\/wp-content\/uploads\/AutoFlare.jpg","contentUrl":"https:\/\/tracpipe.com\/wp-content\/uploads\/AutoFlare.jpg","width":1920,"height":1280},{"@type":"BreadcrumbList","@id":"https:\/\/tracpipe.com\/technical\/windows-specifier\/#breadcrumb","itemListElement":[{"@type":"ListItem","position":1,"name":"Home","item":"https:\/\/tracpipe.com\/"},{"@type":"ListItem","position":2,"name":"Technical Information","item":"https:\/\/tracpipe.com\/technical\/"},{"@type":"ListItem","position":3,"name":"Windows Specifier"}]},{"@type":"WebSite","@id":"https:\/\/tracpipe.com\/#website","url":"https:\/\/tracpipe.com\/","name":"Tracpipe USA","description":"","potentialAction":[{"@type":"SearchAction","target":{"@type":"EntryPoint","urlTemplate":"https:\/\/tracpipe.com\/?s={search_term_string}"},"query-input":{"@type":"PropertyValueSpecification","valueRequired":true,"valueName":"search_term_string"}}],"inLanguage":"fr-CA"}]}},"_links":{"self":[{"href":"https:\/\/tracpipe.com\/fr\/wp-json\/wp\/v2\/pages\/2647","targetHints":{"allow":["GET"]}}],"collection":[{"href":"https:\/\/tracpipe.com\/fr\/wp-json\/wp\/v2\/pages"}],"about":[{"href":"https:\/\/tracpipe.com\/fr\/wp-json\/wp\/v2\/types\/page"}],"author":[{"embeddable":true,"href":"https:\/\/tracpipe.com\/fr\/wp-json\/wp\/v2\/users\/1"}],"replies":[{"embeddable":true,"href":"https:\/\/tracpipe.com\/fr\/wp-json\/wp\/v2\/comments?post=2647"}],"version-history":[{"count":0,"href":"https:\/\/tracpipe.com\/fr\/wp-json\/wp\/v2\/pages\/2647\/revisions"}],"up":[{"embeddable":true,"href":"https:\/\/tracpipe.com\/fr\/wp-json\/wp\/v2\/pages\/1966"}],"wp:featuredmedia":[{"embeddable":true,"href":"https:\/\/tracpipe.com\/fr\/wp-json\/wp\/v2\/media\/5381"}],"wp:attachment":[{"href":"https:\/\/tracpipe.com\/fr\/wp-json\/wp\/v2\/media?parent=2647"}],"curies":[{"name":"wp","href":"https:\/\/api.w.org\/{rel}","templated":true}]}}