{"id":2638,"date":"2014-11-19T16:11:18","date_gmt":"2014-11-19T21:11:18","guid":{"rendered":"http:\/\/173.254.96.82\/~tracpipe\/?page_id=2638"},"modified":"2025-05-21T09:24:30","modified_gmt":"2025-05-21T13:24:30","slug":"csst-installation-instructions","status":"publish","type":"page","link":"https:\/\/tracpipe.com\/fr\/technical\/csst-installation-instructions\/","title":{"rendered":"Guide de conception et d'installation"},"content":{"rendered":"<section id=\"\"  class=\"light\"> <div class=\"container\">  <div class=\"row\"><div class=\"col-md-12  text-default\" >\n\t<div class=\"wpb_text_column wpb_content_element\" >\n\t\t<div class=\"wpb_wrapper\">\n\t\t\t<p>Vous avez besoin d'informations d\u00e9taill\u00e9es sur les conduites de gaz flexibles TracPipe\u00aeCounterStrike\u00ae ? Le guide de conception et les instructions d'installation comprennent tout ce que vous devez savoir. T\u00e9l\u00e9chargez-le d\u00e8s maintenant pour obtenir des descriptions du syst\u00e8me TracPipe\u00ae CounterStrike\u00ae et de ses composants, l'utilisation et les limites des mat\u00e9riaux, les configurations et le dimensionnement du syst\u00e8me, les pratiques d'installation, les proc\u00e9dures d'essai, les tableaux de capacit\u00e9 et les informations relatives \u00e0 la s\u00e9curit\u00e9 et aux r\u00e9parations.<\/p>\n<h2>NOUVEAU Guide de conception et d'installation INTERACTIVE<\/h2>\n<p>Pour consulter une rubrique du guide, s\u00e9lectionnez le titre de la page d'index et vous serez redirig\u00e9 vers la page contenant l'information souhait\u00e9e. Pour revenir \u00e0 l'index, s\u00e9lectionnez le num\u00e9ro de page en bas de page.<\/p>\n\n\t\t<\/div>\n\t<\/div>\n   <div class=\"row\"><div class=\"col-md-12  text-default\"><div class=\"vc_btn3-container vc_btn3-inline vc_custom_1747833866682 vc_do_btn\" ><a class=\"vc_general vc_btn3 vc_btn3-size-md vc_btn3-shape-rounded vc_btn3-style-modern vc_btn3-icon-left vc_btn3-color-blue\" href=\"https:\/\/tracpipe.com\/wp-content\/uploads\/FGP-001US-DI-USA-Guide-Rev-0425-with-LINKS-1.pdf\" title=\"\" target=\"_blank\"><i class=\"vc_btn3-icon\"><\/i> T\u00e9l\u00e9charger le guide de conception et d'installation des conduites de gaz flexibles en anglais d\u00e8s maintenant<\/a><\/div><div class=\"vc_btn3-container vc_btn3-inline vc_custom_1539265609916 vc_do_btn\" ><a class=\"vc_general vc_btn3 vc_btn3-size-md vc_btn3-shape-rounded vc_btn3-style-modern vc_btn3-icon-left vc_btn3-color-blue\" href=\"http:\/\/www.tracpipe.com\/wp-content\/uploads\/FGP-001SPAN-rev-1216.pdf\" title=\"\" target=\"_blank\"><i class=\"vc_btn3-icon fa fa-angle-double-right\"><\/i> T\u00e9l\u00e9charger le guide de conception et d'installation des conduites de gaz flexibles en Espagne d\u00e8s maintenant<\/a><\/div><\/div>    <\/div><\/div>  <\/div>  <\/div><\/section>","protected":false},"excerpt":{"rendered":"Need detailed information about TracPipe\u00aeCounterStrike\u00ae flexible gas piping? The design guide and installation instructions includes everything you need to know. Download it now for descriptions of the TracPipe\u00ae CounterStrike\u00ae system and its components, material usage and limitations, system configurations and sizing, installation practices, testing procedures, capacity tables, and safety and repair information. NEW INTERACTIVE Design [...]","protected":false},"author":1,"featured_media":5381,"parent":1966,"menu_order":0,"comment_status":"closed","ping_status":"open","template":"","meta":{"footnotes":""},"class_list":["post-2638","page","type-page","status-publish","has-post-thumbnail","hentry"],"yoast_head":"<!-- This site is optimized with the Yoast SEO plugin v27.0 - https:\/\/yoast.com\/product\/yoast-seo-wordpress\/ -->\n<title>TracPipe\u00ae CounterStrike\u00ae Design &amp; Installation Guide - TracPipe Canada<\/title>\n<meta name=\"description\" content=\"Need detailed information about TracPipe\u00ae or CounterStrike\u00ae flexible gas piping? The design guide and installation instructions includes everything you need to know.\" \/>\n<meta name=\"robots\" content=\"index, follow, max-snippet:-1, max-image-preview:large, max-video-preview:-1\" \/>\n<link rel=\"canonical\" href=\"https:\/\/tracpipe.com\/fr\/technical\/csst-installation-instructions\/\" \/>\n<meta property=\"og:locale\" content=\"fr_CA\" \/>\n<meta property=\"og:type\" content=\"article\" \/>\n<meta property=\"og:title\" content=\"TracPipe\u00ae CounterStrike\u00ae Design &amp; Installation Guide - TracPipe Canada\" \/>\n<meta property=\"og:description\" content=\"Need detailed information about TracPipe\u00ae or CounterStrike\u00ae flexible gas piping? The design guide and installation instructions includes everything you need to know.\" \/>\n<meta property=\"og:url\" content=\"https:\/\/tracpipe.com\/fr\/technical\/csst-installation-instructions\/\" \/>\n<meta property=\"og:site_name\" content=\"Tracpipe USA\" \/>\n<meta property=\"article:modified_time\" content=\"2025-05-21T13:24:30+00:00\" \/>\n<meta property=\"og:image\" content=\"https:\/\/tracpipe.com\/wp-content\/uploads\/AutoFlare.jpg\" \/>\n\t<meta property=\"og:image:width\" content=\"1920\" \/>\n\t<meta property=\"og:image:height\" content=\"1280\" \/>\n\t<meta property=\"og:image:type\" content=\"image\/jpeg\" \/>\n<meta name=\"twitter:label1\" content=\"Est. reading time\" \/>\n\t<meta name=\"twitter:data1\" content=\"1 minute\" \/>\n<script type=\"application\/ld+json\" class=\"yoast-schema-graph\">{\"@context\":\"https:\/\/schema.org\",\"@graph\":[{\"@type\":\"WebPage\",\"@id\":\"https:\/\/tracpipe.com\/technical\/csst-installation-instructions\/\",\"url\":\"https:\/\/tracpipe.com\/technical\/csst-installation-instructions\/\",\"name\":\"TracPipe\u00ae CounterStrike\u00ae Design & Installation Guide - TracPipe Canada\",\"isPartOf\":{\"@id\":\"https:\/\/tracpipe.com\/#website\"},\"primaryImageOfPage\":{\"@id\":\"https:\/\/tracpipe.com\/technical\/csst-installation-instructions\/#primaryimage\"},\"image\":{\"@id\":\"https:\/\/tracpipe.com\/technical\/csst-installation-instructions\/#primaryimage\"},\"thumbnailUrl\":\"https:\/\/tracpipe.com\/wp-content\/uploads\/AutoFlare.jpg\",\"datePublished\":\"2014-11-19T21:11:18+00:00\",\"dateModified\":\"2025-05-21T13:24:30+00:00\",\"description\":\"Need detailed information about TracPipe\u00ae or CounterStrike\u00ae flexible gas piping? The design guide and installation instructions includes everything you need to know.\",\"breadcrumb\":{\"@id\":\"https:\/\/tracpipe.com\/technical\/csst-installation-instructions\/#breadcrumb\"},\"inLanguage\":\"fr-CA\",\"potentialAction\":[{\"@type\":\"ReadAction\",\"target\":[\"https:\/\/tracpipe.com\/technical\/csst-installation-instructions\/\"]}]},{\"@type\":\"ImageObject\",\"inLanguage\":\"fr-CA\",\"@id\":\"https:\/\/tracpipe.com\/technical\/csst-installation-instructions\/#primaryimage\",\"url\":\"https:\/\/tracpipe.com\/wp-content\/uploads\/AutoFlare.jpg\",\"contentUrl\":\"https:\/\/tracpipe.com\/wp-content\/uploads\/AutoFlare.jpg\",\"width\":1920,\"height\":1280},{\"@type\":\"BreadcrumbList\",\"@id\":\"https:\/\/tracpipe.com\/technical\/csst-installation-instructions\/#breadcrumb\",\"itemListElement\":[{\"@type\":\"ListItem\",\"position\":1,\"name\":\"Home\",\"item\":\"https:\/\/tracpipe.com\/\"},{\"@type\":\"ListItem\",\"position\":2,\"name\":\"Technical Information\",\"item\":\"https:\/\/tracpipe.com\/technical\/\"},{\"@type\":\"ListItem\",\"position\":3,\"name\":\"Design &#038; Installation Guide\"}]},{\"@type\":\"WebSite\",\"@id\":\"https:\/\/tracpipe.com\/#website\",\"url\":\"https:\/\/tracpipe.com\/\",\"name\":\"Tracpipe USA\",\"description\":\"\",\"potentialAction\":[{\"@type\":\"SearchAction\",\"target\":{\"@type\":\"EntryPoint\",\"urlTemplate\":\"https:\/\/tracpipe.com\/?s={search_term_string}\"},\"query-input\":{\"@type\":\"PropertyValueSpecification\",\"valueRequired\":true,\"valueName\":\"search_term_string\"}}],\"inLanguage\":\"fr-CA\"}]}<\/script>\n<!-- \/ Yoast SEO plugin. -->","yoast_head_json":{"title":"TracPipe\u00ae CounterStrike\u00ae Guide de conception et d'installation - TracPipe Canada","description":"Vous avez besoin d'informations d\u00e9taill\u00e9es sur les conduites de gaz flexibles TracPipe\u00ae ou CounterStrike\u00ae ? Le guide de conception et les instructions d'installation comprennent tout ce que vous devez savoir.","robots":{"index":"index","follow":"follow","max-snippet":"max-snippet:-1","max-image-preview":"max-image-preview:large","max-video-preview":"max-video-preview:-1"},"canonical":"https:\/\/tracpipe.com\/fr\/technical\/csst-installation-instructions\/","og_locale":"fr_CA","og_type":"article","og_title":"TracPipe\u00ae CounterStrike\u00ae Design & Installation Guide - TracPipe Canada","og_description":"Need detailed information about TracPipe\u00ae or CounterStrike\u00ae flexible gas piping? The design guide and installation instructions includes everything you need to know.","og_url":"https:\/\/tracpipe.com\/fr\/technical\/csst-installation-instructions\/","og_site_name":"Tracpipe USA","article_modified_time":"2025-05-21T13:24:30+00:00","og_image":[{"width":1920,"height":1280,"url":"https:\/\/tracpipe.com\/wp-content\/uploads\/AutoFlare.jpg","type":"image\/jpeg"}],"twitter_misc":{"Est. reading time":"1 minute"},"schema":{"@context":"https:\/\/schema.org","@graph":[{"@type":"WebPage","@id":"https:\/\/tracpipe.com\/technical\/csst-installation-instructions\/","url":"https:\/\/tracpipe.com\/technical\/csst-installation-instructions\/","name":"TracPipe\u00ae CounterStrike\u00ae Guide de conception et d'installation - TracPipe Canada","isPartOf":{"@id":"https:\/\/tracpipe.com\/#website"},"primaryImageOfPage":{"@id":"https:\/\/tracpipe.com\/technical\/csst-installation-instructions\/#primaryimage"},"image":{"@id":"https:\/\/tracpipe.com\/technical\/csst-installation-instructions\/#primaryimage"},"thumbnailUrl":"https:\/\/tracpipe.com\/wp-content\/uploads\/AutoFlare.jpg","datePublished":"2014-11-19T21:11:18+00:00","dateModified":"2025-05-21T13:24:30+00:00","description":"Vous avez besoin d'informations d\u00e9taill\u00e9es sur les conduites de gaz flexibles TracPipe\u00ae ou CounterStrike\u00ae ? Le guide de conception et les instructions d'installation comprennent tout ce que vous devez savoir.","breadcrumb":{"@id":"https:\/\/tracpipe.com\/technical\/csst-installation-instructions\/#breadcrumb"},"inLanguage":"fr-CA","potentialAction":[{"@type":"ReadAction","target":["https:\/\/tracpipe.com\/technical\/csst-installation-instructions\/"]}]},{"@type":"ImageObject","inLanguage":"fr-CA","@id":"https:\/\/tracpipe.com\/technical\/csst-installation-instructions\/#primaryimage","url":"https:\/\/tracpipe.com\/wp-content\/uploads\/AutoFlare.jpg","contentUrl":"https:\/\/tracpipe.com\/wp-content\/uploads\/AutoFlare.jpg","width":1920,"height":1280},{"@type":"BreadcrumbList","@id":"https:\/\/tracpipe.com\/technical\/csst-installation-instructions\/#breadcrumb","itemListElement":[{"@type":"ListItem","position":1,"name":"Home","item":"https:\/\/tracpipe.com\/"},{"@type":"ListItem","position":2,"name":"Technical Information","item":"https:\/\/tracpipe.com\/technical\/"},{"@type":"ListItem","position":3,"name":"Design &#038; Installation Guide"}]},{"@type":"WebSite","@id":"https:\/\/tracpipe.com\/#website","url":"https:\/\/tracpipe.com\/","name":"Tracpipe USA","description":"","potentialAction":[{"@type":"SearchAction","target":{"@type":"EntryPoint","urlTemplate":"https:\/\/tracpipe.com\/?s={search_term_string}"},"query-input":{"@type":"PropertyValueSpecification","valueRequired":true,"valueName":"search_term_string"}}],"inLanguage":"fr-CA"}]}},"_links":{"self":[{"href":"https:\/\/tracpipe.com\/fr\/wp-json\/wp\/v2\/pages\/2638","targetHints":{"allow":["GET"]}}],"collection":[{"href":"https:\/\/tracpipe.com\/fr\/wp-json\/wp\/v2\/pages"}],"about":[{"href":"https:\/\/tracpipe.com\/fr\/wp-json\/wp\/v2\/types\/page"}],"author":[{"embeddable":true,"href":"https:\/\/tracpipe.com\/fr\/wp-json\/wp\/v2\/users\/1"}],"replies":[{"embeddable":true,"href":"https:\/\/tracpipe.com\/fr\/wp-json\/wp\/v2\/comments?post=2638"}],"version-history":[{"count":0,"href":"https:\/\/tracpipe.com\/fr\/wp-json\/wp\/v2\/pages\/2638\/revisions"}],"up":[{"embeddable":true,"href":"https:\/\/tracpipe.com\/fr\/wp-json\/wp\/v2\/pages\/1966"}],"wp:featuredmedia":[{"embeddable":true,"href":"https:\/\/tracpipe.com\/fr\/wp-json\/wp\/v2\/media\/5381"}],"wp:attachment":[{"href":"https:\/\/tracpipe.com\/fr\/wp-json\/wp\/v2\/media?parent=2638"}],"curies":[{"name":"wp","href":"https:\/\/api.w.org\/{rel}","templated":true}]}}