{"id":2610,"date":"2014-11-19T14:18:49","date_gmt":"2014-11-19T19:18:49","guid":{"rendered":"http:\/\/173.254.96.82\/~tracpipe\/?page_id=2610"},"modified":"2024-02-28T11:26:28","modified_gmt":"2024-02-28T16:26:28","slug":"psii","status":"publish","type":"page","link":"https:\/\/tracpipe.com\/fr\/csst-gas-pipe-products\/psii\/","title":{"rendered":"PSII"},"content":{"rendered":"<section id=\"\"  class=\"light\"> <div class=\"container\">  <div class=\"row\"><div class=\"col-md-9  text-default\" ><div class=\"vc_btn3-container vc_btn3-inline vc_custom_1631292049446 vc_do_btn\" ><a class=\"vc_general vc_btn3 vc_btn3-size-md vc_btn3-shape-rounded vc_btn3-style-modern vc_btn3-icon-left vc_btn3-color-blue\" href=\"https:\/\/www.tracpipe.com\/wp-content\/uploads\/FGP-099-2021revJuly.pdf\" title=\"\" target=\"_blank\"><i class=\"vc_btn3-icon\"><\/i> T\u00e9l\u00e9charger la brochure : TracPipe\u00ae PS-II<\/a><\/div>\n\t<div class=\"wpb_text_column wpb_content_element\" >\n\t\t<div class=\"wpb_wrapper\">\n\t\t\t<h2>Notre TracPipe<sup>\u00ae<\/sup> Syst\u00e8me PS-II<\/h2>\n<p>Un syst\u00e8me d'installation de gaz pr\u00e9-serti, en une seule \u00e9tape, pour les applications souterraines, sur les toits ou sur les murs ext\u00e9rieurs. TracPipe<sup>\u00ae<\/sup> Le PS-II peut \u00eatre install\u00e9 sous les b\u00e2timents, les dalles, les routes, les all\u00e9es - il est parfait pour les installations de gaz dans une vari\u00e9t\u00e9 d'applications o\u00f9 la vitesse, la fiabilit\u00e9 et la s\u00e9curit\u00e9 sont primordiales.<\/p>\n<p>TracPipe<sup>\u00ae<\/sup> Le PS-II est fabriqu\u00e9 \u00e0 partir d'OmegaFlex<sup>\u00ae<\/sup> TracPipe standard<sup>\u00ae<\/sup> Tuyau flexible en acier inoxydable gain\u00e9 d'un manchon en poly\u00e9thyl\u00e8ne pouvant \u00eatre ventil\u00e9. TracPipe<sup>\u00ae<\/sup> Le PS-II est fourni en longueurs standard sur bobines ou en longueurs coup\u00e9es sur mesure. Le produit doit \u00eatre stock\u00e9 dans un endroit qui ne l'expose pas aux dommages ou aux \u00e9l\u00e9ments ext\u00e9rieurs.<\/p>\n<p>TracPipe<sup>\u00ae<\/sup> Les raccords PS-II sont fabriqu\u00e9s \u00e0 partir de TracPipe<sup>\u00ae<\/sup> Raccords AutoFlare\u00ae brevet\u00e9s avec un raccord de confinement en plastique et un orifice d'a\u00e9ration 1\/4\" NPT. Les raccords s'assemblent sans outils sp\u00e9ciaux. <a href=\"https:\/\/tracpipe.com\/fr\/csst-gas-pipe-products\/catalog\/psii-underground-gas-line\/\">Cliquez ici pour voir les raccords TracPipe PS-II dans notre catalogue en ligne<\/a>.<\/p>\n<h3>Capacit\u00e9s des produits<\/h3>\n<ul>\n<li>TracPipe populaire<sup>\u00ae<\/sup> Produit de syst\u00e8me am\u00e9lior\u00e9 avec une gaine noire flexible, des raccords ventil\u00e9s et une ligne jaune pour les applications souterraines\/autres.<\/li>\n<li>Syst\u00e8me de confinement ventil\u00e9 pour la s\u00e9curit\u00e9 du contr\u00f4le des gaz<\/li>\n<li>S'installe en une fraction du temps n\u00e9cessaire aux autres mat\u00e9riaux de tuyauterie<\/li>\n<li>Extr\u00eamement r\u00e9sistant aux dommages<\/li>\n<li>Facile \u00e0 manipuler<\/li>\n<li>Raccords de fixation rapide<\/li>\n<li>Raccords NPT<\/li>\n<li>Grandes longueurs sans joints<\/li>\n<\/ul>\n<h3>Applications des produits<\/h3>\n<ul>\n<li>Sous b\u00e2timents\/Slab<\/li>\n<li>Toits<\/li>\n<li>Murs ext\u00e9rieurs<\/li>\n<li>Chauffages de piscine<\/li>\n<li>Laboratoires scolaires<\/li>\n<li>Barbecues<\/li>\n<li>Cha\u00eenes de l'\u00eele<\/li>\n<li>Lampes \u00e0 gaz\/Torches<\/li>\n<li>Stades<\/li>\n<\/ul>\n<h3>Avantages du produit par rapport \u00e0 d'autres mat\u00e9riaux<\/h3>\n<ul>\n<li>Co\u00fbt d'installation moins \u00e9lev\u00e9<\/li>\n<li>Temps d'installation r\u00e9duit<\/li>\n<li>Facile \u00e0 manipuler<\/li>\n<li>Flexible<\/li>\n<li>Facilit\u00e9 de connexion<\/li>\n<li>Large gamme de raccords<\/li>\n<li>Peut \u00eatre install\u00e9 sous la dalle sans protection suppl\u00e9mentaire<\/li>\n<\/ul>\n\n\t\t<\/div>\n\t<\/div>\n<\/div><div class=\"col-md-3  text-default\" >\n\t<div class=\"wpb_text_column wpb_content_element\" >\n\t\t<div class=\"wpb_wrapper\">\n\t\t\t<p><img loading=\"lazy\" decoding=\"async\" class=\"alignnone\" src=\"https:\/\/tracpipe.com\/wp-content\/uploads\/PS-II_v2a_03.jpg\" alt=\"PS-II System - TracPipe Canada\" width=\"300\" height=\"65\" \/><\/p>\n<p><img loading=\"lazy\" decoding=\"async\" class=\"alignnone\" src=\"https:\/\/tracpipe.com\/wp-content\/uploads\/PS-II_v2a_05.jpg\" alt=\"Underground Gas Pipe - TracPipe Canada\" width=\"260\" height=\"230\" \/><\/p>\n<p><img loading=\"lazy\" decoding=\"async\" class=\"alignnone\" src=\"https:\/\/tracpipe.com\/wp-content\/uploads\/PS-II_v2a_12.jpg\" alt=\"Gas Piping - TracPipe Canada\" width=\"207\" height=\"202\" \/><\/p>\n<p><img loading=\"lazy\" decoding=\"async\" class=\"alignnone\" src=\"https:\/\/tracpipe.com\/wp-content\/uploads\/PS-II_v2a_15.jpg\" alt=\"Underground Gas Pipe - TracPipe Canada\" width=\"212\" height=\"202\" \/><\/p>\n\n\t\t<\/div>\n\t<\/div>\n<\/div>  <\/div>  <\/div><\/section>","protected":false},"excerpt":{"rendered":"Download Brochure: TracPipe\u00ae PS-II Our TracPipe\u00ae PS-II System A pre-sleeved, \u201cone-step\u201d gas installation system for underground, rooftop, or exterior wall applications. TracPipe\u00ae PS-II can be installed under buildings, slab, roads, driveways\u2014it\u2019s perfect for gas installations in a variety of applications where speed, reliability, and safety are paramount. TracPipe\u00ae PS-II is constructed from OmegaFlex\u00ae standard TracPipe\u00ae [...]","protected":false},"author":1,"featured_media":5381,"parent":1932,"menu_order":0,"comment_status":"closed","ping_status":"open","template":"","meta":{"footnotes":""},"class_list":["post-2610","page","type-page","status-publish","has-post-thumbnail","hentry"],"yoast_head":"<!-- This site is optimized with the Yoast SEO plugin v27.0 - https:\/\/yoast.com\/product\/yoast-seo-wordpress\/ -->\n<title>Underground Gas Pipe | Gas Piping | PS-II System - TracPipe Canada<\/title>\n<meta name=\"description\" content=\"TracPipe PS-II underground gas piping system is a pre-sleeved for underground, rooftop, or exterior wall applications. Learn more Tracpip&#039;s gas piping systems.\" \/>\n<meta name=\"robots\" content=\"index, follow, max-snippet:-1, max-image-preview:large, max-video-preview:-1\" \/>\n<link rel=\"canonical\" href=\"https:\/\/tracpipe.com\/fr\/csst-gas-pipe-products\/psii\/\" \/>\n<meta property=\"og:locale\" content=\"fr_CA\" \/>\n<meta property=\"og:type\" content=\"article\" \/>\n<meta property=\"og:title\" content=\"Underground Gas Pipe | Gas Piping | PS-II System - TracPipe Canada\" \/>\n<meta property=\"og:description\" content=\"TracPipe PS-II underground gas piping system is a pre-sleeved for underground, rooftop, or exterior wall applications. Learn more Tracpip&#039;s gas piping systems.\" \/>\n<meta property=\"og:url\" content=\"https:\/\/tracpipe.com\/fr\/csst-gas-pipe-products\/psii\/\" \/>\n<meta property=\"og:site_name\" content=\"Tracpipe USA\" \/>\n<meta property=\"article:modified_time\" content=\"2024-02-28T16:26:28+00:00\" \/>\n<meta property=\"og:image\" content=\"https:\/\/tracpipe.com\/wp-content\/uploads\/AutoFlare.jpg\" \/>\n\t<meta property=\"og:image:width\" content=\"1920\" \/>\n\t<meta property=\"og:image:height\" content=\"1280\" \/>\n\t<meta property=\"og:image:type\" content=\"image\/jpeg\" \/>\n<meta name=\"twitter:label1\" content=\"Est. reading time\" \/>\n\t<meta name=\"twitter:data1\" content=\"3 minutes\" \/>\n<script type=\"application\/ld+json\" class=\"yoast-schema-graph\">{\"@context\":\"https:\/\/schema.org\",\"@graph\":[{\"@type\":\"WebPage\",\"@id\":\"https:\/\/tracpipe.com\/csst-gas-pipe-products\/psii\/\",\"url\":\"https:\/\/tracpipe.com\/csst-gas-pipe-products\/psii\/\",\"name\":\"Underground Gas Pipe | Gas Piping | PS-II System - TracPipe Canada\",\"isPartOf\":{\"@id\":\"https:\/\/tracpipe.com\/#website\"},\"primaryImageOfPage\":{\"@id\":\"https:\/\/tracpipe.com\/csst-gas-pipe-products\/psii\/#primaryimage\"},\"image\":{\"@id\":\"https:\/\/tracpipe.com\/csst-gas-pipe-products\/psii\/#primaryimage\"},\"thumbnailUrl\":\"https:\/\/tracpipe.com\/wp-content\/uploads\/AutoFlare.jpg\",\"datePublished\":\"2014-11-19T19:18:49+00:00\",\"dateModified\":\"2024-02-28T16:26:28+00:00\",\"description\":\"TracPipe PS-II underground gas piping system is a pre-sleeved for underground, rooftop, or exterior wall applications. Learn more Tracpip's gas piping systems.\",\"breadcrumb\":{\"@id\":\"https:\/\/tracpipe.com\/csst-gas-pipe-products\/psii\/#breadcrumb\"},\"inLanguage\":\"fr-CA\",\"potentialAction\":[{\"@type\":\"ReadAction\",\"target\":[\"https:\/\/tracpipe.com\/csst-gas-pipe-products\/psii\/\"]}]},{\"@type\":\"ImageObject\",\"inLanguage\":\"fr-CA\",\"@id\":\"https:\/\/tracpipe.com\/csst-gas-pipe-products\/psii\/#primaryimage\",\"url\":\"https:\/\/tracpipe.com\/wp-content\/uploads\/AutoFlare.jpg\",\"contentUrl\":\"https:\/\/tracpipe.com\/wp-content\/uploads\/AutoFlare.jpg\",\"width\":1920,\"height\":1280},{\"@type\":\"BreadcrumbList\",\"@id\":\"https:\/\/tracpipe.com\/csst-gas-pipe-products\/psii\/#breadcrumb\",\"itemListElement\":[{\"@type\":\"ListItem\",\"position\":1,\"name\":\"Home\",\"item\":\"https:\/\/tracpipe.com\/\"},{\"@type\":\"ListItem\",\"position\":2,\"name\":\"Gas Piping Products\",\"item\":\"https:\/\/tracpipe.com\/csst-gas-pipe-products\/\"},{\"@type\":\"ListItem\",\"position\":3,\"name\":\"PSII\"}]},{\"@type\":\"WebSite\",\"@id\":\"https:\/\/tracpipe.com\/#website\",\"url\":\"https:\/\/tracpipe.com\/\",\"name\":\"Tracpipe USA\",\"description\":\"\",\"potentialAction\":[{\"@type\":\"SearchAction\",\"target\":{\"@type\":\"EntryPoint\",\"urlTemplate\":\"https:\/\/tracpipe.com\/?s={search_term_string}\"},\"query-input\":{\"@type\":\"PropertyValueSpecification\",\"valueRequired\":true,\"valueName\":\"search_term_string\"}}],\"inLanguage\":\"fr-CA\"}]}<\/script>\n<!-- \/ Yoast SEO plugin. -->","yoast_head_json":{"title":"TracPipe Canada - TracPipe Canada - TracPipe Canada - TracPipe Canada - Tuyauterie de gaz souterraine | Tuyauterie de gaz | Syst\u00e8me PS-II - TracPipe Canada","description":"Le syst\u00e8me de tuyauterie de gaz souterraine TracPipe PS-II est un syst\u00e8me pr\u00e9-serti pour les applications souterraines, sur les toits ou sur les murs ext\u00e9rieurs. En savoir plus sur les syst\u00e8mes de canalisations de gaz de Tracpip.","robots":{"index":"index","follow":"follow","max-snippet":"max-snippet:-1","max-image-preview":"max-image-preview:large","max-video-preview":"max-video-preview:-1"},"canonical":"https:\/\/tracpipe.com\/fr\/csst-gas-pipe-products\/psii\/","og_locale":"fr_CA","og_type":"article","og_title":"Underground Gas Pipe | Gas Piping | PS-II System - TracPipe Canada","og_description":"TracPipe PS-II underground gas piping system is a pre-sleeved for underground, rooftop, or exterior wall applications. Learn more Tracpip's gas piping systems.","og_url":"https:\/\/tracpipe.com\/fr\/csst-gas-pipe-products\/psii\/","og_site_name":"Tracpipe USA","article_modified_time":"2024-02-28T16:26:28+00:00","og_image":[{"width":1920,"height":1280,"url":"https:\/\/tracpipe.com\/wp-content\/uploads\/AutoFlare.jpg","type":"image\/jpeg"}],"twitter_misc":{"Est. reading time":"3 minutes"},"schema":{"@context":"https:\/\/schema.org","@graph":[{"@type":"WebPage","@id":"https:\/\/tracpipe.com\/csst-gas-pipe-products\/psii\/","url":"https:\/\/tracpipe.com\/csst-gas-pipe-products\/psii\/","name":"TracPipe Canada - TracPipe Canada - TracPipe Canada - TracPipe Canada - Tuyauterie de gaz souterraine | Tuyauterie de gaz | Syst\u00e8me PS-II - TracPipe Canada","isPartOf":{"@id":"https:\/\/tracpipe.com\/#website"},"primaryImageOfPage":{"@id":"https:\/\/tracpipe.com\/csst-gas-pipe-products\/psii\/#primaryimage"},"image":{"@id":"https:\/\/tracpipe.com\/csst-gas-pipe-products\/psii\/#primaryimage"},"thumbnailUrl":"https:\/\/tracpipe.com\/wp-content\/uploads\/AutoFlare.jpg","datePublished":"2014-11-19T19:18:49+00:00","dateModified":"2024-02-28T16:26:28+00:00","description":"Le syst\u00e8me de tuyauterie de gaz souterraine TracPipe PS-II est un syst\u00e8me pr\u00e9-serti pour les applications souterraines, sur les toits ou sur les murs ext\u00e9rieurs. En savoir plus sur les syst\u00e8mes de canalisations de gaz de Tracpip.","breadcrumb":{"@id":"https:\/\/tracpipe.com\/csst-gas-pipe-products\/psii\/#breadcrumb"},"inLanguage":"fr-CA","potentialAction":[{"@type":"ReadAction","target":["https:\/\/tracpipe.com\/csst-gas-pipe-products\/psii\/"]}]},{"@type":"ImageObject","inLanguage":"fr-CA","@id":"https:\/\/tracpipe.com\/csst-gas-pipe-products\/psii\/#primaryimage","url":"https:\/\/tracpipe.com\/wp-content\/uploads\/AutoFlare.jpg","contentUrl":"https:\/\/tracpipe.com\/wp-content\/uploads\/AutoFlare.jpg","width":1920,"height":1280},{"@type":"BreadcrumbList","@id":"https:\/\/tracpipe.com\/csst-gas-pipe-products\/psii\/#breadcrumb","itemListElement":[{"@type":"ListItem","position":1,"name":"Home","item":"https:\/\/tracpipe.com\/"},{"@type":"ListItem","position":2,"name":"Gas Piping Products","item":"https:\/\/tracpipe.com\/csst-gas-pipe-products\/"},{"@type":"ListItem","position":3,"name":"PSII"}]},{"@type":"WebSite","@id":"https:\/\/tracpipe.com\/#website","url":"https:\/\/tracpipe.com\/","name":"Tracpipe USA","description":"","potentialAction":[{"@type":"SearchAction","target":{"@type":"EntryPoint","urlTemplate":"https:\/\/tracpipe.com\/?s={search_term_string}"},"query-input":{"@type":"PropertyValueSpecification","valueRequired":true,"valueName":"search_term_string"}}],"inLanguage":"fr-CA"}]}},"_links":{"self":[{"href":"https:\/\/tracpipe.com\/fr\/wp-json\/wp\/v2\/pages\/2610","targetHints":{"allow":["GET"]}}],"collection":[{"href":"https:\/\/tracpipe.com\/fr\/wp-json\/wp\/v2\/pages"}],"about":[{"href":"https:\/\/tracpipe.com\/fr\/wp-json\/wp\/v2\/types\/page"}],"author":[{"embeddable":true,"href":"https:\/\/tracpipe.com\/fr\/wp-json\/wp\/v2\/users\/1"}],"replies":[{"embeddable":true,"href":"https:\/\/tracpipe.com\/fr\/wp-json\/wp\/v2\/comments?post=2610"}],"version-history":[{"count":0,"href":"https:\/\/tracpipe.com\/fr\/wp-json\/wp\/v2\/pages\/2610\/revisions"}],"up":[{"embeddable":true,"href":"https:\/\/tracpipe.com\/fr\/wp-json\/wp\/v2\/pages\/1932"}],"wp:featuredmedia":[{"embeddable":true,"href":"https:\/\/tracpipe.com\/fr\/wp-json\/wp\/v2\/media\/5381"}],"wp:attachment":[{"href":"https:\/\/tracpipe.com\/fr\/wp-json\/wp\/v2\/media?parent=2610"}],"curies":[{"name":"wp","href":"https:\/\/api.w.org\/{rel}","templated":true}]}}