{"id":2508,"date":"2014-11-17T16:44:13","date_gmt":"2014-11-17T21:44:13","guid":{"rendered":"http:\/\/173.254.96.82\/~tracpipe\/?page_id=2508"},"modified":"2025-08-01T11:22:34","modified_gmt":"2025-08-01T15:22:34","slug":"mi","status":"publish","type":"page","link":"https:\/\/tracpipe.com\/fr\/representative\/mi\/","title":{"rendered":"Michigan"},"content":{"rendered":"<section id=\"\"  class=\"light\"> <div class=\"container\">  <div class=\"row\"><div class=\"col-md-12  text-default\" >\n\t<div class=\"wpb_text_column wpb_content_element\" >\n\t\t<div class=\"wpb_wrapper\">\n\t\t\t<div class=\"repContactContainer\">\n<table class=\"repContact\" cellspacing=\"0\" cellpadding=\"0\">\n<tbody>\n<tr>\n<th colspan=\"2\">Michigan<\/th>\n<\/tr>\n<tr>\n<td style=\"background: #f9f5f0;\"><strong>OmegaFlex, Inc.<\/strong><\/p>\n<ul>\n<li>451 Creamery Way<br \/>\nExton, Pennsylvanie<br \/>\n19341<\/li>\n<li><a href=\"http:\/\/www.omegaflex.com\/\" target=\"_blank\" rel=\"noopener noreferrer\">http:\/\/www.omegaflex.com<\/a><\/li>\n<\/ul>\n<\/td>\n<td style=\"background: #f9f5f0;\"><strong>Directeur r\u00e9gional des ventes pour le Midwest :<\/strong> Pete Ostaseski<\/p>\n<ul>\n<li>T\u00e9l : (502) 270.7401<\/li>\n<li>Fax : (330) 325.1739<\/li>\n<li>Courriel : <a href=\"mailto:pete.ostaseski@omegaflex.com\">pete.ostaseski@omegaflex.com<\/a><\/li>\n<\/ul>\n<\/td>\n<\/tr>\n<tr>\n<th style=\"background: #e0e0e0;\" colspan=\"2\">Tout le Michigan, y compris la p\u00e9ninsule sup\u00e9rieure, des comt\u00e9s d'Alger et de Schoolcraft vers l'est<\/th>\n<\/tr>\n<tr>\n<td style=\"background: #f9f5f0;\"><strong>Burke Agency, Inc.<\/strong><\/p>\n<ul>\n<li>2605 E. Oakley Park Rd, Suite A<\/li>\n<li>Commerce Township, MI 48390<\/li>\n<\/ul>\n<\/td>\n<td style=\"background: #f9f5f0;\"><strong>Repr\u00e9sentant des ventes :<\/strong> Brian Burke<\/p>\n<ul>\n<li>T\u00e9l : (248) 669.2800<\/li>\n<li>Fax : (248) 669.3310<\/li>\n<li>Courriel : <a href=\"mailto:bburke@burkeagency.com\">bburke@burkeagency.com<\/a><\/li>\n<\/ul>\n<\/td>\n<\/tr>\n<tr>\n<th style=\"background: #e0e0e0; text-align: center;\" colspan=\"2\">Wisconsin et p\u00e9ninsule sup\u00e9rieure du Michigan, du comt\u00e9 de Marquette et Delta vers l'ouest<\/th>\n<\/tr>\n<tr>\n<td style=\"background: #f9f5f0;\"><strong>Ventes et marketing dans le Midwest<\/strong><\/p>\n<ul>\n<li>530 Progress Dr.<\/li>\n<li>Hartland, WI 53029<\/li>\n<li><a href=\"https:\/\/mwsmrep.com\/\" target=\"_blank\" rel=\"noopener\">https:\/\/mwsmrep.com\/<\/a><\/li>\n<\/ul>\n<\/td>\n<td style=\"background: #f9f5f0;\"><strong>Repr\u00e9sentant des ventes :<\/strong> Matt Rodamer<\/p>\n<ul>\n<li>T\u00e9l. : 800-246-8440<\/li>\n<li>Courriel : <a href=\"mailto:mrodamer@mwsmrep.com\">mrodamer@mwsmrep.com<\/a><\/li>\n<\/ul>\n<\/td>\n<\/tr>\n<\/tbody>\n<\/table>\n<\/div>\n<div class=\"back-to-map\"><a href=\"https:\/\/tracpipe.com\/fr\/representative\/\">Retour \u00e0 la carte<\/a><\/div>\n\n\t\t<\/div>\n\t<\/div>\n<\/div>  <\/div>  <\/div><\/section>","protected":false},"excerpt":{"rendered":"Michigan OmegaFlex, Inc. 451 Creamery Way Exton, Pennsylvania 19341 http:\/\/www.omegaflex.com Mid-West Regional Sales Manager: Pete Ostaseski Tel: (502) 270.7401 Fax: (330) 325.1739 Email: pete.ostaseski@omegaflex.com All of Michigan including Upper Peninsula from Alger &amp; Schoolcraft Counties Eastward Burke Agency, Inc. 2605 E. Oakley Park Rd, Suite A Commerce Township, MI 48390 Sales Rep: Brian Burke Tel: [...]","protected":false},"author":1,"featured_media":5381,"parent":2299,"menu_order":0,"comment_status":"closed","ping_status":"open","template":"","meta":{"footnotes":""},"class_list":["post-2508","page","type-page","status-publish","has-post-thumbnail","hentry"],"yoast_head":"<!-- This site is optimized with the Yoast SEO plugin v27.0 - https:\/\/yoast.com\/product\/yoast-seo-wordpress\/ -->\n<title>Michigan | TracPipe\u00ae Sales Representative | Flexible Gas Pipe Sales<\/title>\n<meta name=\"description\" content=\"Local TracPipe\u00ae CounterStrike\u00ae authorized representatives in Michigan. Contact one of our sales reps today to learn more about our flexible gas piping.\" \/>\n<meta name=\"robots\" content=\"index, follow, max-snippet:-1, max-image-preview:large, max-video-preview:-1\" \/>\n<link rel=\"canonical\" href=\"https:\/\/tracpipe.com\/fr\/representative\/mi\/\" \/>\n<meta property=\"og:locale\" content=\"fr_CA\" \/>\n<meta property=\"og:type\" content=\"article\" \/>\n<meta property=\"og:title\" content=\"Michigan | TracPipe\u00ae Sales Representative | Flexible Gas Pipe Sales\" \/>\n<meta property=\"og:description\" content=\"Local TracPipe\u00ae CounterStrike\u00ae authorized representatives in Michigan. Contact one of our sales reps today to learn more about our flexible gas piping.\" \/>\n<meta property=\"og:url\" content=\"https:\/\/tracpipe.com\/fr\/representative\/mi\/\" \/>\n<meta property=\"og:site_name\" content=\"Tracpipe USA\" \/>\n<meta property=\"article:modified_time\" content=\"2025-08-01T15:22:34+00:00\" \/>\n<meta property=\"og:image\" content=\"https:\/\/tracpipe.com\/wp-content\/uploads\/AutoFlare.jpg\" \/>\n\t<meta property=\"og:image:width\" content=\"1920\" \/>\n\t<meta property=\"og:image:height\" content=\"1280\" \/>\n\t<meta property=\"og:image:type\" content=\"image\/jpeg\" \/>\n<meta name=\"twitter:label1\" content=\"Est. reading time\" \/>\n\t<meta name=\"twitter:data1\" content=\"1 minute\" \/>\n<script type=\"application\/ld+json\" class=\"yoast-schema-graph\">{\"@context\":\"https:\/\/schema.org\",\"@graph\":[{\"@type\":\"WebPage\",\"@id\":\"https:\/\/tracpipe.com\/representative\/mi\/\",\"url\":\"https:\/\/tracpipe.com\/representative\/mi\/\",\"name\":\"Michigan | TracPipe\u00ae Sales Representative | Flexible Gas Pipe Sales\",\"isPartOf\":{\"@id\":\"https:\/\/tracpipe.com\/#website\"},\"primaryImageOfPage\":{\"@id\":\"https:\/\/tracpipe.com\/representative\/mi\/#primaryimage\"},\"image\":{\"@id\":\"https:\/\/tracpipe.com\/representative\/mi\/#primaryimage\"},\"thumbnailUrl\":\"https:\/\/tracpipe.com\/wp-content\/uploads\/AutoFlare.jpg\",\"datePublished\":\"2014-11-17T21:44:13+00:00\",\"dateModified\":\"2025-08-01T15:22:34+00:00\",\"description\":\"Local TracPipe\u00ae CounterStrike\u00ae authorized representatives in Michigan. Contact one of our sales reps today to learn more about our flexible gas piping.\",\"breadcrumb\":{\"@id\":\"https:\/\/tracpipe.com\/representative\/mi\/#breadcrumb\"},\"inLanguage\":\"fr-CA\",\"potentialAction\":[{\"@type\":\"ReadAction\",\"target\":[\"https:\/\/tracpipe.com\/representative\/mi\/\"]}]},{\"@type\":\"ImageObject\",\"inLanguage\":\"fr-CA\",\"@id\":\"https:\/\/tracpipe.com\/representative\/mi\/#primaryimage\",\"url\":\"https:\/\/tracpipe.com\/wp-content\/uploads\/AutoFlare.jpg\",\"contentUrl\":\"https:\/\/tracpipe.com\/wp-content\/uploads\/AutoFlare.jpg\",\"width\":1920,\"height\":1280},{\"@type\":\"BreadcrumbList\",\"@id\":\"https:\/\/tracpipe.com\/representative\/mi\/#breadcrumb\",\"itemListElement\":[{\"@type\":\"ListItem\",\"position\":1,\"name\":\"Home\",\"item\":\"https:\/\/tracpipe.com\/\"},{\"@type\":\"ListItem\",\"position\":2,\"name\":\"Representatives\",\"item\":\"https:\/\/tracpipe.com\/representative\/\"},{\"@type\":\"ListItem\",\"position\":3,\"name\":\"Michigan\"}]},{\"@type\":\"WebSite\",\"@id\":\"https:\/\/tracpipe.com\/#website\",\"url\":\"https:\/\/tracpipe.com\/\",\"name\":\"Tracpipe USA\",\"description\":\"\",\"potentialAction\":[{\"@type\":\"SearchAction\",\"target\":{\"@type\":\"EntryPoint\",\"urlTemplate\":\"https:\/\/tracpipe.com\/?s={search_term_string}\"},\"query-input\":{\"@type\":\"PropertyValueSpecification\",\"valueRequired\":true,\"valueName\":\"search_term_string\"}}],\"inLanguage\":\"fr-CA\"}]}<\/script>\n<!-- \/ Yoast SEO plugin. -->","yoast_head_json":{"title":"Michigan | Repr\u00e9sentant commercial TracPipe\u00ae | Ventes de tuyaux de gaz flexibles","description":"Repr\u00e9sentants autoris\u00e9scidos TracPipe\u00ae CounterStrike\u00ae dans le Michigan. Contactez d\u00e8s aujourd'hui l'un de nos repr\u00e9sentants commerciaux pour en savoir plus sur notre tuyauterie de gaz flexible.","robots":{"index":"index","follow":"follow","max-snippet":"max-snippet:-1","max-image-preview":"max-image-preview:large","max-video-preview":"max-video-preview:-1"},"canonical":"https:\/\/tracpipe.com\/fr\/representative\/mi\/","og_locale":"fr_CA","og_type":"article","og_title":"Michigan | TracPipe\u00ae Sales Representative | Flexible Gas Pipe Sales","og_description":"Local TracPipe\u00ae CounterStrike\u00ae authorized representatives in Michigan. Contact one of our sales reps today to learn more about our flexible gas piping.","og_url":"https:\/\/tracpipe.com\/fr\/representative\/mi\/","og_site_name":"Tracpipe USA","article_modified_time":"2025-08-01T15:22:34+00:00","og_image":[{"width":1920,"height":1280,"url":"https:\/\/tracpipe.com\/wp-content\/uploads\/AutoFlare.jpg","type":"image\/jpeg"}],"twitter_misc":{"Est. reading time":"1 minute"},"schema":{"@context":"https:\/\/schema.org","@graph":[{"@type":"WebPage","@id":"https:\/\/tracpipe.com\/representative\/mi\/","url":"https:\/\/tracpipe.com\/representative\/mi\/","name":"Michigan | Repr\u00e9sentant commercial TracPipe\u00ae | Ventes de tuyaux de gaz flexibles","isPartOf":{"@id":"https:\/\/tracpipe.com\/#website"},"primaryImageOfPage":{"@id":"https:\/\/tracpipe.com\/representative\/mi\/#primaryimage"},"image":{"@id":"https:\/\/tracpipe.com\/representative\/mi\/#primaryimage"},"thumbnailUrl":"https:\/\/tracpipe.com\/wp-content\/uploads\/AutoFlare.jpg","datePublished":"2014-11-17T21:44:13+00:00","dateModified":"2025-08-01T15:22:34+00:00","description":"Repr\u00e9sentants autoris\u00e9scidos TracPipe\u00ae CounterStrike\u00ae dans le Michigan. Contactez d\u00e8s aujourd'hui l'un de nos repr\u00e9sentants commerciaux pour en savoir plus sur notre tuyauterie de gaz flexible.","breadcrumb":{"@id":"https:\/\/tracpipe.com\/representative\/mi\/#breadcrumb"},"inLanguage":"fr-CA","potentialAction":[{"@type":"ReadAction","target":["https:\/\/tracpipe.com\/representative\/mi\/"]}]},{"@type":"ImageObject","inLanguage":"fr-CA","@id":"https:\/\/tracpipe.com\/representative\/mi\/#primaryimage","url":"https:\/\/tracpipe.com\/wp-content\/uploads\/AutoFlare.jpg","contentUrl":"https:\/\/tracpipe.com\/wp-content\/uploads\/AutoFlare.jpg","width":1920,"height":1280},{"@type":"BreadcrumbList","@id":"https:\/\/tracpipe.com\/representative\/mi\/#breadcrumb","itemListElement":[{"@type":"ListItem","position":1,"name":"Home","item":"https:\/\/tracpipe.com\/"},{"@type":"ListItem","position":2,"name":"Representatives","item":"https:\/\/tracpipe.com\/representative\/"},{"@type":"ListItem","position":3,"name":"Michigan"}]},{"@type":"WebSite","@id":"https:\/\/tracpipe.com\/#website","url":"https:\/\/tracpipe.com\/","name":"Tracpipe USA","description":"","potentialAction":[{"@type":"SearchAction","target":{"@type":"EntryPoint","urlTemplate":"https:\/\/tracpipe.com\/?s={search_term_string}"},"query-input":{"@type":"PropertyValueSpecification","valueRequired":true,"valueName":"search_term_string"}}],"inLanguage":"fr-CA"}]}},"_links":{"self":[{"href":"https:\/\/tracpipe.com\/fr\/wp-json\/wp\/v2\/pages\/2508","targetHints":{"allow":["GET"]}}],"collection":[{"href":"https:\/\/tracpipe.com\/fr\/wp-json\/wp\/v2\/pages"}],"about":[{"href":"https:\/\/tracpipe.com\/fr\/wp-json\/wp\/v2\/types\/page"}],"author":[{"embeddable":true,"href":"https:\/\/tracpipe.com\/fr\/wp-json\/wp\/v2\/users\/1"}],"replies":[{"embeddable":true,"href":"https:\/\/tracpipe.com\/fr\/wp-json\/wp\/v2\/comments?post=2508"}],"version-history":[{"count":0,"href":"https:\/\/tracpipe.com\/fr\/wp-json\/wp\/v2\/pages\/2508\/revisions"}],"up":[{"embeddable":true,"href":"https:\/\/tracpipe.com\/fr\/wp-json\/wp\/v2\/pages\/2299"}],"wp:featuredmedia":[{"embeddable":true,"href":"https:\/\/tracpipe.com\/fr\/wp-json\/wp\/v2\/media\/5381"}],"wp:attachment":[{"href":"https:\/\/tracpipe.com\/fr\/wp-json\/wp\/v2\/media?parent=2508"}],"curies":[{"name":"wp","href":"https:\/\/api.w.org\/{rel}","templated":true}]}}