{"id":2506,"date":"2014-11-17T16:38:44","date_gmt":"2014-11-17T21:38:44","guid":{"rendered":"http:\/\/173.254.96.82\/~tracpipe\/?page_id=2506"},"modified":"2025-06-26T16:04:07","modified_gmt":"2025-06-26T20:04:07","slug":"oh","status":"publish","type":"page","link":"https:\/\/tracpipe.com\/fr\/representative\/oh\/","title":{"rendered":"Ohio"},"content":{"rendered":"<div class=\"repContactContainer\">\n<table class=\"repContact\" cellspacing=\"0\" cellpadding=\"0\">\n<tbody>\n<tr>\n<th colspan=\"2\">Ohio<\/th>\n<\/tr>\n<tr>\n<td style=\"background: #f9f5f0;\"><strong>OmegaFlex, Inc.<\/strong><\/p>\n<ul>\n<li>451 Creamery Way<br \/>\nExton, Pennsylvanie<br \/>\n19341<\/li>\n<li><a href=\"http:\/\/www.omegaflex.com\/\" target=\"_blank\" rel=\"noopener\">http:\/\/www.omegaflex.com<\/a><\/li>\n<\/ul>\n<\/td>\n<td style=\"background: #f9f5f0;\"><strong>Directeur r\u00e9gional des ventes pour le Midwest :<\/strong> Pete Ostaseski<\/p>\n<ul>\n<li>T\u00e9l : (502) 270-7401<\/li>\n<li>Fax : (330) 325.1739<\/li>\n<li>Courriel : <a href=\"mailto:pete.ostaseski@omegaflex.com\">pete.ostaseski@omegaflex.com<\/a><\/li>\n<\/ul>\n<\/td>\n<\/tr>\n<tr>\n<td style=\"background: #f9f5f0;\"><strong>Libb Co, Inc.<\/strong><\/p>\n<ul>\n<li>7860 N. Central Drive<\/li>\n<li>Lewis Center, OH 43035<\/li>\n<li>T\u00e9l : (740) 549-1516<\/li>\n<li><a href=\"http:\/\/www.libbco.com\" target=\"_blank\" rel=\"noopener\">http:\/\/www.libbco.com<\/a><\/li>\n<\/ul>\n<\/td>\n<td style=\"background: #f9f5f0;\"><strong>Repr\u00e9sentant des ventes :<\/strong> Bret Specht<\/p>\n<ul>\n<li>Cellulaire : (513) 544-4154<\/li>\n<li><span class=\"red\">Courriel :<\/span> brets@libbco.com<\/li>\n<\/ul>\n<\/td>\n<\/tr>\n<\/tbody>\n<\/table>\n<\/div>\n<div class=\"back-to-map\"><a href=\"https:\/\/tracpipe.com\/fr\/representative\/\">Retour \u00e0 la carte<\/a><\/div>","protected":false},"excerpt":{"rendered":"<p>Ohio OmegaFlex, Inc. 451 Creamery Way Exton, Pennsylvania 19341 http:\/\/www.omegaflex.com Directeur r\u00e9gional des ventes pour le centre-ouest : Pete Ostaseski T\u00e9l\u00e9phone : (502) 270-7401 T\u00e9l\u00e9copieur : (330) 325.1739 Courriel : pete.ostaseski@omegaflex.com Libb Co, Inc. 7860 N. Central Drive Lewis Center, OH 43035 Tel : (740) 549-1516 http:\/\/www.libbco.com Sales Rep : Bret Specht Cell : (513) 544-4154 Email : brets@libbco.com<\/p>","protected":false},"author":1,"featured_media":4204,"parent":2299,"menu_order":0,"comment_status":"closed","ping_status":"open","template":"","meta":{"footnotes":""},"class_list":["post-2506","page","type-page","status-publish","has-post-thumbnail","hentry"],"yoast_head":"<!-- This site is optimized with the Yoast SEO plugin v27.0 - https:\/\/yoast.com\/product\/yoast-seo-wordpress\/ -->\n<title>Ohio | TracPipe\u00ae Sales Representative | Flexible Gas Pipe Sales<\/title>\n<meta name=\"description\" content=\"Local TracPipe\u00ae CounterStrike\u00ae authorized representatives in Ohio. Contact one of our sales reps today to learn more about our flexible gas piping.\" \/>\n<meta name=\"robots\" content=\"index, follow, max-snippet:-1, max-image-preview:large, max-video-preview:-1\" \/>\n<link rel=\"canonical\" href=\"https:\/\/tracpipe.com\/fr\/representative\/oh\/\" \/>\n<meta property=\"og:locale\" content=\"fr_CA\" \/>\n<meta property=\"og:type\" content=\"article\" \/>\n<meta property=\"og:title\" content=\"Ohio | TracPipe\u00ae Sales Representative | Flexible Gas Pipe Sales\" \/>\n<meta property=\"og:description\" content=\"Local TracPipe\u00ae CounterStrike\u00ae authorized representatives in Ohio. Contact one of our sales reps today to learn more about our flexible gas piping.\" \/>\n<meta property=\"og:url\" content=\"https:\/\/tracpipe.com\/fr\/representative\/oh\/\" \/>\n<meta property=\"og:site_name\" content=\"Tracpipe USA\" \/>\n<meta property=\"article:modified_time\" content=\"2025-06-26T20:04:07+00:00\" \/>\n<meta property=\"og:image\" content=\"https:\/\/tracpipe.com\/wp-content\/uploads\/slide1-1.jpg\" \/>\n\t<meta property=\"og:image:width\" content=\"1670\" \/>\n\t<meta property=\"og:image:height\" content=\"580\" \/>\n\t<meta property=\"og:image:type\" content=\"image\/jpeg\" \/>\n<meta name=\"twitter:label1\" content=\"Est. reading time\" \/>\n\t<meta name=\"twitter:data1\" content=\"1 minute\" \/>\n<script type=\"application\/ld+json\" class=\"yoast-schema-graph\">{\"@context\":\"https:\/\/schema.org\",\"@graph\":[{\"@type\":\"WebPage\",\"@id\":\"https:\/\/tracpipe.com\/representative\/oh\/\",\"url\":\"https:\/\/tracpipe.com\/representative\/oh\/\",\"name\":\"Ohio | TracPipe\u00ae Sales Representative | Flexible Gas Pipe Sales\",\"isPartOf\":{\"@id\":\"https:\/\/tracpipe.com\/#website\"},\"primaryImageOfPage\":{\"@id\":\"https:\/\/tracpipe.com\/representative\/oh\/#primaryimage\"},\"image\":{\"@id\":\"https:\/\/tracpipe.com\/representative\/oh\/#primaryimage\"},\"thumbnailUrl\":\"https:\/\/tracpipe.com\/wp-content\/uploads\/slide1-1.jpg\",\"datePublished\":\"2014-11-17T21:38:44+00:00\",\"dateModified\":\"2025-06-26T20:04:07+00:00\",\"description\":\"Local TracPipe\u00ae CounterStrike\u00ae authorized representatives in Ohio. Contact one of our sales reps today to learn more about our flexible gas piping.\",\"breadcrumb\":{\"@id\":\"https:\/\/tracpipe.com\/representative\/oh\/#breadcrumb\"},\"inLanguage\":\"fr-CA\",\"potentialAction\":[{\"@type\":\"ReadAction\",\"target\":[\"https:\/\/tracpipe.com\/representative\/oh\/\"]}]},{\"@type\":\"ImageObject\",\"inLanguage\":\"fr-CA\",\"@id\":\"https:\/\/tracpipe.com\/representative\/oh\/#primaryimage\",\"url\":\"https:\/\/tracpipe.com\/wp-content\/uploads\/slide1-1.jpg\",\"contentUrl\":\"https:\/\/tracpipe.com\/wp-content\/uploads\/slide1-1.jpg\",\"width\":1670,\"height\":580},{\"@type\":\"BreadcrumbList\",\"@id\":\"https:\/\/tracpipe.com\/representative\/oh\/#breadcrumb\",\"itemListElement\":[{\"@type\":\"ListItem\",\"position\":1,\"name\":\"Home\",\"item\":\"https:\/\/tracpipe.com\/\"},{\"@type\":\"ListItem\",\"position\":2,\"name\":\"Representatives\",\"item\":\"https:\/\/tracpipe.com\/representative\/\"},{\"@type\":\"ListItem\",\"position\":3,\"name\":\"Ohio\"}]},{\"@type\":\"WebSite\",\"@id\":\"https:\/\/tracpipe.com\/#website\",\"url\":\"https:\/\/tracpipe.com\/\",\"name\":\"Tracpipe USA\",\"description\":\"\",\"potentialAction\":[{\"@type\":\"SearchAction\",\"target\":{\"@type\":\"EntryPoint\",\"urlTemplate\":\"https:\/\/tracpipe.com\/?s={search_term_string}\"},\"query-input\":{\"@type\":\"PropertyValueSpecification\",\"valueRequired\":true,\"valueName\":\"search_term_string\"}}],\"inLanguage\":\"fr-CA\"}]}<\/script>\n<!-- \/ Yoast SEO plugin. -->","yoast_head_json":{"title":"Ohio | Repr\u00e9sentant des ventes TracPipe\u00ae | Ventes de conduites de gaz flexibles","description":"Repr\u00e9sentants locaux autoris\u00e9s de TracPipe\u00ae CounterStrike\u00ae dans l'Ohio. Contactez l'un de nos repr\u00e9sentants d\u00e8s aujourd'hui pour en savoir plus sur nos conduites de gaz flexibles.","robots":{"index":"index","follow":"follow","max-snippet":"max-snippet:-1","max-image-preview":"max-image-preview:large","max-video-preview":"max-video-preview:-1"},"canonical":"https:\/\/tracpipe.com\/fr\/representative\/oh\/","og_locale":"fr_CA","og_type":"article","og_title":"Ohio | TracPipe\u00ae Sales Representative | Flexible Gas Pipe Sales","og_description":"Local TracPipe\u00ae CounterStrike\u00ae authorized representatives in Ohio. Contact one of our sales reps today to learn more about our flexible gas piping.","og_url":"https:\/\/tracpipe.com\/fr\/representative\/oh\/","og_site_name":"Tracpipe USA","article_modified_time":"2025-06-26T20:04:07+00:00","og_image":[{"width":1670,"height":580,"url":"https:\/\/tracpipe.com\/wp-content\/uploads\/slide1-1.jpg","type":"image\/jpeg"}],"twitter_misc":{"Est. reading time":"1 minute"},"schema":{"@context":"https:\/\/schema.org","@graph":[{"@type":"WebPage","@id":"https:\/\/tracpipe.com\/representative\/oh\/","url":"https:\/\/tracpipe.com\/representative\/oh\/","name":"Ohio | Repr\u00e9sentant des ventes TracPipe\u00ae | Ventes de conduites de gaz flexibles","isPartOf":{"@id":"https:\/\/tracpipe.com\/#website"},"primaryImageOfPage":{"@id":"https:\/\/tracpipe.com\/representative\/oh\/#primaryimage"},"image":{"@id":"https:\/\/tracpipe.com\/representative\/oh\/#primaryimage"},"thumbnailUrl":"https:\/\/tracpipe.com\/wp-content\/uploads\/slide1-1.jpg","datePublished":"2014-11-17T21:38:44+00:00","dateModified":"2025-06-26T20:04:07+00:00","description":"Repr\u00e9sentants locaux autoris\u00e9s de TracPipe\u00ae CounterStrike\u00ae dans l'Ohio. Contactez l'un de nos repr\u00e9sentants d\u00e8s aujourd'hui pour en savoir plus sur nos conduites de gaz flexibles.","breadcrumb":{"@id":"https:\/\/tracpipe.com\/representative\/oh\/#breadcrumb"},"inLanguage":"fr-CA","potentialAction":[{"@type":"ReadAction","target":["https:\/\/tracpipe.com\/representative\/oh\/"]}]},{"@type":"ImageObject","inLanguage":"fr-CA","@id":"https:\/\/tracpipe.com\/representative\/oh\/#primaryimage","url":"https:\/\/tracpipe.com\/wp-content\/uploads\/slide1-1.jpg","contentUrl":"https:\/\/tracpipe.com\/wp-content\/uploads\/slide1-1.jpg","width":1670,"height":580},{"@type":"BreadcrumbList","@id":"https:\/\/tracpipe.com\/representative\/oh\/#breadcrumb","itemListElement":[{"@type":"ListItem","position":1,"name":"Home","item":"https:\/\/tracpipe.com\/"},{"@type":"ListItem","position":2,"name":"Representatives","item":"https:\/\/tracpipe.com\/representative\/"},{"@type":"ListItem","position":3,"name":"Ohio"}]},{"@type":"WebSite","@id":"https:\/\/tracpipe.com\/#website","url":"https:\/\/tracpipe.com\/","name":"Tracpipe USA","description":"","potentialAction":[{"@type":"SearchAction","target":{"@type":"EntryPoint","urlTemplate":"https:\/\/tracpipe.com\/?s={search_term_string}"},"query-input":{"@type":"PropertyValueSpecification","valueRequired":true,"valueName":"search_term_string"}}],"inLanguage":"fr-CA"}]}},"_links":{"self":[{"href":"https:\/\/tracpipe.com\/fr\/wp-json\/wp\/v2\/pages\/2506","targetHints":{"allow":["GET"]}}],"collection":[{"href":"https:\/\/tracpipe.com\/fr\/wp-json\/wp\/v2\/pages"}],"about":[{"href":"https:\/\/tracpipe.com\/fr\/wp-json\/wp\/v2\/types\/page"}],"author":[{"embeddable":true,"href":"https:\/\/tracpipe.com\/fr\/wp-json\/wp\/v2\/users\/1"}],"replies":[{"embeddable":true,"href":"https:\/\/tracpipe.com\/fr\/wp-json\/wp\/v2\/comments?post=2506"}],"version-history":[{"count":0,"href":"https:\/\/tracpipe.com\/fr\/wp-json\/wp\/v2\/pages\/2506\/revisions"}],"up":[{"embeddable":true,"href":"https:\/\/tracpipe.com\/fr\/wp-json\/wp\/v2\/pages\/2299"}],"wp:featuredmedia":[{"embeddable":true,"href":"https:\/\/tracpipe.com\/fr\/wp-json\/wp\/v2\/media\/4204"}],"wp:attachment":[{"href":"https:\/\/tracpipe.com\/fr\/wp-json\/wp\/v2\/media?parent=2506"}],"curies":[{"name":"wp","href":"https:\/\/api.w.org\/{rel}","templated":true}]}}