{"id":2369,"date":"2014-11-17T09:32:30","date_gmt":"2014-11-17T14:32:30","guid":{"rendered":"http:\/\/173.254.96.82\/~tracpipe\/?page_id=2369"},"modified":"2020-08-27T11:31:58","modified_gmt":"2020-08-27T15:31:58","slug":"autosnap-fittings","status":"publish","type":"page","link":"https:\/\/tracpipe.com\/fr\/csst-gas-pipe-products\/catalog\/autosnap-fittings\/","title":{"rendered":"AutoSnap<sup>\u00ae<\/sup> Raccords"},"content":{"rendered":"<section id=\"\"  class=\"light\"> <div class=\"container\">  <div class=\"row\"><div class=\"col-md-4  text-default\" >\n\t<div class=\"wpb_text_column wpb_content_element\" >\n\t\t<div class=\"wpb_wrapper\">\n\t\t\t<div class=\"product\">\n<p><img loading=\"lazy\" decoding=\"async\" class=\"alignnone\" src=\"https:\/\/tracpipe.com\/wp-content\/uploads\/autosnap_fitting.jpg\" alt=\"AutoSnap Gas Pipe Fittings\" width=\"200\" height=\"200\" \/><\/p>\n<p>Photo(s) repr\u00e9sentative(s) des pi\u00e8ces de ce groupe.<\/p>\n<\/div>\n\n\t\t<\/div>\n\t<\/div>\n\n\t<div class=\"wpb_text_column wpb_content_element\" >\n\t\t<div class=\"wpb_wrapper\">\n\t\t\t<p>Les nouveaux raccords AutoSnap\u00ae sont les seuls raccords CSST qui ne n\u00e9cessitent pas de d\u00e9montage ou de remontage du raccord sur le tube... Il suffit de tourner, d'encliqueter, de serrer et le tour est jou\u00e9 !<\/p>\n\n\t\t<\/div>\n\t<\/div>\n<\/div><div class=\"col-md-8  text-default\" >\n\t<div class=\"wpb_text_column wpb_content_element\" >\n\t\t<div class=\"wpb_wrapper\">\n\t\t\t<p>Les nouveaux raccords AutoSnap\u00ae sont les seuls raccords CSST qui ne n\u00e9cessitent pas de d\u00e9montage ou de remontage du raccord sur le tube... Il suffit de tourner, d'encliqueter, de serrer et le tour est jou\u00e9 !<\/p>\n<ul>\n<li><a href=\"https:\/\/tracpipe.com\/fr\/csst-gas-pipe-products\/catalog\/autosnap-fittings\/straight-fittings\/\">Raccords droits<\/a><\/li>\n<li><a href=\"https:\/\/tracpipe.com\/fr\/csst-gas-pipe-products\/catalog\/autosnap-fittings\/couplings\/\">Accouplements<\/a><\/li>\n<li><a href=\"https:\/\/tracpipe.com\/fr\/csst-gas-pipe-products\/catalog\/autosnap-fittings\/female-straight-fittings\/\">Raccords droits femelles<\/a><\/li>\n<li><a href=\"https:\/\/tracpipe.com\/fr\/csst-gas-pipe-products\/catalog\/autosnap-fittings\/flange-fittings\/\">Raccords \u00e0 bride<\/a><\/li>\n<li><a href=\"https:\/\/tracpipe.com\/fr\/csst-gas-pipe-products\/catalog\/autosnap-fittings\/reducing-fittings\/\">Raccords de r\u00e9duction<\/a><\/li>\n<li><a href=\"https:\/\/tracpipe.com\/fr\/csst-gas-pipe-products\/catalog\/autosnap-fittings\/tees\/\">Tee's<\/a><\/li>\n<li><a href=\"https:\/\/tracpipe.com\/fr\/csst-gas-pipe-products\/catalog\/autosnap-fittings\/wall-boxes\/\">Bo\u00eetes murales<\/a><\/li>\n<\/ul>\n\n\t\t<\/div>\n\t<\/div>\n\n\t<div  class=\"wpb_single_image wpb_content_element vc_align_center wpb_content_element  prettyphoto\">\n\t\t\n\t\t<figure class=\"wpb_wrapper vc_figure\">\n\t\t\t<a href=\"\/fr\/autosnap-fittings-video\/\" target=\"\" class=\"vc_single_image-wrapper   vc_box_border_grey\"><img loading=\"lazy\" decoding=\"async\" width=\"878\" height=\"109\" src=\"https:\/\/tracpipe.com\/wp-content\/uploads\/Unknown.jpeg\" class=\"vc_single_image-img attachment-full\" alt=\"\" title=\"Inconnu\" srcset=\"https:\/\/tracpipe.com\/wp-content\/uploads\/Unknown.jpeg 878w, https:\/\/tracpipe.com\/wp-content\/uploads\/Unknown-300x37.jpeg 300w, https:\/\/tracpipe.com\/wp-content\/uploads\/Unknown-768x95.jpeg 768w\" sizes=\"auto, (max-width: 878px) 100vw, 878px\" \/><\/a>\n\t\t<\/figure>\n\t<\/div>\n<\/div>  <\/div>  <\/div><\/section>","protected":false},"excerpt":{"rendered":"Representative photo(s) of the parts in this group. The new AutoSnap\u00ae fittings are the only CSST fitting that do not require disassembly or reassembly of the fitting to the tubing...Just Twist, Snap, Tighten and you are Done! The new AutoSnap\u00ae fittings are the only CSST fitting that do not require disassembly or reassembly of the [...]","protected":false},"author":1,"featured_media":4204,"parent":2125,"menu_order":0,"comment_status":"closed","ping_status":"open","template":"","meta":{"footnotes":""},"class_list":["post-2369","page","type-page","status-publish","has-post-thumbnail","hentry"],"yoast_head":"<!-- This site is optimized with the Yoast SEO plugin v27.0 - https:\/\/yoast.com\/product\/yoast-seo-wordpress\/ -->\n<title>AutoSnap\u00ae Fittings | AutoFlare Straight Fittings - TracPipe\u00ae Canada<\/title>\n<meta name=\"description\" content=\"TracPipe\u00ae CounterStrike\u00ae AutoSnap\u00ae straight fittings for corrugated stainless steel tubing (CSST). Flexible gas piping by OmegaFlex\u00ae.\" \/>\n<meta name=\"robots\" content=\"index, follow, max-snippet:-1, max-image-preview:large, max-video-preview:-1\" \/>\n<link rel=\"canonical\" href=\"https:\/\/tracpipe.com\/fr\/csst-gas-pipe-products\/catalog\/autosnap-fittings\/\" \/>\n<meta property=\"og:locale\" content=\"fr_CA\" \/>\n<meta property=\"og:type\" content=\"article\" \/>\n<meta property=\"og:title\" content=\"AutoSnap\u00ae Fittings | AutoFlare Straight Fittings - TracPipe\u00ae Canada\" \/>\n<meta property=\"og:description\" content=\"TracPipe\u00ae CounterStrike\u00ae AutoSnap\u00ae straight fittings for corrugated stainless steel tubing (CSST). Flexible gas piping by OmegaFlex\u00ae.\" \/>\n<meta property=\"og:url\" content=\"https:\/\/tracpipe.com\/fr\/csst-gas-pipe-products\/catalog\/autosnap-fittings\/\" \/>\n<meta property=\"og:site_name\" content=\"Tracpipe USA\" \/>\n<meta property=\"article:modified_time\" content=\"2020-08-27T15:31:58+00:00\" \/>\n<meta property=\"og:image\" content=\"https:\/\/tracpipe.com\/wp-content\/uploads\/AutoFlare.jpg\" \/>\n\t<meta property=\"og:image:width\" content=\"1670\" \/>\n\t<meta property=\"og:image:height\" content=\"580\" \/>\n\t<meta property=\"og:image:type\" content=\"image\/jpeg\" \/>\n<meta name=\"twitter:label1\" content=\"Est. reading time\" \/>\n\t<meta name=\"twitter:data1\" content=\"1 minute\" \/>\n<script type=\"application\/ld+json\" class=\"yoast-schema-graph\">{\"@context\":\"https:\/\/schema.org\",\"@graph\":[{\"@type\":\"WebPage\",\"@id\":\"https:\/\/tracpipe.com\/csst-gas-pipe-products\/catalog\/autosnap-fittings\/\",\"url\":\"https:\/\/tracpipe.com\/csst-gas-pipe-products\/catalog\/autosnap-fittings\/\",\"name\":\"AutoSnap\u00ae Fittings | AutoFlare Straight Fittings - TracPipe\u00ae Canada\",\"isPartOf\":{\"@id\":\"https:\/\/tracpipe.com\/#website\"},\"primaryImageOfPage\":{\"@id\":\"https:\/\/tracpipe.com\/csst-gas-pipe-products\/catalog\/autosnap-fittings\/#primaryimage\"},\"image\":{\"@id\":\"https:\/\/tracpipe.com\/csst-gas-pipe-products\/catalog\/autosnap-fittings\/#primaryimage\"},\"thumbnailUrl\":\"https:\/\/tracpipe.com\/wp-content\/uploads\/slide1-1.jpg\",\"datePublished\":\"2014-11-17T14:32:30+00:00\",\"dateModified\":\"2020-08-27T15:31:58+00:00\",\"description\":\"TracPipe\u00ae CounterStrike\u00ae AutoSnap\u00ae straight fittings for corrugated stainless steel tubing (CSST). Flexible gas piping by OmegaFlex\u00ae.\",\"breadcrumb\":{\"@id\":\"https:\/\/tracpipe.com\/csst-gas-pipe-products\/catalog\/autosnap-fittings\/#breadcrumb\"},\"inLanguage\":\"fr-CA\",\"potentialAction\":[{\"@type\":\"ReadAction\",\"target\":[\"https:\/\/tracpipe.com\/csst-gas-pipe-products\/catalog\/autosnap-fittings\/\"]}]},{\"@type\":\"ImageObject\",\"inLanguage\":\"fr-CA\",\"@id\":\"https:\/\/tracpipe.com\/csst-gas-pipe-products\/catalog\/autosnap-fittings\/#primaryimage\",\"url\":\"https:\/\/tracpipe.com\/wp-content\/uploads\/slide1-1.jpg\",\"contentUrl\":\"https:\/\/tracpipe.com\/wp-content\/uploads\/slide1-1.jpg\",\"width\":1670,\"height\":580},{\"@type\":\"BreadcrumbList\",\"@id\":\"https:\/\/tracpipe.com\/csst-gas-pipe-products\/catalog\/autosnap-fittings\/#breadcrumb\",\"itemListElement\":[{\"@type\":\"ListItem\",\"position\":1,\"name\":\"Home\",\"item\":\"https:\/\/tracpipe.com\/\"},{\"@type\":\"ListItem\",\"position\":2,\"name\":\"Gas Piping Products\",\"item\":\"https:\/\/tracpipe.com\/csst-gas-pipe-products\/\"},{\"@type\":\"ListItem\",\"position\":3,\"name\":\"Product Catalog\",\"item\":\"https:\/\/tracpipe.com\/csst-gas-pipe-products\/catalog\/\"},{\"@type\":\"ListItem\",\"position\":4,\"name\":\"AutoSnap\u00ae Fittings\"}]},{\"@type\":\"WebSite\",\"@id\":\"https:\/\/tracpipe.com\/#website\",\"url\":\"https:\/\/tracpipe.com\/\",\"name\":\"Tracpipe USA\",\"description\":\"\",\"potentialAction\":[{\"@type\":\"SearchAction\",\"target\":{\"@type\":\"EntryPoint\",\"urlTemplate\":\"https:\/\/tracpipe.com\/?s={search_term_string}\"},\"query-input\":{\"@type\":\"PropertyValueSpecification\",\"valueRequired\":true,\"valueName\":\"search_term_string\"}}],\"inLanguage\":\"fr-CA\"}]}<\/script>\n<!-- \/ Yoast SEO plugin. -->","yoast_head_json":{"title":"Raccords AutoSnap\u00ae | Raccords droits AutoFlare - TracPipe\u00ae Canada","description":"Raccords droits TracPipe\u00ae CounterStrike\u00ae AutoSnap\u00ae pour tuyaux flexibles en acier inoxydable ondul\u00e9 (CSST). Tuyauterie de gaz flexible par OmegaFlex\u00ae.","robots":{"index":"index","follow":"follow","max-snippet":"max-snippet:-1","max-image-preview":"max-image-preview:large","max-video-preview":"max-video-preview:-1"},"canonical":"https:\/\/tracpipe.com\/fr\/csst-gas-pipe-products\/catalog\/autosnap-fittings\/","og_locale":"fr_CA","og_type":"article","og_title":"AutoSnap\u00ae Fittings | AutoFlare Straight Fittings - TracPipe\u00ae Canada","og_description":"TracPipe\u00ae CounterStrike\u00ae AutoSnap\u00ae straight fittings for corrugated stainless steel tubing (CSST). Flexible gas piping by OmegaFlex\u00ae.","og_url":"https:\/\/tracpipe.com\/fr\/csst-gas-pipe-products\/catalog\/autosnap-fittings\/","og_site_name":"Tracpipe USA","article_modified_time":"2020-08-27T15:31:58+00:00","og_image":[{"width":1670,"height":580,"url":"https:\/\/tracpipe.com\/wp-content\/uploads\/AutoFlare.jpg","type":"image\/jpeg"}],"twitter_misc":{"Est. reading time":"1 minute"},"schema":{"@context":"https:\/\/schema.org","@graph":[{"@type":"WebPage","@id":"https:\/\/tracpipe.com\/csst-gas-pipe-products\/catalog\/autosnap-fittings\/","url":"https:\/\/tracpipe.com\/csst-gas-pipe-products\/catalog\/autosnap-fittings\/","name":"Raccords AutoSnap\u00ae | Raccords droits AutoFlare - TracPipe\u00ae Canada","isPartOf":{"@id":"https:\/\/tracpipe.com\/#website"},"primaryImageOfPage":{"@id":"https:\/\/tracpipe.com\/csst-gas-pipe-products\/catalog\/autosnap-fittings\/#primaryimage"},"image":{"@id":"https:\/\/tracpipe.com\/csst-gas-pipe-products\/catalog\/autosnap-fittings\/#primaryimage"},"thumbnailUrl":"https:\/\/tracpipe.com\/wp-content\/uploads\/slide1-1.jpg","datePublished":"2014-11-17T14:32:30+00:00","dateModified":"2020-08-27T15:31:58+00:00","description":"Raccords droits TracPipe\u00ae CounterStrike\u00ae AutoSnap\u00ae pour tuyaux flexibles en acier inoxydable ondul\u00e9 (CSST). Tuyauterie de gaz flexible par OmegaFlex\u00ae.","breadcrumb":{"@id":"https:\/\/tracpipe.com\/csst-gas-pipe-products\/catalog\/autosnap-fittings\/#breadcrumb"},"inLanguage":"fr-CA","potentialAction":[{"@type":"ReadAction","target":["https:\/\/tracpipe.com\/csst-gas-pipe-products\/catalog\/autosnap-fittings\/"]}]},{"@type":"ImageObject","inLanguage":"fr-CA","@id":"https:\/\/tracpipe.com\/csst-gas-pipe-products\/catalog\/autosnap-fittings\/#primaryimage","url":"https:\/\/tracpipe.com\/wp-content\/uploads\/slide1-1.jpg","contentUrl":"https:\/\/tracpipe.com\/wp-content\/uploads\/slide1-1.jpg","width":1670,"height":580},{"@type":"BreadcrumbList","@id":"https:\/\/tracpipe.com\/csst-gas-pipe-products\/catalog\/autosnap-fittings\/#breadcrumb","itemListElement":[{"@type":"ListItem","position":1,"name":"Home","item":"https:\/\/tracpipe.com\/"},{"@type":"ListItem","position":2,"name":"Gas Piping Products","item":"https:\/\/tracpipe.com\/csst-gas-pipe-products\/"},{"@type":"ListItem","position":3,"name":"Product Catalog","item":"https:\/\/tracpipe.com\/csst-gas-pipe-products\/catalog\/"},{"@type":"ListItem","position":4,"name":"AutoSnap\u00ae Fittings"}]},{"@type":"WebSite","@id":"https:\/\/tracpipe.com\/#website","url":"https:\/\/tracpipe.com\/","name":"Tracpipe USA","description":"","potentialAction":[{"@type":"SearchAction","target":{"@type":"EntryPoint","urlTemplate":"https:\/\/tracpipe.com\/?s={search_term_string}"},"query-input":{"@type":"PropertyValueSpecification","valueRequired":true,"valueName":"search_term_string"}}],"inLanguage":"fr-CA"}]}},"_links":{"self":[{"href":"https:\/\/tracpipe.com\/fr\/wp-json\/wp\/v2\/pages\/2369","targetHints":{"allow":["GET"]}}],"collection":[{"href":"https:\/\/tracpipe.com\/fr\/wp-json\/wp\/v2\/pages"}],"about":[{"href":"https:\/\/tracpipe.com\/fr\/wp-json\/wp\/v2\/types\/page"}],"author":[{"embeddable":true,"href":"https:\/\/tracpipe.com\/fr\/wp-json\/wp\/v2\/users\/1"}],"replies":[{"embeddable":true,"href":"https:\/\/tracpipe.com\/fr\/wp-json\/wp\/v2\/comments?post=2369"}],"version-history":[{"count":0,"href":"https:\/\/tracpipe.com\/fr\/wp-json\/wp\/v2\/pages\/2369\/revisions"}],"up":[{"embeddable":true,"href":"https:\/\/tracpipe.com\/fr\/wp-json\/wp\/v2\/pages\/2125"}],"wp:featuredmedia":[{"embeddable":true,"href":"https:\/\/tracpipe.com\/fr\/wp-json\/wp\/v2\/media\/4204"}],"wp:attachment":[{"href":"https:\/\/tracpipe.com\/fr\/wp-json\/wp\/v2\/media?parent=2369"}],"curies":[{"name":"wp","href":"https:\/\/api.w.org\/{rel}","templated":true}]}}