{"id":2314,"date":"2014-11-14T15:29:21","date_gmt":"2014-11-14T20:29:21","guid":{"rendered":"http:\/\/173.254.96.82\/~tracpipe\/?page_id=2314"},"modified":"2024-02-28T11:27:56","modified_gmt":"2024-02-28T16:27:56","slug":"commercial-case-studies","status":"publish","type":"page","link":"https:\/\/tracpipe.com\/fr\/commercial-gas-pipe\/commercial-case-studies\/","title":{"rendered":"\u00c9tudes de cas commerciaux"},"content":{"rendered":"<section id=\"\"  class=\"light\"> <div class=\"container\">  <div class=\"row\"><div class=\"col-md-12  text-default\" >\n\t<div class=\"wpb_text_column wpb_content_element\" >\n\t\t<div class=\"wpb_wrapper\">\n\t\t\t<p>Pour lire nos derni\u00e8res \u00e9tudes de cas commerciales, cliquez sur les liens dans le menu de navigation \u00e0 gauche.<\/p>\n<h2>TracPipe<sup>\u00ae<\/sup> CounterStrike<sup>\u00ae<\/sup> est s\u00fbr et \u00e9prouv\u00e9<\/h2>\n<p>Les travaux de tuyauterie de gaz commercial pour les r\u00e9sidences assist\u00e9es, les \u00e9coles, les immeubles de grande hauteur, les entrep\u00f4ts et les usines sont maintenant r\u00e9alis\u00e9s \u00e0 l'\u00e9chelle nationale avec TracPipe.<sup>\u00ae<\/sup> CounterStrike<sup>\u00ae<\/sup> les conduites de gaz flexibles. Les conduites de gaz flexibles sont utilis\u00e9es dans le commerce aux \u00c9tats-Unis et au Canada depuis 1989.<\/p>\n<h2>TracPipe<sup>\u00ae<\/sup> CounterStrike<sup>\u00ae<\/sup> est comp\u00e9titif pour les offres commerciales<\/h2>\n<p>Une pression \u00e9lev\u00e9e et des dimensions allant jusqu'\u00e0 2\u2033 fournissent le volume de gaz requis pour les applications commerciales. Nos tuyaux de 2\u2033 TracPipe<sup>\u00ae<\/sup> CounterStrike<sup>\u00ae<\/sup> est l'\u00e9quivalent d'un tuyau en fonte noire \u00e0 basse pression de 5\u2033- 6\u2033 lorsque votre service public local fournit une pression \u00e9lev\u00e9e de 5 PSI. TracPipe<sup>\u00ae<\/sup> CounterStrike<sup>\u00ae<\/sup> permet de gagner des jours, voire des semaines, sur le temps n\u00e9cessaire \u00e0 l'installation d'un tuyau commercial en fonte noire. TracPipe<sup>\u00ae<\/sup> CounterStrike<sup>\u00ae<\/sup>Les grandes longueurs continues des tuyaux rigides vous permettent de tirer un tron\u00e7on sur toute la longueur du b\u00e2timent aussi rapidement que votre monte-charge peut vous d\u00e9placer. La plupart des entrepreneurs r\u00e9alisent des \u00e9conomies allant jusqu'\u00e0 80 % du temps estim\u00e9 pour l'installation de tuyaux rigides.<\/p>\n<ul>\n<li>TracPipe<sup>\u00ae<\/sup> CounterStrike<sup>\u00ae<\/sup> se plie et se conforme \u00e0 la main - pas de joints autour d'obstacles ou sur de longues distances - \u00e9liminant la majorit\u00e9 des voies de fuite potentielles.<\/li>\n<li>Il suffit de tirer TracPipe<sup>\u00ae<\/sup> CounterStrike<sup>\u00ae<\/sup> \u00e0 partir de la bobine et coup\u00e9 \u00e0 l'aide d'un coupe-tube - pas de mesures exactes ni de coupe laborieuse. Pas de filetage ni de soudure.<\/li>\n<li>TracPipe<sup>\u00ae<\/sup> CounterStrike<sup>\u00ae<\/sup> Les installations l\u00e9g\u00e8res au-dessus de la t\u00eate sont faciles \u00e0 r\u00e9aliser et les installations sur les toits permettent de r\u00e9aliser des \u00e9conomies suppl\u00e9mentaires.<\/li>\n<\/ul>\n<h2>TracPipe<sup>\u00ae<\/sup> CounterStrike<sup>\u00ae<\/sup> est une bonne affaire<\/h2>\n<ul>\n<li>\u00c9liminez les blessures sur le lieu de travail dues \u00e0 la manipulation de lourds tuyaux en fer et r\u00e9duisez le risque de demandes d'indemnisation pour accident du travail.<\/li>\n<li>\u00c9liminez les camions lourds et co\u00fbteux. TracPipe<sup>\u00ae<\/sup> CounterStrike<sup>\u00ae<\/sup> peuvent \u00eatre facilement livr\u00e9s sur votre chantier dans une camionnette l\u00e9g\u00e8re.<\/li>\n<li>D\u00e9veloppez votre activit\u00e9 sans embaucher de nouvelles \u00e9quipes ni acheter de nouveaux \u00e9quipements. Gagnez des appels d'offres avec TracPipe \u00e0 pression \u00e9lev\u00e9e<sup>\u00ae<\/sup> CounterStrike<sup>\u00ae<\/sup> installations.<\/li>\n<\/ul>\n<h2>OmegaFlex conna\u00eet les ficelles du m\u00e9tier<\/h2>\n<p>TracPipe<sup>\u00ae<\/sup> CounterStrike<sup>\u00ae<\/sup>Le logiciel Specifier vous guidera dans le processus de dimensionnement et nous vous aiderons \u00e0 r\u00e9gler les d\u00e9tails de la pression \u00e9lev\u00e9e avec votre compagnie d'\u00e9lectricit\u00e9 locale.<\/p>\n\n\t\t<\/div>\n\t<\/div>\n<\/div>  <\/div>  <\/div><\/section>","protected":false},"excerpt":{"rendered":"To read our latest Commercial Case Studies, click the links in the navigation menu to the left. TracPipe\u00ae CounterStrike\u00ae is safe and proven Commercial gas piping jobs for assisted living, schools, hi-rise buildings, warehouses, and factories are now being completed nationwide with TracPipe\u00ae CounterStrike\u00ae flexible gas piping. Flexible gas piping has been in trade use [...]","protected":false},"author":1,"featured_media":5381,"parent":1968,"menu_order":0,"comment_status":"closed","ping_status":"open","template":"","meta":{"footnotes":""},"class_list":["post-2314","page","type-page","status-publish","has-post-thumbnail","hentry"],"yoast_head":"<!-- This site is optimized with the Yoast SEO plugin v27.0 - https:\/\/yoast.com\/product\/yoast-seo-wordpress\/ -->\n<title>Commercial Gas Piping Case Studies | Commercial Gas Line - TracPipe<\/title>\n<meta name=\"description\" content=\"Commercial gas piping jobs for schools, hi-rise buildings, and factories are now being completed nationwide with TracPipe\u00ae CounterStrike\u00ae flexible gas piping.\" \/>\n<meta name=\"robots\" content=\"index, follow, max-snippet:-1, max-image-preview:large, max-video-preview:-1\" \/>\n<link rel=\"canonical\" href=\"https:\/\/tracpipe.com\/fr\/commercial-gas-pipe\/commercial-case-studies\/\" \/>\n<meta property=\"og:locale\" content=\"fr_CA\" \/>\n<meta property=\"og:type\" content=\"article\" \/>\n<meta property=\"og:title\" content=\"Commercial Gas Piping Case Studies | Commercial Gas Line - TracPipe\" \/>\n<meta property=\"og:description\" content=\"Commercial gas piping jobs for schools, hi-rise buildings, and factories are now being completed nationwide with TracPipe\u00ae CounterStrike\u00ae flexible gas piping.\" \/>\n<meta property=\"og:url\" content=\"https:\/\/tracpipe.com\/fr\/commercial-gas-pipe\/commercial-case-studies\/\" \/>\n<meta property=\"og:site_name\" content=\"Tracpipe USA\" \/>\n<meta property=\"article:modified_time\" content=\"2024-02-28T16:27:56+00:00\" \/>\n<meta property=\"og:image\" content=\"https:\/\/tracpipe.com\/wp-content\/uploads\/AutoFlare.jpg\" \/>\n\t<meta property=\"og:image:width\" content=\"1920\" \/>\n\t<meta property=\"og:image:height\" content=\"1280\" \/>\n\t<meta property=\"og:image:type\" content=\"image\/jpeg\" \/>\n<meta name=\"twitter:label1\" content=\"Est. reading time\" \/>\n\t<meta name=\"twitter:data1\" content=\"2 minutes\" \/>\n<script type=\"application\/ld+json\" class=\"yoast-schema-graph\">{\"@context\":\"https:\/\/schema.org\",\"@graph\":[{\"@type\":\"WebPage\",\"@id\":\"https:\/\/tracpipe.com\/commercial-gas-pipe\/commercial-case-studies\/\",\"url\":\"https:\/\/tracpipe.com\/commercial-gas-pipe\/commercial-case-studies\/\",\"name\":\"Commercial Gas Piping Case Studies | Commercial Gas Line - TracPipe\",\"isPartOf\":{\"@id\":\"https:\/\/tracpipe.com\/#website\"},\"primaryImageOfPage\":{\"@id\":\"https:\/\/tracpipe.com\/commercial-gas-pipe\/commercial-case-studies\/#primaryimage\"},\"image\":{\"@id\":\"https:\/\/tracpipe.com\/commercial-gas-pipe\/commercial-case-studies\/#primaryimage\"},\"thumbnailUrl\":\"https:\/\/tracpipe.com\/wp-content\/uploads\/AutoFlare.jpg\",\"datePublished\":\"2014-11-14T20:29:21+00:00\",\"dateModified\":\"2024-02-28T16:27:56+00:00\",\"description\":\"Commercial gas piping jobs for schools, hi-rise buildings, and factories are now being completed nationwide with TracPipe\u00ae CounterStrike\u00ae flexible gas piping.\",\"breadcrumb\":{\"@id\":\"https:\/\/tracpipe.com\/commercial-gas-pipe\/commercial-case-studies\/#breadcrumb\"},\"inLanguage\":\"fr-CA\",\"potentialAction\":[{\"@type\":\"ReadAction\",\"target\":[\"https:\/\/tracpipe.com\/commercial-gas-pipe\/commercial-case-studies\/\"]}]},{\"@type\":\"ImageObject\",\"inLanguage\":\"fr-CA\",\"@id\":\"https:\/\/tracpipe.com\/commercial-gas-pipe\/commercial-case-studies\/#primaryimage\",\"url\":\"https:\/\/tracpipe.com\/wp-content\/uploads\/AutoFlare.jpg\",\"contentUrl\":\"https:\/\/tracpipe.com\/wp-content\/uploads\/AutoFlare.jpg\",\"width\":1920,\"height\":1280},{\"@type\":\"BreadcrumbList\",\"@id\":\"https:\/\/tracpipe.com\/commercial-gas-pipe\/commercial-case-studies\/#breadcrumb\",\"itemListElement\":[{\"@type\":\"ListItem\",\"position\":1,\"name\":\"Home\",\"item\":\"https:\/\/tracpipe.com\/\"},{\"@type\":\"ListItem\",\"position\":2,\"name\":\"Commercial Applications\",\"item\":\"https:\/\/tracpipe.com\/commercial-gas-pipe\/\"},{\"@type\":\"ListItem\",\"position\":3,\"name\":\"Commercial Case Studies\"}]},{\"@type\":\"WebSite\",\"@id\":\"https:\/\/tracpipe.com\/#website\",\"url\":\"https:\/\/tracpipe.com\/\",\"name\":\"Tracpipe USA\",\"description\":\"\",\"potentialAction\":[{\"@type\":\"SearchAction\",\"target\":{\"@type\":\"EntryPoint\",\"urlTemplate\":\"https:\/\/tracpipe.com\/?s={search_term_string}\"},\"query-input\":{\"@type\":\"PropertyValueSpecification\",\"valueRequired\":true,\"valueName\":\"search_term_string\"}}],\"inLanguage\":\"fr-CA\"}]}<\/script>\n<!-- \/ Yoast SEO plugin. -->","yoast_head_json":{"title":"\u00c9tudes de cas de tuyauterie de gaz commerciale | Ligne de gaz commerciale - TracPipe","description":"Les travaux de tuyauterie de gaz commercial pour les \u00e9coles, les immeubles de grande hauteur et les usines sont maintenant r\u00e9alis\u00e9s dans tout le pays avec la tuyauterie de gaz flexible de TracPipe\u00ae CounterStrike\u00ae.","robots":{"index":"index","follow":"follow","max-snippet":"max-snippet:-1","max-image-preview":"max-image-preview:large","max-video-preview":"max-video-preview:-1"},"canonical":"https:\/\/tracpipe.com\/fr\/commercial-gas-pipe\/commercial-case-studies\/","og_locale":"fr_CA","og_type":"article","og_title":"Commercial Gas Piping Case Studies | Commercial Gas Line - TracPipe","og_description":"Commercial gas piping jobs for schools, hi-rise buildings, and factories are now being completed nationwide with TracPipe\u00ae CounterStrike\u00ae flexible gas piping.","og_url":"https:\/\/tracpipe.com\/fr\/commercial-gas-pipe\/commercial-case-studies\/","og_site_name":"Tracpipe USA","article_modified_time":"2024-02-28T16:27:56+00:00","og_image":[{"width":1920,"height":1280,"url":"https:\/\/tracpipe.com\/wp-content\/uploads\/AutoFlare.jpg","type":"image\/jpeg"}],"twitter_misc":{"Est. reading time":"2 minutes"},"schema":{"@context":"https:\/\/schema.org","@graph":[{"@type":"WebPage","@id":"https:\/\/tracpipe.com\/commercial-gas-pipe\/commercial-case-studies\/","url":"https:\/\/tracpipe.com\/commercial-gas-pipe\/commercial-case-studies\/","name":"\u00c9tudes de cas de tuyauterie de gaz commerciale | Ligne de gaz commerciale - TracPipe","isPartOf":{"@id":"https:\/\/tracpipe.com\/#website"},"primaryImageOfPage":{"@id":"https:\/\/tracpipe.com\/commercial-gas-pipe\/commercial-case-studies\/#primaryimage"},"image":{"@id":"https:\/\/tracpipe.com\/commercial-gas-pipe\/commercial-case-studies\/#primaryimage"},"thumbnailUrl":"https:\/\/tracpipe.com\/wp-content\/uploads\/AutoFlare.jpg","datePublished":"2014-11-14T20:29:21+00:00","dateModified":"2024-02-28T16:27:56+00:00","description":"Les travaux de tuyauterie de gaz commercial pour les \u00e9coles, les immeubles de grande hauteur et les usines sont maintenant r\u00e9alis\u00e9s dans tout le pays avec la tuyauterie de gaz flexible de TracPipe\u00ae CounterStrike\u00ae.","breadcrumb":{"@id":"https:\/\/tracpipe.com\/commercial-gas-pipe\/commercial-case-studies\/#breadcrumb"},"inLanguage":"fr-CA","potentialAction":[{"@type":"ReadAction","target":["https:\/\/tracpipe.com\/commercial-gas-pipe\/commercial-case-studies\/"]}]},{"@type":"ImageObject","inLanguage":"fr-CA","@id":"https:\/\/tracpipe.com\/commercial-gas-pipe\/commercial-case-studies\/#primaryimage","url":"https:\/\/tracpipe.com\/wp-content\/uploads\/AutoFlare.jpg","contentUrl":"https:\/\/tracpipe.com\/wp-content\/uploads\/AutoFlare.jpg","width":1920,"height":1280},{"@type":"BreadcrumbList","@id":"https:\/\/tracpipe.com\/commercial-gas-pipe\/commercial-case-studies\/#breadcrumb","itemListElement":[{"@type":"ListItem","position":1,"name":"Home","item":"https:\/\/tracpipe.com\/"},{"@type":"ListItem","position":2,"name":"Commercial Applications","item":"https:\/\/tracpipe.com\/commercial-gas-pipe\/"},{"@type":"ListItem","position":3,"name":"Commercial Case Studies"}]},{"@type":"WebSite","@id":"https:\/\/tracpipe.com\/#website","url":"https:\/\/tracpipe.com\/","name":"Tracpipe USA","description":"","potentialAction":[{"@type":"SearchAction","target":{"@type":"EntryPoint","urlTemplate":"https:\/\/tracpipe.com\/?s={search_term_string}"},"query-input":{"@type":"PropertyValueSpecification","valueRequired":true,"valueName":"search_term_string"}}],"inLanguage":"fr-CA"}]}},"_links":{"self":[{"href":"https:\/\/tracpipe.com\/fr\/wp-json\/wp\/v2\/pages\/2314","targetHints":{"allow":["GET"]}}],"collection":[{"href":"https:\/\/tracpipe.com\/fr\/wp-json\/wp\/v2\/pages"}],"about":[{"href":"https:\/\/tracpipe.com\/fr\/wp-json\/wp\/v2\/types\/page"}],"author":[{"embeddable":true,"href":"https:\/\/tracpipe.com\/fr\/wp-json\/wp\/v2\/users\/1"}],"replies":[{"embeddable":true,"href":"https:\/\/tracpipe.com\/fr\/wp-json\/wp\/v2\/comments?post=2314"}],"version-history":[{"count":0,"href":"https:\/\/tracpipe.com\/fr\/wp-json\/wp\/v2\/pages\/2314\/revisions"}],"up":[{"embeddable":true,"href":"https:\/\/tracpipe.com\/fr\/wp-json\/wp\/v2\/pages\/1968"}],"wp:featuredmedia":[{"embeddable":true,"href":"https:\/\/tracpipe.com\/fr\/wp-json\/wp\/v2\/media\/5381"}],"wp:attachment":[{"href":"https:\/\/tracpipe.com\/fr\/wp-json\/wp\/v2\/media?parent=2314"}],"curies":[{"name":"wp","href":"https:\/\/api.w.org\/{rel}","templated":true}]}}