{"id":2299,"date":"2014-11-14T14:37:36","date_gmt":"2014-11-14T19:37:36","guid":{"rendered":"http:\/\/173.254.96.82\/~tracpipe\/?page_id=2299"},"modified":"2025-07-28T11:17:19","modified_gmt":"2025-07-28T15:17:19","slug":"representative","status":"publish","type":"page","link":"https:\/\/tracpipe.com\/fr\/representative\/","title":{"rendered":"Repr\u00e9sentants"},"content":{"rendered":"<section id=\"rep-header\"  class=\"light\"> <div class=\"container\">  <div class=\"row\"><div class=\"col-md-6  text-default\" >\n\t<div class=\"wpb_text_column wpb_content_element\" >\n\t\t<div class=\"wpb_wrapper\">\n\t\t\t<ul id=\"menu-contact-menu\" class=\"menu\">\n<li id=\"menu-item-3577\" class=\"menu-item menu-item-type-post_type menu-item-object-page current-page-parent menu-item-3577\"><span style=\"color: #ffffff;\"><a style=\"color: #ffffff;\" href=\"https:\/\/tracpipe.com\/fr\/contact\/\">Contact<\/a><\/span><\/li>\n<li id=\"menu-item-3594\" class=\"menu-item menu-item-type-post_type menu-item-object-page menu-item-3594\"><span style=\"color: #ffffff;\"><a style=\"color: #ffffff;\" href=\"https:\/\/tracpipe.com\/fr\/contact\/directions\/\">Plan d'acc\u00e8s<\/a><\/span><\/li>\n<li id=\"menu-item-3578\" class=\"menu-item menu-item-type-post_type menu-item-object-page menu-item-3578\"><span style=\"color: #ffffff;\"><a style=\"color: #ffffff;\" href=\"https:\/\/tracpipe.com\/fr\/contact\/feedback\/\">Retour d'information<\/a><\/span><\/li>\n<li id=\"menu-item-3579\" class=\"menu-item menu-item-type-post_type menu-item-object-page menu-item-3579\"><span style=\"color: #ffffff;\"><a style=\"color: #ffffff;\" href=\"https:\/\/tracpipe.com\/fr\/contact\/management\/\">Contact de gestion<\/a><\/span><\/li>\n<li id=\"menu-item-3593\" class=\"menu-item menu-item-type-post_type menu-item-object-page current-menu-item page_item page-item-2299 current_page_item menu-item-3593\"><span style=\"color: #ffffff;\"><a style=\"color: #ffffff;\" href=\"https:\/\/tracpipe.com\/fr\/representative\/\" aria-current=\"page\">Contact Rep<\/a><\/span><\/li>\n<\/ul>\n\n\t\t<\/div>\n\t<\/div>\n<\/div><div class=\"col-md-6  text-default\" >\n\t<div  class=\"wpb_single_image wpb_content_element vc_align_left wpb_content_element\">\n\t\t\n\t\t<figure class=\"wpb_wrapper vc_figure\">\n\t\t\t<a href=\"https:\/\/tracpipe.com\/fr\/csst-gas-pipe-products\/catalog\/\" target=\"\" class=\"vc_single_image-wrapper   vc_box_border_grey\"><img decoding=\"async\"  src=\"https:\/\/tracpipe.com\/wp-content\/themes\/tracpipe\/images\/callout_catalog.gif\" class=\"vc_single_image-img\" loading=\"lazy\"\" \/><\/a>\n\t\t<\/figure>\n\t<\/div>\n\n\t<div  class=\"wpb_single_image wpb_content_element vc_align_left wpb_content_element\">\n\t\t\n\t\t<figure class=\"wpb_wrapper vc_figure\">\n\t\t\t<a href=\"https:\/\/tracpipe.com\/fr\/contact\/\" target=\"\" class=\"vc_single_image-wrapper   vc_box_border_grey\"><img decoding=\"async\"  src=\"https:\/\/tracpipe.com\/wp-content\/themes\/tracpipe\/images\/callout_contact.gif\" class=\"vc_single_image-img\" loading=\"lazy\"\" \/><\/a>\n\t\t<\/figure>\n\t<\/div>\n<\/div>  <\/div>  <\/div><\/section><section id=\"\"  class=\"light\"> <div class=\"container\">  <div class=\"row\"><div class=\"col-md-12  text-default\" >\n\t<div class=\"wpb_text_column wpb_content_element\" >\n\t\t<div class=\"wpb_wrapper\">\n\t\t\t<p class=\"padding-fix\">Si vous souhaitez parler \u00e0 un repr\u00e9sentant local, veuillez utiliser notre outil de recherche de repr\u00e9sentants pour trouver le repr\u00e9sentant TracPipe de votre territoire.<br \/>\nCliquez sur votre \u00e9tat, province ou pays pour obtenir les coordonn\u00e9es de votre repr\u00e9sentant TracPipe.<\/p>\n<div class=\"map_wrapper\" id=\"map_wrapper_5623\">\n<div class=\"map_box\" style=\"max-width:2000px\">\n<div class=\"map_aspect_ratio\" style=\"padding-top:56%\" data-padding-top=\"56%\" data-padding-top-mobile=\"0%\">\n<div class=\"map_container\">\n<div class=\"map_render map_loading\" id=\"map_5623\"><\/div>\n<\/div>\n<\/div>\n<\/div>\n<\/div>\n<div class=\"map_wrapper\" id=\"map_wrapper_5594\">\n<div class=\"map_box\" style=\"max-width:2000px\">\n<div class=\"map_aspect_ratio\" style=\"padding-top:56%\" data-padding-top=\"56%\" data-padding-top-mobile=\"0%\">\n<div class=\"map_container\">\n<div class=\"map_render map_loading\" id=\"map_5594\"><\/div>\n<\/div>\n<\/div>\n<\/div>\n<\/div>\n\n\t\t<\/div>\n\t<\/div>\n<\/div>  <\/div>  <\/div><\/section><section id=\"\"  class=\"light\"> <div class=\"container\">  <div class=\"row\"><div class=\"col-md-12  text-default\" >\n\t<div class=\"wpb_raw_code wpb_raw_html wpb_content_element\" >\n\t\t<div class=\"wpb_wrapper\">\n\t\t\t<style>\n    .padding-fix {\n        margin-bottom:-60px;\n        margin-top:-25px;\n    }\n\n<\/style>\n\t\t<\/div>\n\t<\/div>\n<\/div>  <\/div>  <\/div><\/section>","protected":false},"excerpt":{"rendered":"Contact Directions routi\u00e8res R\u00e9troaction Gestion Contact Rep Contact Si vous souhaitez parler \u00e0 un repr\u00e9sentant local, veuillez utiliser notre outil de recherche de repr\u00e9sentants pour trouver le repr\u00e9sentant TracPipe de votre territoire. Cliquez sur votre \u00e9tat, province ou pays pour obtenir les coordonn\u00e9es de votre repr\u00e9sentant TracPipe.","protected":false},"author":1,"featured_media":5381,"parent":0,"menu_order":0,"comment_status":"closed","ping_status":"open","template":"","meta":{"footnotes":""},"class_list":["post-2299","page","type-page","status-publish","has-post-thumbnail","hentry"],"yoast_head":"<!-- This site is optimized with the Yoast SEO plugin v27.0 - https:\/\/yoast.com\/product\/yoast-seo-wordpress\/ -->\n<title>Find a TracPipe\u00ae Sales Representative | Flexible Gas Pipe Sales<\/title>\n<meta name=\"description\" content=\"If you are interested in speaking with a local representative, please use our rep finder to locate the TracPipe\u00ae rep for your territory.\" \/>\n<meta name=\"robots\" content=\"index, follow, max-snippet:-1, max-image-preview:large, max-video-preview:-1\" \/>\n<link rel=\"canonical\" href=\"https:\/\/tracpipe.com\/fr\/representative\/\" \/>\n<meta property=\"og:locale\" content=\"fr_CA\" \/>\n<meta property=\"og:type\" content=\"article\" \/>\n<meta property=\"og:title\" content=\"Find a TracPipe\u00ae Sales Representative | Flexible Gas Pipe Sales\" \/>\n<meta property=\"og:description\" content=\"If you are interested in speaking with a local representative, please use our rep finder to locate the TracPipe\u00ae rep for your territory.\" \/>\n<meta property=\"og:url\" content=\"https:\/\/tracpipe.com\/fr\/representative\/\" \/>\n<meta property=\"og:site_name\" content=\"Tracpipe USA\" \/>\n<meta property=\"article:modified_time\" content=\"2025-07-28T15:17:19+00:00\" \/>\n<meta property=\"og:image\" content=\"https:\/\/tracpipe.com\/wp-content\/uploads\/AutoFlare.jpg\" \/>\n\t<meta property=\"og:image:width\" content=\"1920\" \/>\n\t<meta property=\"og:image:height\" content=\"1280\" \/>\n\t<meta property=\"og:image:type\" content=\"image\/jpeg\" \/>\n<meta name=\"twitter:label1\" content=\"Est. reading time\" \/>\n\t<meta name=\"twitter:data1\" content=\"1 minute\" \/>\n<script type=\"application\/ld+json\" class=\"yoast-schema-graph\">{\"@context\":\"https:\/\/schema.org\",\"@graph\":[{\"@type\":\"WebPage\",\"@id\":\"https:\/\/tracpipe.com\/representative\/\",\"url\":\"https:\/\/tracpipe.com\/representative\/\",\"name\":\"Find a TracPipe\u00ae Sales Representative | Flexible Gas Pipe Sales\",\"isPartOf\":{\"@id\":\"https:\/\/tracpipe.com\/#website\"},\"primaryImageOfPage\":{\"@id\":\"https:\/\/tracpipe.com\/representative\/#primaryimage\"},\"image\":{\"@id\":\"https:\/\/tracpipe.com\/representative\/#primaryimage\"},\"thumbnailUrl\":\"https:\/\/tracpipe.com\/wp-content\/uploads\/AutoFlare.jpg\",\"datePublished\":\"2014-11-14T19:37:36+00:00\",\"dateModified\":\"2025-07-28T15:17:19+00:00\",\"description\":\"If you are interested in speaking with a local representative, please use our rep finder to locate the TracPipe\u00ae rep for your territory.\",\"breadcrumb\":{\"@id\":\"https:\/\/tracpipe.com\/representative\/#breadcrumb\"},\"inLanguage\":\"fr-CA\",\"potentialAction\":[{\"@type\":\"ReadAction\",\"target\":[\"https:\/\/tracpipe.com\/representative\/\"]}]},{\"@type\":\"ImageObject\",\"inLanguage\":\"fr-CA\",\"@id\":\"https:\/\/tracpipe.com\/representative\/#primaryimage\",\"url\":\"https:\/\/tracpipe.com\/wp-content\/uploads\/AutoFlare.jpg\",\"contentUrl\":\"https:\/\/tracpipe.com\/wp-content\/uploads\/AutoFlare.jpg\",\"width\":1920,\"height\":1280},{\"@type\":\"BreadcrumbList\",\"@id\":\"https:\/\/tracpipe.com\/representative\/#breadcrumb\",\"itemListElement\":[{\"@type\":\"ListItem\",\"position\":1,\"name\":\"Home\",\"item\":\"https:\/\/tracpipe.com\/\"},{\"@type\":\"ListItem\",\"position\":2,\"name\":\"Representatives\"}]},{\"@type\":\"WebSite\",\"@id\":\"https:\/\/tracpipe.com\/#website\",\"url\":\"https:\/\/tracpipe.com\/\",\"name\":\"Tracpipe USA\",\"description\":\"\",\"potentialAction\":[{\"@type\":\"SearchAction\",\"target\":{\"@type\":\"EntryPoint\",\"urlTemplate\":\"https:\/\/tracpipe.com\/?s={search_term_string}\"},\"query-input\":{\"@type\":\"PropertyValueSpecification\",\"valueRequired\":true,\"valueName\":\"search_term_string\"}}],\"inLanguage\":\"fr-CA\"}]}<\/script>\n<!-- \/ Yoast SEO plugin. -->","yoast_head_json":{"title":"Trouver un repr\u00e9sentant TracPipe\u00ae | Ventes de conduites de gaz flexibles","description":"Si vous souhaitez parler \u00e0 un repr\u00e9sentant local, veuillez utiliser notre outil de recherche de repr\u00e9sentants pour trouver le repr\u00e9sentant TracPipe\u00ae de votre territoire.","robots":{"index":"index","follow":"follow","max-snippet":"max-snippet:-1","max-image-preview":"max-image-preview:large","max-video-preview":"max-video-preview:-1"},"canonical":"https:\/\/tracpipe.com\/fr\/representative\/","og_locale":"fr_CA","og_type":"article","og_title":"Find a TracPipe\u00ae Sales Representative | Flexible Gas Pipe Sales","og_description":"If you are interested in speaking with a local representative, please use our rep finder to locate the TracPipe\u00ae rep for your territory.","og_url":"https:\/\/tracpipe.com\/fr\/representative\/","og_site_name":"Tracpipe USA","article_modified_time":"2025-07-28T15:17:19+00:00","og_image":[{"width":1920,"height":1280,"url":"https:\/\/tracpipe.com\/wp-content\/uploads\/AutoFlare.jpg","type":"image\/jpeg"}],"twitter_misc":{"Est. reading time":"1 minute"},"schema":{"@context":"https:\/\/schema.org","@graph":[{"@type":"WebPage","@id":"https:\/\/tracpipe.com\/representative\/","url":"https:\/\/tracpipe.com\/representative\/","name":"Trouver un repr\u00e9sentant TracPipe\u00ae | Ventes de conduites de gaz flexibles","isPartOf":{"@id":"https:\/\/tracpipe.com\/#website"},"primaryImageOfPage":{"@id":"https:\/\/tracpipe.com\/representative\/#primaryimage"},"image":{"@id":"https:\/\/tracpipe.com\/representative\/#primaryimage"},"thumbnailUrl":"https:\/\/tracpipe.com\/wp-content\/uploads\/AutoFlare.jpg","datePublished":"2014-11-14T19:37:36+00:00","dateModified":"2025-07-28T15:17:19+00:00","description":"Si vous souhaitez parler \u00e0 un repr\u00e9sentant local, veuillez utiliser notre outil de recherche de repr\u00e9sentants pour trouver le repr\u00e9sentant TracPipe\u00ae de votre territoire.","breadcrumb":{"@id":"https:\/\/tracpipe.com\/representative\/#breadcrumb"},"inLanguage":"fr-CA","potentialAction":[{"@type":"ReadAction","target":["https:\/\/tracpipe.com\/representative\/"]}]},{"@type":"ImageObject","inLanguage":"fr-CA","@id":"https:\/\/tracpipe.com\/representative\/#primaryimage","url":"https:\/\/tracpipe.com\/wp-content\/uploads\/AutoFlare.jpg","contentUrl":"https:\/\/tracpipe.com\/wp-content\/uploads\/AutoFlare.jpg","width":1920,"height":1280},{"@type":"BreadcrumbList","@id":"https:\/\/tracpipe.com\/representative\/#breadcrumb","itemListElement":[{"@type":"ListItem","position":1,"name":"Home","item":"https:\/\/tracpipe.com\/"},{"@type":"ListItem","position":2,"name":"Representatives"}]},{"@type":"WebSite","@id":"https:\/\/tracpipe.com\/#website","url":"https:\/\/tracpipe.com\/","name":"Tracpipe USA","description":"","potentialAction":[{"@type":"SearchAction","target":{"@type":"EntryPoint","urlTemplate":"https:\/\/tracpipe.com\/?s={search_term_string}"},"query-input":{"@type":"PropertyValueSpecification","valueRequired":true,"valueName":"search_term_string"}}],"inLanguage":"fr-CA"}]}},"_links":{"self":[{"href":"https:\/\/tracpipe.com\/fr\/wp-json\/wp\/v2\/pages\/2299","targetHints":{"allow":["GET"]}}],"collection":[{"href":"https:\/\/tracpipe.com\/fr\/wp-json\/wp\/v2\/pages"}],"about":[{"href":"https:\/\/tracpipe.com\/fr\/wp-json\/wp\/v2\/types\/page"}],"author":[{"embeddable":true,"href":"https:\/\/tracpipe.com\/fr\/wp-json\/wp\/v2\/users\/1"}],"replies":[{"embeddable":true,"href":"https:\/\/tracpipe.com\/fr\/wp-json\/wp\/v2\/comments?post=2299"}],"version-history":[{"count":0,"href":"https:\/\/tracpipe.com\/fr\/wp-json\/wp\/v2\/pages\/2299\/revisions"}],"wp:featuredmedia":[{"embeddable":true,"href":"https:\/\/tracpipe.com\/fr\/wp-json\/wp\/v2\/media\/5381"}],"wp:attachment":[{"href":"https:\/\/tracpipe.com\/fr\/wp-json\/wp\/v2\/media?parent=2299"}],"curies":[{"name":"wp","href":"https:\/\/api.w.org\/{rel}","templated":true}]}}