{"id":1899,"date":"2014-08-25T12:37:34","date_gmt":"2014-08-25T16:37:34","guid":{"rendered":"http:\/\/plethorathemes.com\/dev\/cleanstart\/?page_id=10"},"modified":"2025-05-20T12:50:55","modified_gmt":"2025-05-20T16:50:55","slug":"home","status":"publish","type":"page","link":"https:\/\/tracpipe.com\/fr\/","title":{"rendered":"Accueil"},"content":{"rendered":"<section id=\"\"  class=\"light\"> <div class=\"container\">  <div class=\"row\"><div class=\"col-md-12  text-default\" >\n\t<div  class=\"wpb_single_image wpb_content_element vc_align_center wpb_content_element vc_custom_1747759788595  prettyphoto\">\n\t\t\n\t\t<figure class=\"wpb_wrapper vc_figure\">\n\t\t\t<div class=\"vc_single_image-wrapper   vc_box_border_grey\"><img loading=\"lazy\" decoding=\"async\" width=\"300\" height=\"90\" src=\"https:\/\/tracpipe.com\/wp-content\/uploads\/2025-IBS-TNAH-Logo-Participant-Black-300x90.png\" class=\"vc_single_image-img attachment-medium\" alt=\"\" title=\"2025 IBS TNAH Logo Participant Noir\" srcset=\"https:\/\/tracpipe.com\/wp-content\/uploads\/2025-IBS-TNAH-Logo-Participant-Black-300x90.png 300w, https:\/\/tracpipe.com\/wp-content\/uploads\/2025-IBS-TNAH-Logo-Participant-Black-1024x308.png 1024w, https:\/\/tracpipe.com\/wp-content\/uploads\/2025-IBS-TNAH-Logo-Participant-Black-768x231.png 768w, https:\/\/tracpipe.com\/wp-content\/uploads\/2025-IBS-TNAH-Logo-Participant-Black-18x5.png 18w, https:\/\/tracpipe.com\/wp-content\/uploads\/2025-IBS-TNAH-Logo-Participant-Black.png 1202w\" sizes=\"auto, (max-width: 300px) 100vw, 300px\" \/><\/div>\n\t\t<\/figure>\n\t<\/div>\n<\/div>  <\/div>  <\/div><\/section><section id=\"\"  class=\"light\"> <div class=\"container\">  <div class=\"row\"><div class=\"col-md-3  text-default\" >\n\t<div class=\"wpb_raw_code wpb_raw_html wpb_content_element\" >\n\t\t<div class=\"wpb_wrapper\">\n\t\t\t<div style=\"padding:56.25% 0 0 0;position:relative;\"><iframe src=\"https:\/\/player.vimeo.com\/video\/1078421430?title=0&amp;byline=0&amp;portrait=0&amp;badge=0&amp;autopause=0&amp;player_id=0&amp;app_id=58479\" frameborder=\"0\" allow=\"autoplay; fullscreen; picture-in-picture; clipboard-write; encrypted-media\" style=\"position:absolute;top:0;left:0;width:100%;height:100%;\" title=\"FGP-755 Rev 0325 TNAH 2025 Vid\u00e9o 1\"><\/iframe><\/div><script src=https:\/\/player.vimeo.com\/api\/player.js><\/script>\n\t\t<\/div>\n\t<\/div>\n<\/div><div class=\"col-md-3  text-default\" >\n\t<div class=\"wpb_raw_code wpb_raw_html wpb_content_element\" >\n\t\t<div class=\"wpb_wrapper\">\n\t\t\t<div style=\"padding:56.25% 0 0 0;position:relative;\"><iframe src=\"https:\/\/player.vimeo.com\/video\/1078421468?title=0&amp;byline=0&amp;portrait=0&amp;badge=0&amp;autopause=0&amp;player_id=0&amp;app_id=58479\" frameborder=\"0\" allow=\"autoplay; fullscreen; picture-in-picture; clipboard-write; encrypted-media\" style=\"position:absolute;top:0;left:0;width:100%;height:100%;\" title=\"FGP-756 Rev 0325 TNAH 2025 Vid\u00e9o 2\"><\/iframe><\/div><script src=https:\/\/player.vimeo.com\/api\/player.js><\/script>\n\t\t<\/div>\n\t<\/div>\n<\/div><div class=\"col-md-3  text-default\" >\n\t<div class=\"wpb_raw_code wpb_raw_html wpb_content_element\" >\n\t\t<div class=\"wpb_wrapper\">\n\t\t\t<div style=\"padding:56.25% 0 0 0;position:relative;\"><iframe src=\"https:\/\/player.vimeo.com\/video\/1078421541?title=0&amp;byline=0&amp;portrait=0&amp;badge=0&amp;autopause=0&amp;player_id=0&amp;app_id=58479\" frameborder=\"0\" allow=\"autoplay; fullscreen; picture-in-picture; clipboard-write; encrypted-media\" style=\"position:absolute;top:0;left:0;width:100%;height:100%;\" title=\"FGP-757 Rev 0325 TNAH 2025 Video 3\"><\/iframe><\/div><script src=https:\/\/player.vimeo.com\/api\/player.js><\/script>\n\t\t<\/div>\n\t<\/div>\n<\/div><div class=\"col-md-3  text-default\" >\n\t<div class=\"wpb_raw_code wpb_raw_html wpb_content_element\" >\n\t\t<div class=\"wpb_wrapper\">\n\t\t\t<div style=\"padding:56.25% 0 0 0;position:relative;\"><iframe src=\"https:\/\/player.vimeo.com\/video\/1078421601?title=0&amp;byline=0&amp;portrait=0&amp;badge=0&amp;autopause=0&amp;player_id=0&amp;app_id=58479\" frameborder=\"0\" allow=\"autoplay; fullscreen; picture-in-picture; clipboard-write; encrypted-media\" style=\"position:absolute;top:0;left:0;width:100%;height:100%;\" title=\"FGP-758 Rev 0325 TNAH 2025 Video 4\"><\/iframe><\/div><script src=https:\/\/player.vimeo.com\/api\/player.js><\/script>\n\t\t<\/div>\n\t<\/div>\n<\/div>  <\/div>  <\/div><\/section><section id=\"tp_homeServices\"  class=\"light following_dark\"> <div class=\"container\">  <div class=\"row\"><div class=\"col-md-4  text-default\" style=\"border-right:1px solid #cccccc;\"><div class='feature_teaser'>\n  <img alt='Gas Piping Products' src='https:\/\/tracpipe.com\/wp-content\/uploads\/icon-catalog.png'>\n  <h3>Catalogue des produits<\/h3>\n<p><a href=\"\/wp-content\/uploads\/FGP-745-Rev-0425-USA_Catalog-2025.pdf\" target=\"_blank\" rel=\"noopener noreferrer\">Voir le catalogue complet des produits de tuyauterie de gaz<\/a><\/p>\n\n<\/div><\/div><div class=\"col-md-4  text-default\" style=\"border-right:1px solid #cccccc;\"><div class='feature_teaser'>\n  <img alt='Gas Piping Design and Installation Guide' src='https:\/\/tracpipe.com\/wp-content\/uploads\/icon-guide.png'>\n  <h3>Guide de conception et d'installation<\/h3>\n<p><a href=\"https:\/\/tracpipe.com\/fr\/technical\/csst-installation-instructions\/\">T\u00e9l\u00e9charger le guide de conception et d'installation<\/a><\/p>\n\n<\/div><\/div><div class=\"col-md-4  text-default\" ><div class='feature_teaser'>\n  <img alt='Gas Piping Pricing Sheet' src='https:\/\/tracpipe.com\/wp-content\/uploads\/icon-pricing.png'>\n  <h3>Fiche de prix<\/h3>\n<p><a href=\"https:\/\/tracpipe.com\/fr\/gas-piping-products\/pricing\/\">T\u00e9l\u00e9charger notre fiche tarifaire<\/a><\/p>\n\n<\/div><\/div><div class=\"col-md-12  text-default\" ><div class=\"vc_empty_space\"   style=\"height: 40px\"><span class=\"vc_empty_space_inner\"><\/span><\/div><\/div>  <\/div>  <\/div><\/section><section id=\"\"  class=\"light\"> <div class=\"container\">  <div class=\"row\"><div class=\"col-md-12  text-default\" >\n\t<div class=\"wpb_text_column wpb_content_element\" >\n\t\t<div class=\"wpb_wrapper\">\n\t\t\t\n\t\t<\/div>\n\t<\/div>\n<\/div>  <\/div>  <\/div><\/section>","protected":false},"excerpt":{"rendered":"Catalogue des produits Consulter le catalogue complet des produits de tuyauterie gazi\u00e8re Guide de conception et d'installation T\u00e9l\u00e9charger le guide de conception et d'installation Fiche de prix T\u00e9l\u00e9charger notre fiche de prix","protected":false},"author":1,"featured_media":5381,"parent":0,"menu_order":0,"comment_status":"closed","ping_status":"open","template":"","meta":{"footnotes":""},"class_list":["post-1899","page","type-page","status-publish","has-post-thumbnail","hentry"],"yoast_head":"<!-- This site is optimized with the Yoast SEO plugin v27.0 - https:\/\/yoast.com\/product\/yoast-seo-wordpress\/ -->\n<title>CSST | Omegaflex | Gas Piping | Piping Systems - TracPipe Canada<\/title>\n<meta name=\"description\" content=\"TracPipe Canada offers superior corrugated stainless steel tubing paired with OmegaFlex&#039;s gas piping systems to be used on natural gas &amp; propane installations.\" \/>\n<meta name=\"robots\" content=\"index, follow, max-snippet:-1, max-image-preview:large, max-video-preview:-1\" \/>\n<link rel=\"canonical\" href=\"https:\/\/tracpipe.com\/fr\/\" \/>\n<meta property=\"og:locale\" content=\"fr_CA\" \/>\n<meta property=\"og:type\" content=\"article\" \/>\n<meta property=\"og:title\" content=\"CSST | Omegaflex | Gas Piping | Piping Systems - TracPipe Canada\" \/>\n<meta property=\"og:description\" content=\"TracPipe Canada offers superior corrugated stainless steel tubing paired with OmegaFlex&#039;s gas piping systems to be used on natural gas &amp; propane installations.\" \/>\n<meta property=\"og:url\" content=\"https:\/\/tracpipe.com\/fr\/\" \/>\n<meta property=\"og:site_name\" content=\"Tracpipe USA\" \/>\n<meta property=\"article:modified_time\" content=\"2025-05-20T16:50:55+00:00\" \/>\n<meta property=\"og:image\" content=\"https:\/\/tracpipe.com\/wp-content\/uploads\/AutoFlare.jpg\" \/>\n\t<meta property=\"og:image:width\" content=\"1920\" \/>\n\t<meta property=\"og:image:height\" content=\"1280\" \/>\n\t<meta property=\"og:image:type\" content=\"image\/jpeg\" \/>\n<meta name=\"twitter:label1\" content=\"Est. reading time\" \/>\n\t<meta name=\"twitter:data1\" content=\"2 minutes\" \/>\n<script type=\"application\/ld+json\" class=\"yoast-schema-graph\">{\"@context\":\"https:\/\/schema.org\",\"@graph\":[{\"@type\":\"WebPage\",\"@id\":\"https:\/\/tracpipe.com\/\",\"url\":\"https:\/\/tracpipe.com\/\",\"name\":\"CSST | Omegaflex | Gas Piping | Piping Systems - TracPipe Canada\",\"isPartOf\":{\"@id\":\"https:\/\/tracpipe.com\/#website\"},\"primaryImageOfPage\":{\"@id\":\"https:\/\/tracpipe.com\/#primaryimage\"},\"image\":{\"@id\":\"https:\/\/tracpipe.com\/#primaryimage\"},\"thumbnailUrl\":\"https:\/\/tracpipe.com\/wp-content\/uploads\/AutoFlare.jpg\",\"datePublished\":\"2014-08-25T16:37:34+00:00\",\"dateModified\":\"2025-05-20T16:50:55+00:00\",\"description\":\"TracPipe Canada offers superior corrugated stainless steel tubing paired with OmegaFlex's gas piping systems to be used on natural gas & propane installations.\",\"breadcrumb\":{\"@id\":\"https:\/\/tracpipe.com\/#breadcrumb\"},\"inLanguage\":\"fr-CA\",\"potentialAction\":[{\"@type\":\"ReadAction\",\"target\":[\"https:\/\/tracpipe.com\/\"]}]},{\"@type\":\"ImageObject\",\"inLanguage\":\"fr-CA\",\"@id\":\"https:\/\/tracpipe.com\/#primaryimage\",\"url\":\"https:\/\/tracpipe.com\/wp-content\/uploads\/AutoFlare.jpg\",\"contentUrl\":\"https:\/\/tracpipe.com\/wp-content\/uploads\/AutoFlare.jpg\",\"width\":1920,\"height\":1280},{\"@type\":\"BreadcrumbList\",\"@id\":\"https:\/\/tracpipe.com\/#breadcrumb\",\"itemListElement\":[{\"@type\":\"ListItem\",\"position\":1,\"name\":\"Home\",\"item\":\"https:\/\/tracpipe.com\/\"},{\"@type\":\"ListItem\",\"position\":2,\"name\":\"Home\"}]},{\"@type\":\"WebSite\",\"@id\":\"https:\/\/tracpipe.com\/#website\",\"url\":\"https:\/\/tracpipe.com\/\",\"name\":\"Tracpipe USA\",\"description\":\"\",\"potentialAction\":[{\"@type\":\"SearchAction\",\"target\":{\"@type\":\"EntryPoint\",\"urlTemplate\":\"https:\/\/tracpipe.com\/?s={search_term_string}\"},\"query-input\":{\"@type\":\"PropertyValueSpecification\",\"valueRequired\":true,\"valueName\":\"search_term_string\"}}],\"inLanguage\":\"fr-CA\"}]}<\/script>\n<!-- \/ Yoast SEO plugin. -->","yoast_head_json":{"title":"CSST | Omegaflex | Tuyauterie de gaz | Syst\u00e8mes de tuyauterie - TracPipe Canada","description":"TracPipe Canada offre des tubes ondul\u00e9s en acier inoxydable de qualit\u00e9 sup\u00e9rieure jumel\u00e9s aux syst\u00e8mes de tuyauterie de gaz OmegaFlex pour les installations de gaz naturel et de propane.","robots":{"index":"index","follow":"follow","max-snippet":"max-snippet:-1","max-image-preview":"max-image-preview:large","max-video-preview":"max-video-preview:-1"},"canonical":"https:\/\/tracpipe.com\/fr\/","og_locale":"fr_CA","og_type":"article","og_title":"CSST | Omegaflex | Gas Piping | Piping Systems - TracPipe Canada","og_description":"TracPipe Canada offers superior corrugated stainless steel tubing paired with OmegaFlex's gas piping systems to be used on natural gas & propane installations.","og_url":"https:\/\/tracpipe.com\/fr\/","og_site_name":"Tracpipe USA","article_modified_time":"2025-05-20T16:50:55+00:00","og_image":[{"width":1920,"height":1280,"url":"https:\/\/tracpipe.com\/wp-content\/uploads\/AutoFlare.jpg","type":"image\/jpeg"}],"twitter_misc":{"Est. reading time":"2 minutes"},"schema":{"@context":"https:\/\/schema.org","@graph":[{"@type":"WebPage","@id":"https:\/\/tracpipe.com\/","url":"https:\/\/tracpipe.com\/","name":"CSST | Omegaflex | Tuyauterie de gaz | Syst\u00e8mes de tuyauterie - TracPipe Canada","isPartOf":{"@id":"https:\/\/tracpipe.com\/#website"},"primaryImageOfPage":{"@id":"https:\/\/tracpipe.com\/#primaryimage"},"image":{"@id":"https:\/\/tracpipe.com\/#primaryimage"},"thumbnailUrl":"https:\/\/tracpipe.com\/wp-content\/uploads\/AutoFlare.jpg","datePublished":"2014-08-25T16:37:34+00:00","dateModified":"2025-05-20T16:50:55+00:00","description":"TracPipe Canada offre des tubes ondul\u00e9s en acier inoxydable de qualit\u00e9 sup\u00e9rieure jumel\u00e9s aux syst\u00e8mes de tuyauterie de gaz OmegaFlex pour les installations de gaz naturel et de propane.","breadcrumb":{"@id":"https:\/\/tracpipe.com\/#breadcrumb"},"inLanguage":"fr-CA","potentialAction":[{"@type":"ReadAction","target":["https:\/\/tracpipe.com\/"]}]},{"@type":"ImageObject","inLanguage":"fr-CA","@id":"https:\/\/tracpipe.com\/#primaryimage","url":"https:\/\/tracpipe.com\/wp-content\/uploads\/AutoFlare.jpg","contentUrl":"https:\/\/tracpipe.com\/wp-content\/uploads\/AutoFlare.jpg","width":1920,"height":1280},{"@type":"BreadcrumbList","@id":"https:\/\/tracpipe.com\/#breadcrumb","itemListElement":[{"@type":"ListItem","position":1,"name":"Home","item":"https:\/\/tracpipe.com\/"},{"@type":"ListItem","position":2,"name":"Home"}]},{"@type":"WebSite","@id":"https:\/\/tracpipe.com\/#website","url":"https:\/\/tracpipe.com\/","name":"Tracpipe USA","description":"","potentialAction":[{"@type":"SearchAction","target":{"@type":"EntryPoint","urlTemplate":"https:\/\/tracpipe.com\/?s={search_term_string}"},"query-input":{"@type":"PropertyValueSpecification","valueRequired":true,"valueName":"search_term_string"}}],"inLanguage":"fr-CA"}]}},"_links":{"self":[{"href":"https:\/\/tracpipe.com\/fr\/wp-json\/wp\/v2\/pages\/1899","targetHints":{"allow":["GET"]}}],"collection":[{"href":"https:\/\/tracpipe.com\/fr\/wp-json\/wp\/v2\/pages"}],"about":[{"href":"https:\/\/tracpipe.com\/fr\/wp-json\/wp\/v2\/types\/page"}],"author":[{"embeddable":true,"href":"https:\/\/tracpipe.com\/fr\/wp-json\/wp\/v2\/users\/1"}],"replies":[{"embeddable":true,"href":"https:\/\/tracpipe.com\/fr\/wp-json\/wp\/v2\/comments?post=1899"}],"version-history":[{"count":0,"href":"https:\/\/tracpipe.com\/fr\/wp-json\/wp\/v2\/pages\/1899\/revisions"}],"wp:featuredmedia":[{"embeddable":true,"href":"https:\/\/tracpipe.com\/fr\/wp-json\/wp\/v2\/media\/5381"}],"wp:attachment":[{"href":"https:\/\/tracpipe.com\/fr\/wp-json\/wp\/v2\/media?parent=1899"}],"curies":[{"name":"wp","href":"https:\/\/api.w.org\/{rel}","templated":true}]}}