{"id":5420,"date":"2024-01-15T16:44:47","date_gmt":"2024-01-15T21:44:47","guid":{"rendered":"https:\/\/tracpipe.local\/?page_id=5420"},"modified":"2025-01-23T17:03:30","modified_gmt":"2025-01-23T22:03:30","slug":"where-well-be","status":"publish","type":"page","link":"http:\/\/tracpipe.com\/fr\/where-well-be\/","title":{"rendered":"O\u00f9 nous serons"},"content":{"rendered":"<section id=\"\"  class=\"light\"> <div class=\"container\">  <div class=\"row\"><div class=\"col-md-12  text-default\" >\n\t<div class=\"wpb_text_column wpb_content_element\" >\n\t\t<div class=\"wpb_wrapper\">\n\t\t\t<p style=\"text-align: center;\" data-pm-slice=\"1 1 &#091;&#093;\">Tout au long de l'ann\u00e9e, TracPipe CounterStrike\u00ae sera pr\u00e9sent\u00e9 lors de salons et d'\u00e9v\u00e9nements aux \u00c9tats-Unis et \u00e0 l'\u00e9tranger. Nous vous invitons \u00e0 vous arr\u00eater \u00e0 notre stand pour en savoir plus.<\/p>\n<p style=\"text-align: center;\" data-pm-slice=\"1 1 &#091;&#093;\">2\/10\/2025 - 2\/12\/2025 |\u00a0<strong>AHR<\/strong>\u00a0| Orlando, FL<\/p>\n<p style=\"text-align: center;\">2\/25\/2025 - 2\/27\/2025 |\u00a0<strong>IBS<\/strong>\u00a0| Las Vegas, NV<\/p>\n<p style=\"text-align: center;\">3\/2\/2025 - 3\/6\/2025 |\u00a0<strong>MCAA<\/strong>\u00a0| Austin, TX<\/p>\n<p style=\"text-align: center;\">4\/4\/2025 - 4\/6\/2025 |\u00a0<strong>NPGA<\/strong>\u00a0| Charlotte, NC<\/p>\n<p style=\"text-align: center;\">9\/24\/2025 - 9\/28\/2025 |\u00a0<strong>ASPE<\/strong>\u00a0| Orlando, FL<\/p>\n<p style=\"text-align: center;\">11\/5\/2025 - 11\/7\/2025 |\u00a0<strong>DBIA<\/strong>\u00a0| Las Vegas, NV<\/p>\n<p style=\"text-align: center;\">11\/9\/2025 - 11\/12\/2025 |\u00a0<strong>MSCA<\/strong>\u00a0| Scottsdale, AZ<\/p>\n\n\t\t<\/div>\n\t<\/div>\n<\/div>  <\/div>  <\/div><\/section>","protected":false},"excerpt":{"rendered":"Throughout the year, TracPipe CounterStrike\u00ae\u00a0will be featured at trade shows and events across the US and abroad. We welcome you to stop by our booth to learn more. 2\/10\/2025 \u2013 2\/12\/2025 |\u00a0AHR\u00a0| Orlando, FL 2\/25\/2025 \u2013 2\/27\/2025 |\u00a0IBS\u00a0| Las Vegas, NV 3\/2\/2025 \u2013 3\/6\/2025 |\u00a0MCAA\u00a0| Austin, TX 4\/4\/2025 \u2013 4\/6\/2025 |\u00a0NPGA\u00a0| Charlotte, NC 9\/24\/2025 \u2013 [...]","protected":false},"author":1,"featured_media":5381,"parent":0,"menu_order":0,"comment_status":"closed","ping_status":"open","template":"templates\/news-notification.php","meta":{"footnotes":""},"class_list":["post-5420","page","type-page","status-publish","has-post-thumbnail","hentry"],"yoast_head":"<!-- This site is optimized with the Yoast SEO plugin v27.0 - https:\/\/yoast.com\/product\/yoast-seo-wordpress\/ -->\n<title>Gas Piping Product Literature | Flexible Gas Line - TracPipe\u00ae Canada<\/title>\n<meta name=\"description\" content=\"Product literature &amp; brochures on our entire line of TracPipe\u00ae CounterStrike\u00ae products, AutoSnap\u00ae fittings, lightning safety, excess flow valves &amp; more.\" \/>\n<meta name=\"robots\" content=\"index, follow, max-snippet:-1, max-image-preview:large, max-video-preview:-1\" \/>\n<link rel=\"canonical\" href=\"https:\/\/tracpipe.com\/fr\/where-well-be\/\" \/>\n<meta property=\"og:locale\" content=\"fr_CA\" \/>\n<meta property=\"og:type\" content=\"article\" \/>\n<meta property=\"og:title\" content=\"Gas Piping Product Literature | Flexible Gas Line - TracPipe\u00ae Canada\" \/>\n<meta property=\"og:description\" content=\"Product literature &amp; brochures on our entire line of TracPipe\u00ae CounterStrike\u00ae products, AutoSnap\u00ae fittings, lightning safety, excess flow valves &amp; more.\" \/>\n<meta property=\"og:url\" content=\"https:\/\/tracpipe.com\/fr\/where-well-be\/\" \/>\n<meta property=\"og:site_name\" content=\"Tracpipe USA\" \/>\n<meta property=\"article:modified_time\" content=\"2025-01-23T22:03:30+00:00\" \/>\n<meta property=\"og:image\" content=\"https:\/\/tracpipe.com\/wp-content\/uploads\/AutoFlare.jpg\" \/>\n\t<meta property=\"og:image:width\" content=\"1920\" \/>\n\t<meta property=\"og:image:height\" content=\"1280\" \/>\n\t<meta property=\"og:image:type\" content=\"image\/jpeg\" \/>\n<meta name=\"twitter:label1\" content=\"Est. reading time\" \/>\n\t<meta name=\"twitter:data1\" content=\"1 minute\" \/>\n<script type=\"application\/ld+json\" class=\"yoast-schema-graph\">{\"@context\":\"https:\/\/schema.org\",\"@graph\":[{\"@type\":\"WebPage\",\"@id\":\"https:\/\/tracpipe.com\/where-well-be\/\",\"url\":\"https:\/\/tracpipe.com\/where-well-be\/\",\"name\":\"Gas Piping Product Literature | Flexible Gas Line - TracPipe\u00ae Canada\",\"isPartOf\":{\"@id\":\"https:\/\/tracpipe.com\/#website\"},\"primaryImageOfPage\":{\"@id\":\"https:\/\/tracpipe.com\/where-well-be\/#primaryimage\"},\"image\":{\"@id\":\"https:\/\/tracpipe.com\/where-well-be\/#primaryimage\"},\"thumbnailUrl\":\"https:\/\/tracpipe.com\/wp-content\/uploads\/AutoFlare.jpg\",\"datePublished\":\"2024-01-15T21:44:47+00:00\",\"dateModified\":\"2025-01-23T22:03:30+00:00\",\"description\":\"Product literature & brochures on our entire line of TracPipe\u00ae CounterStrike\u00ae products, AutoSnap\u00ae fittings, lightning safety, excess flow valves & more.\",\"breadcrumb\":{\"@id\":\"https:\/\/tracpipe.com\/where-well-be\/#breadcrumb\"},\"inLanguage\":\"fr-CA\",\"potentialAction\":[{\"@type\":\"ReadAction\",\"target\":[\"https:\/\/tracpipe.com\/where-well-be\/\"]}]},{\"@type\":\"ImageObject\",\"inLanguage\":\"fr-CA\",\"@id\":\"https:\/\/tracpipe.com\/where-well-be\/#primaryimage\",\"url\":\"https:\/\/tracpipe.com\/wp-content\/uploads\/AutoFlare.jpg\",\"contentUrl\":\"https:\/\/tracpipe.com\/wp-content\/uploads\/AutoFlare.jpg\",\"width\":1920,\"height\":1280},{\"@type\":\"BreadcrumbList\",\"@id\":\"https:\/\/tracpipe.com\/where-well-be\/#breadcrumb\",\"itemListElement\":[{\"@type\":\"ListItem\",\"position\":1,\"name\":\"Home\",\"item\":\"https:\/\/tracpipe.com\/\"},{\"@type\":\"ListItem\",\"position\":2,\"name\":\"Where We&#8217;ll Be\"}]},{\"@type\":\"WebSite\",\"@id\":\"https:\/\/tracpipe.com\/#website\",\"url\":\"https:\/\/tracpipe.com\/\",\"name\":\"Tracpipe USA\",\"description\":\"\",\"potentialAction\":[{\"@type\":\"SearchAction\",\"target\":{\"@type\":\"EntryPoint\",\"urlTemplate\":\"https:\/\/tracpipe.com\/?s={search_term_string}\"},\"query-input\":{\"@type\":\"PropertyValueSpecification\",\"valueRequired\":true,\"valueName\":\"search_term_string\"}}],\"inLanguage\":\"fr-CA\"}]}<\/script>\n<!-- \/ Yoast SEO plugin. -->","yoast_head_json":{"title":"Documentation sur la tuyauterie de gaz | Conduite de gaz flexible - TracPipe\u00ae Canada","description":"Documentation et brochures sur notre gamme compl\u00e8te de produits TracPipe\u00ae CounterStrike\u00ae, les raccords AutoSnap\u00ae, la s\u00e9curit\u00e9 contre la foudre, les vannes de d\u00e9bit excessif et plus encore.","robots":{"index":"index","follow":"follow","max-snippet":"max-snippet:-1","max-image-preview":"max-image-preview:large","max-video-preview":"max-video-preview:-1"},"canonical":"https:\/\/tracpipe.com\/fr\/where-well-be\/","og_locale":"fr_CA","og_type":"article","og_title":"Gas Piping Product Literature | Flexible Gas Line - TracPipe\u00ae Canada","og_description":"Product literature & brochures on our entire line of TracPipe\u00ae CounterStrike\u00ae products, AutoSnap\u00ae fittings, lightning safety, excess flow valves & more.","og_url":"https:\/\/tracpipe.com\/fr\/where-well-be\/","og_site_name":"Tracpipe USA","article_modified_time":"2025-01-23T22:03:30+00:00","og_image":[{"width":1920,"height":1280,"url":"https:\/\/tracpipe.com\/wp-content\/uploads\/AutoFlare.jpg","type":"image\/jpeg"}],"twitter_misc":{"Est. reading time":"1 minute"},"schema":{"@context":"https:\/\/schema.org","@graph":[{"@type":"WebPage","@id":"https:\/\/tracpipe.com\/where-well-be\/","url":"https:\/\/tracpipe.com\/where-well-be\/","name":"Documentation sur la tuyauterie de gaz | Conduite de gaz flexible - TracPipe\u00ae Canada","isPartOf":{"@id":"https:\/\/tracpipe.com\/#website"},"primaryImageOfPage":{"@id":"https:\/\/tracpipe.com\/where-well-be\/#primaryimage"},"image":{"@id":"https:\/\/tracpipe.com\/where-well-be\/#primaryimage"},"thumbnailUrl":"https:\/\/tracpipe.com\/wp-content\/uploads\/AutoFlare.jpg","datePublished":"2024-01-15T21:44:47+00:00","dateModified":"2025-01-23T22:03:30+00:00","description":"Documentation et brochures sur notre gamme compl\u00e8te de produits TracPipe\u00ae CounterStrike\u00ae, les raccords AutoSnap\u00ae, la s\u00e9curit\u00e9 contre la foudre, les vannes de d\u00e9bit excessif et plus encore.","breadcrumb":{"@id":"https:\/\/tracpipe.com\/where-well-be\/#breadcrumb"},"inLanguage":"fr-CA","potentialAction":[{"@type":"ReadAction","target":["https:\/\/tracpipe.com\/where-well-be\/"]}]},{"@type":"ImageObject","inLanguage":"fr-CA","@id":"https:\/\/tracpipe.com\/where-well-be\/#primaryimage","url":"https:\/\/tracpipe.com\/wp-content\/uploads\/AutoFlare.jpg","contentUrl":"https:\/\/tracpipe.com\/wp-content\/uploads\/AutoFlare.jpg","width":1920,"height":1280},{"@type":"BreadcrumbList","@id":"https:\/\/tracpipe.com\/where-well-be\/#breadcrumb","itemListElement":[{"@type":"ListItem","position":1,"name":"Home","item":"https:\/\/tracpipe.com\/"},{"@type":"ListItem","position":2,"name":"Where We&#8217;ll Be"}]},{"@type":"WebSite","@id":"https:\/\/tracpipe.com\/#website","url":"https:\/\/tracpipe.com\/","name":"Tracpipe USA","description":"","potentialAction":[{"@type":"SearchAction","target":{"@type":"EntryPoint","urlTemplate":"https:\/\/tracpipe.com\/?s={search_term_string}"},"query-input":{"@type":"PropertyValueSpecification","valueRequired":true,"valueName":"search_term_string"}}],"inLanguage":"fr-CA"}]}},"_links":{"self":[{"href":"http:\/\/tracpipe.com\/fr\/wp-json\/wp\/v2\/pages\/5420","targetHints":{"allow":["GET"]}}],"collection":[{"href":"http:\/\/tracpipe.com\/fr\/wp-json\/wp\/v2\/pages"}],"about":[{"href":"http:\/\/tracpipe.com\/fr\/wp-json\/wp\/v2\/types\/page"}],"author":[{"embeddable":true,"href":"http:\/\/tracpipe.com\/fr\/wp-json\/wp\/v2\/users\/1"}],"replies":[{"embeddable":true,"href":"http:\/\/tracpipe.com\/fr\/wp-json\/wp\/v2\/comments?post=5420"}],"version-history":[{"count":0,"href":"http:\/\/tracpipe.com\/fr\/wp-json\/wp\/v2\/pages\/5420\/revisions"}],"wp:featuredmedia":[{"embeddable":true,"href":"http:\/\/tracpipe.com\/fr\/wp-json\/wp\/v2\/media\/5381"}],"wp:attachment":[{"href":"http:\/\/tracpipe.com\/fr\/wp-json\/wp\/v2\/media?parent=5420"}],"curies":[{"name":"wp","href":"https:\/\/api.w.org\/{rel}","templated":true}]}}