{"id":4688,"date":"2018-10-18T09:44:25","date_gmt":"2018-10-18T13:44:25","guid":{"rendered":"https:\/\/tracpipe.local\/?page_id=4688"},"modified":"2024-02-28T11:05:50","modified_gmt":"2024-02-28T16:05:50","slug":"master-spec-ng-lp","status":"publish","type":"page","link":"http:\/\/tracpipe.com\/fr\/technical\/master-spec-ng-lp\/","title":{"rendered":"Sp\u00e9cifications principales pour NG &amp; LP"},"content":{"rendered":"<section id=\"\"  class=\"light\"> <div class=\"container\">  <div class=\"row\"><div class=\"col-md-12  text-default\" ><div class=\"vc_btn3-container vc_btn3-left vc_custom_1613146415704 vc_do_btn\" ><a class=\"vc_general vc_btn3 vc_btn3-size-md vc_btn3-shape-rounded vc_btn3-style-modern vc_btn3-icon-left vc_btn3-color-blue\" href=\"https:\/\/www.tracpipe.com\/wp-content\/uploads\/231123_FL_FACILITY_NATURAL-GAS_PIPING.OmegaFlex.docx\" title=\"\"><i class=\"vc_btn3-icon\"><\/i> Gaz naturel<\/a><\/div><div class=\"vc_btn3-container vc_btn3-left vc_custom_1613146423822 vc_do_btn\" ><a class=\"vc_general vc_btn3 vc_btn3-size-md vc_btn3-shape-rounded vc_btn3-style-modern vc_btn3-icon-left vc_btn3-color-blue\" href=\"https:\/\/www.tracpipe.com\/wp-content\/uploads\/231126_FL_FACILITY_LIQUEFIED-PETROLEUM_GAS_PIPING.OmegaFlex.doc\" title=\"\"><i class=\"vc_btn3-icon\"><\/i> P\u00e9trole liqu\u00e9fi\u00e9<\/a><\/div><\/div>  <\/div>  <\/div><\/section>","protected":false},"excerpt":{"rendered":"Gaz naturel P\u00e9trole liqu\u00e9fi\u00e9","protected":false},"author":1,"featured_media":5381,"parent":1966,"menu_order":0,"comment_status":"closed","ping_status":"open","template":"","meta":{"footnotes":""},"class_list":["post-4688","page","type-page","status-publish","has-post-thumbnail","hentry"],"yoast_head":"<!-- This site is optimized with the Yoast SEO plugin v27.0 - https:\/\/yoast.com\/product\/yoast-seo-wordpress\/ -->\n<title>CSST Pressure Loss Calculator| Sum of Pressure Loss Worksheet<\/title>\n<meta name=\"description\" content=\"Calculate the pressure loss with the TracPipe\u00ae Sum of Pressure Loss Worksheet. Enter type of fuel, pressure source, pipe type and size, run length and load.\" \/>\n<meta name=\"robots\" content=\"index, follow, max-snippet:-1, max-image-preview:large, max-video-preview:-1\" \/>\n<link rel=\"canonical\" href=\"https:\/\/tracpipe.com\/fr\/technical\/master-spec-ng-lp\/\" \/>\n<meta property=\"og:locale\" content=\"fr_CA\" \/>\n<meta property=\"og:type\" content=\"article\" \/>\n<meta property=\"og:title\" content=\"CSST Pressure Loss Calculator| Sum of Pressure Loss Worksheet\" \/>\n<meta property=\"og:description\" content=\"Calculate the pressure loss with the TracPipe\u00ae Sum of Pressure Loss Worksheet. Enter type of fuel, pressure source, pipe type and size, run length and load.\" \/>\n<meta property=\"og:url\" content=\"https:\/\/tracpipe.com\/fr\/technical\/master-spec-ng-lp\/\" \/>\n<meta property=\"og:site_name\" content=\"Tracpipe USA\" \/>\n<meta property=\"article:modified_time\" content=\"2024-02-28T16:05:50+00:00\" \/>\n<meta property=\"og:image\" content=\"https:\/\/tracpipe.com\/wp-content\/uploads\/AutoFlare.jpg\" \/>\n\t<meta property=\"og:image:width\" content=\"1920\" \/>\n\t<meta property=\"og:image:height\" content=\"1280\" \/>\n\t<meta property=\"og:image:type\" content=\"image\/jpeg\" \/>\n<meta name=\"twitter:label1\" content=\"Est. reading time\" \/>\n\t<meta name=\"twitter:data1\" content=\"1 minute\" \/>\n<script type=\"application\/ld+json\" class=\"yoast-schema-graph\">{\"@context\":\"https:\/\/schema.org\",\"@graph\":[{\"@type\":\"WebPage\",\"@id\":\"https:\/\/tracpipe.com\/technical\/master-spec-ng-lp\/\",\"url\":\"https:\/\/tracpipe.com\/technical\/master-spec-ng-lp\/\",\"name\":\"CSST Pressure Loss Calculator| Sum of Pressure Loss Worksheet\",\"isPartOf\":{\"@id\":\"https:\/\/tracpipe.com\/#website\"},\"primaryImageOfPage\":{\"@id\":\"https:\/\/tracpipe.com\/technical\/master-spec-ng-lp\/#primaryimage\"},\"image\":{\"@id\":\"https:\/\/tracpipe.com\/technical\/master-spec-ng-lp\/#primaryimage\"},\"thumbnailUrl\":\"https:\/\/tracpipe.com\/wp-content\/uploads\/AutoFlare.jpg\",\"datePublished\":\"2018-10-18T13:44:25+00:00\",\"dateModified\":\"2024-02-28T16:05:50+00:00\",\"description\":\"Calculate the pressure loss with the TracPipe\u00ae Sum of Pressure Loss Worksheet. Enter type of fuel, pressure source, pipe type and size, run length and load.\",\"breadcrumb\":{\"@id\":\"https:\/\/tracpipe.com\/technical\/master-spec-ng-lp\/#breadcrumb\"},\"inLanguage\":\"fr-CA\",\"potentialAction\":[{\"@type\":\"ReadAction\",\"target\":[\"https:\/\/tracpipe.com\/technical\/master-spec-ng-lp\/\"]}]},{\"@type\":\"ImageObject\",\"inLanguage\":\"fr-CA\",\"@id\":\"https:\/\/tracpipe.com\/technical\/master-spec-ng-lp\/#primaryimage\",\"url\":\"https:\/\/tracpipe.com\/wp-content\/uploads\/AutoFlare.jpg\",\"contentUrl\":\"https:\/\/tracpipe.com\/wp-content\/uploads\/AutoFlare.jpg\",\"width\":1920,\"height\":1280},{\"@type\":\"BreadcrumbList\",\"@id\":\"https:\/\/tracpipe.com\/technical\/master-spec-ng-lp\/#breadcrumb\",\"itemListElement\":[{\"@type\":\"ListItem\",\"position\":1,\"name\":\"Home\",\"item\":\"https:\/\/tracpipe.com\/\"},{\"@type\":\"ListItem\",\"position\":2,\"name\":\"Technical Information\",\"item\":\"https:\/\/tracpipe.com\/technical\/\"},{\"@type\":\"ListItem\",\"position\":3,\"name\":\"Master Spec For NG &#038; LP\"}]},{\"@type\":\"WebSite\",\"@id\":\"https:\/\/tracpipe.com\/#website\",\"url\":\"https:\/\/tracpipe.com\/\",\"name\":\"Tracpipe USA\",\"description\":\"\",\"potentialAction\":[{\"@type\":\"SearchAction\",\"target\":{\"@type\":\"EntryPoint\",\"urlTemplate\":\"https:\/\/tracpipe.com\/?s={search_term_string}\"},\"query-input\":{\"@type\":\"PropertyValueSpecification\",\"valueRequired\":true,\"valueName\":\"search_term_string\"}}],\"inLanguage\":\"fr-CA\"}]}<\/script>\n<!-- \/ Yoast SEO plugin. -->","yoast_head_json":{"title":"Calculateur de perte de pression CSST| Feuille de calcul de la somme des pertes de pression","description":"Calculez la perte de pression \u00e0 l'aide de la feuille de calcul TracPipe\u00ae Sum of Pressure Loss. Saisissez le type de combustible, la source de pression, le type et la taille du tuyau, la longueur du parcours et la charge.","robots":{"index":"index","follow":"follow","max-snippet":"max-snippet:-1","max-image-preview":"max-image-preview:large","max-video-preview":"max-video-preview:-1"},"canonical":"https:\/\/tracpipe.com\/fr\/technical\/master-spec-ng-lp\/","og_locale":"fr_CA","og_type":"article","og_title":"CSST Pressure Loss Calculator| Sum of Pressure Loss Worksheet","og_description":"Calculate the pressure loss with the TracPipe\u00ae Sum of Pressure Loss Worksheet. Enter type of fuel, pressure source, pipe type and size, run length and load.","og_url":"https:\/\/tracpipe.com\/fr\/technical\/master-spec-ng-lp\/","og_site_name":"Tracpipe USA","article_modified_time":"2024-02-28T16:05:50+00:00","og_image":[{"width":1920,"height":1280,"url":"https:\/\/tracpipe.com\/wp-content\/uploads\/AutoFlare.jpg","type":"image\/jpeg"}],"twitter_misc":{"Est. reading time":"1 minute"},"schema":{"@context":"https:\/\/schema.org","@graph":[{"@type":"WebPage","@id":"https:\/\/tracpipe.com\/technical\/master-spec-ng-lp\/","url":"https:\/\/tracpipe.com\/technical\/master-spec-ng-lp\/","name":"Calculateur de perte de pression CSST| Feuille de calcul de la somme des pertes de pression","isPartOf":{"@id":"https:\/\/tracpipe.com\/#website"},"primaryImageOfPage":{"@id":"https:\/\/tracpipe.com\/technical\/master-spec-ng-lp\/#primaryimage"},"image":{"@id":"https:\/\/tracpipe.com\/technical\/master-spec-ng-lp\/#primaryimage"},"thumbnailUrl":"https:\/\/tracpipe.com\/wp-content\/uploads\/AutoFlare.jpg","datePublished":"2018-10-18T13:44:25+00:00","dateModified":"2024-02-28T16:05:50+00:00","description":"Calculez la perte de pression \u00e0 l'aide de la feuille de calcul TracPipe\u00ae Sum of Pressure Loss. Saisissez le type de combustible, la source de pression, le type et la taille du tuyau, la longueur du parcours et la charge.","breadcrumb":{"@id":"https:\/\/tracpipe.com\/technical\/master-spec-ng-lp\/#breadcrumb"},"inLanguage":"fr-CA","potentialAction":[{"@type":"ReadAction","target":["https:\/\/tracpipe.com\/technical\/master-spec-ng-lp\/"]}]},{"@type":"ImageObject","inLanguage":"fr-CA","@id":"https:\/\/tracpipe.com\/technical\/master-spec-ng-lp\/#primaryimage","url":"https:\/\/tracpipe.com\/wp-content\/uploads\/AutoFlare.jpg","contentUrl":"https:\/\/tracpipe.com\/wp-content\/uploads\/AutoFlare.jpg","width":1920,"height":1280},{"@type":"BreadcrumbList","@id":"https:\/\/tracpipe.com\/technical\/master-spec-ng-lp\/#breadcrumb","itemListElement":[{"@type":"ListItem","position":1,"name":"Home","item":"https:\/\/tracpipe.com\/"},{"@type":"ListItem","position":2,"name":"Technical Information","item":"https:\/\/tracpipe.com\/technical\/"},{"@type":"ListItem","position":3,"name":"Master Spec For NG &#038; LP"}]},{"@type":"WebSite","@id":"https:\/\/tracpipe.com\/#website","url":"https:\/\/tracpipe.com\/","name":"Tracpipe USA","description":"","potentialAction":[{"@type":"SearchAction","target":{"@type":"EntryPoint","urlTemplate":"https:\/\/tracpipe.com\/?s={search_term_string}"},"query-input":{"@type":"PropertyValueSpecification","valueRequired":true,"valueName":"search_term_string"}}],"inLanguage":"fr-CA"}]}},"_links":{"self":[{"href":"http:\/\/tracpipe.com\/fr\/wp-json\/wp\/v2\/pages\/4688","targetHints":{"allow":["GET"]}}],"collection":[{"href":"http:\/\/tracpipe.com\/fr\/wp-json\/wp\/v2\/pages"}],"about":[{"href":"http:\/\/tracpipe.com\/fr\/wp-json\/wp\/v2\/types\/page"}],"author":[{"embeddable":true,"href":"http:\/\/tracpipe.com\/fr\/wp-json\/wp\/v2\/users\/1"}],"replies":[{"embeddable":true,"href":"http:\/\/tracpipe.com\/fr\/wp-json\/wp\/v2\/comments?post=4688"}],"version-history":[{"count":0,"href":"http:\/\/tracpipe.com\/fr\/wp-json\/wp\/v2\/pages\/4688\/revisions"}],"up":[{"embeddable":true,"href":"http:\/\/tracpipe.com\/fr\/wp-json\/wp\/v2\/pages\/1966"}],"wp:featuredmedia":[{"embeddable":true,"href":"http:\/\/tracpipe.com\/fr\/wp-json\/wp\/v2\/media\/5381"}],"wp:attachment":[{"href":"http:\/\/tracpipe.com\/fr\/wp-json\/wp\/v2\/media?parent=4688"}],"curies":[{"name":"wp","href":"https:\/\/api.w.org\/{rel}","templated":true}]}}