{"id":4415,"date":"2017-12-11T15:38:21","date_gmt":"2017-12-11T20:38:21","guid":{"rendered":"https:\/\/tracpipe.local\/?page_id=4415"},"modified":"2024-02-28T11:25:10","modified_gmt":"2024-02-28T16:25:10","slug":"news-press-releases","status":"publish","type":"page","link":"http:\/\/tracpipe.com\/fr\/news-alerts\/news-press-releases\/","title":{"rendered":"Actualit\u00e9s et communiqu\u00e9s de presse"},"content":{"rendered":"<section id=\"\"  class=\"light\"> <div class=\"container\">  <div class=\"row\"><div class=\"col-md-12  text-default\" >   <div class=\"row\"><div class=\"col-md-12  text-default\">\n\t<div class=\"wpb_text_column wpb_content_element vc_custom_1641487770685\" >\n\t\t<div class=\"wpb_wrapper\">\n\t\t\t<h2>La toute premi\u00e8re certification sismique d'un syst\u00e8me de tuyauterie par l'ICC-ES<\/h2>\n<p>Le 6 janvier 2022 - Omega Flex, Inc., un innovateur de premier plan dans l'industrie des tubes ondul\u00e9s, est fi\u00e8re d'annoncer la toute premi\u00e8re certification sismique d'un syst\u00e8me de tuyauterie par le Service d'\u00e9valuation du Conseil du code international (ICC-ES).<\/p>\n\n\t\t<\/div>\n\t<\/div>\n<div class=\"vc_btn3-container vc_btn3-inline vc_custom_1641487843991 vc_do_btn\" ><a class=\"vc_general vc_btn3 vc_btn3-size-md vc_btn3-shape-rounded vc_btn3-style-modern vc_btn3-icon-left vc_btn3-color-blue\" href=\"https:\/\/www.tracpipe.com\/wp-content\/uploads\/Omega-Flex-seismic-PR-final.pdf\" title=\"\" target=\"_blank\"><i class=\"vc_btn3-icon fas fa-angle-double-right\"><\/i> VOIR LE PDF<\/a><\/div><\/div>    <\/div>   <div class=\"row\"><div class=\"col-md-12  text-default\">\n\t<div class=\"wpb_text_column wpb_content_element vc_custom_1513024525048\" >\n\t\t<div class=\"wpb_wrapper\">\n\t\t\t<h2>Un tribunal de district des \u00c9tats-Unis rejette une action en justice futile contre Omega Flex, Inc.<\/h2>\n<p>18 d\u00e9cembre 2014 - La sixi\u00e8me victoire juridique cons\u00e9cutive d'Omega Flex d\u00e9montre une fois de plus que le CSST est le produit de canalisation de gaz le plus s\u00fbr aux \u00c9tats-Unis. Les tribunaux statuent une fois de plus que les tentatives de recours collectif par les avocats de premi\u00e8re instance ne d\u00e9montrent pas le bien-fond\u00e9 juridique.<\/p>\n\n\t\t<\/div>\n\t<\/div>\n<div class=\"vc_btn3-container vc_btn3-inline vc_custom_1513024366465 vc_do_btn\" ><a class=\"vc_general vc_btn3 vc_btn3-size-md vc_btn3-shape-rounded vc_btn3-style-modern vc_btn3-icon-left vc_btn3-color-blue\" href=\"http:\/\/www.tracpipe.com\/wp-content\/uploads\/Schoelwer_Case_Press_Release_-FINAL_12_18_14.pdf\" title=\"\" target=\"_blank\"><i class=\"vc_btn3-icon fa fa-angle-double-right\"><\/i> VOIR LE PDF<\/a><\/div><\/div>    <\/div>   <div class=\"row\"><div class=\"col-md-12  text-default\">\n\t<div class=\"wpb_text_column wpb_content_element vc_custom_1513025062839\" >\n\t\t<div class=\"wpb_wrapper\">\n\t\t\t<h2>La Cour supr\u00eame de Pennsylvanie donne raison \u00e0 Omega Flex en invalidant la loi de l'\u00c9tat sur la responsabilit\u00e9 \u00e9largie et en annulant la d\u00e9cision du jury dans l'affaire Tincher.<\/h2>\n<p>Le 1er d\u00e9cembre 2014 - Omega Flex, Inc. (NASDAQ : OFLX) a \u00e9mis aujourd'hui la d\u00e9claration suivante concernant la r\u00e9cente d\u00e9cision de la Cour supr\u00eame de Pennsylvanie de statuer en faveur d'OmegaFlex et d'annuler le verdict dans l'affaire Tincher v. Omega Flex, Inc.<\/p>\n\n\t\t<\/div>\n\t<\/div>\n<div class=\"vc_btn3-container vc_btn3-inline vc_custom_1513024689193 vc_do_btn\" ><a class=\"vc_general vc_btn3 vc_btn3-size-md vc_btn3-shape-rounded vc_btn3-style-modern vc_btn3-icon-left vc_btn3-color-blue\" href=\"http:\/\/www.tracpipe.com\/wp-content\/uploads\/Tincher_PA_Supreme_Court_Ruling.pdf\" title=\"\" target=\"_blank\"><i class=\"vc_btn3-icon fa fa-angle-double-right\"><\/i> VOIR LE PDF<\/a><\/div><\/div>    <\/div>   <div class=\"row\"><div class=\"col-md-12  text-default\">\n\t<div class=\"wpb_text_column wpb_content_element vc_custom_1513025046903\" >\n\t\t<div class=\"wpb_wrapper\">\n\t\t\t<h2>Omega Flex, Inc. Troisi\u00e8me victoire cons\u00e9cutive devant la CSST<\/h2>\n<p>2 janvier 2014 - Un tribunal de district de Floride a rejet\u00e9 un recours collectif all\u00e9guant \u00e0 tort que les tubes ondul\u00e9s en acier inoxydable (CSST) d'Omega Flex \u00e9taient d\u00e9fectueux et cr\u00e9aient un risque d'incendie d\u00fb \u00e0 la foudre.<\/p>\n\n\t\t<\/div>\n\t<\/div>\n<div class=\"vc_btn3-container vc_btn3-inline vc_custom_1513025081275 vc_do_btn\" ><a class=\"vc_general vc_btn3 vc_btn3-size-md vc_btn3-shape-rounded vc_btn3-style-modern vc_btn3-icon-left vc_btn3-color-blue\" href=\"http:\/\/www.tracpipe.com\/wp-content\/uploads\/Press_Release_Hall_Case.pdf\" title=\"\" target=\"_blank\"><i class=\"vc_btn3-icon fa fa-angle-double-right\"><\/i> VOIR LE PDF<\/a><\/div><\/div>    <\/div>   <div class=\"row\"><div class=\"col-md-12  text-default\">\n\t<div class=\"wpb_text_column wpb_content_element vc_custom_1513025622919\" >\n\t\t<div class=\"wpb_wrapper\">\n\t\t\t<h2>Omega Flex remporte un deuxi\u00e8me proc\u00e8s devant jury<\/h2>\n<p>Le 13 septembre 2013 - Omega Flex, Inc. (NASDAQ : OFLX) a annonc\u00e9 aujourd'hui que la soci\u00e9t\u00e9 a obtenu un autre verdict favorable d'un jury f\u00e9d\u00e9ral dans l'affaire Nationwide Mutual Fire Insurance Company a\/s\/o Thornton v. Omega Flex, Inc.<\/p>\n\n\t\t<\/div>\n\t<\/div>\n<div class=\"vc_btn3-container vc_btn3-inline vc_custom_1513025637327 vc_do_btn\" ><a class=\"vc_general vc_btn3 vc_btn3-size-md vc_btn3-shape-rounded vc_btn3-style-modern vc_btn3-icon-left vc_btn3-color-blue\" href=\"http:\/\/www.tracpipe.com\/wp-content\/uploads\/2nd_Win.pdf\" title=\"\" target=\"_blank\"><i class=\"vc_btn3-icon fa fa-angle-double-right\"><\/i> VOIR LE PDF<\/a><\/div><\/div>    <\/div>   <div class=\"row\"><div class=\"col-md-12  text-default\">\n\t<div class=\"wpb_text_column wpb_content_element vc_custom_1513027335876\" >\n\t\t<div class=\"wpb_wrapper\">\n\t\t\t<h2>Omega Flex, Inc. gagne un proc\u00e8s devant jury<\/h2>\n<p>Le 23 juillet 2013 - Omega Flex, Inc. (NASDAQ : OFLX) a annonc\u00e9 aujourd'hui que la soci\u00e9t\u00e9 a obtenu un verdict favorable du jury f\u00e9d\u00e9ral dans l'affaire American Automobile Insurance Company a\/s\/o Kostecki v Omega Flex, Inc.<\/p>\n\n\t\t<\/div>\n\t<\/div>\n<div class=\"vc_btn3-container vc_btn3-inline vc_custom_1513027352106 vc_do_btn\" ><a class=\"vc_general vc_btn3 vc_btn3-size-md vc_btn3-shape-rounded vc_btn3-style-modern vc_btn3-icon-left vc_btn3-color-blue\" href=\"http:\/\/www.tracpipe.com\/wp-content\/uploads\/Omega_Flex.pdf\" title=\"\" target=\"_blank\"><i class=\"vc_btn3-icon fa fa-angle-double-right\"><\/i> VOIR LE PDF<\/a><\/div><\/div>    <\/div>   <div class=\"row\"><div class=\"col-md-12  text-default\">\n\t<div class=\"wpb_text_column wpb_content_element vc_custom_1513027414273\" >\n\t\t<div class=\"wpb_wrapper\">\n\t\t\t<h2>Omega Flex nomm\u00e9 fournisseur de l'ann\u00e9e par la division HVAC de N.B. Handy Company<\/h2>\n<p>Le 6 ao\u00fbt 2012 - Omega Flex, Inc. (NASDAQ:OFLX), le principal producteur international de produits m\u00e9talliques flexibles de qualit\u00e9, a annonc\u00e9 aujourd'hui qu'il a \u00e9t\u00e9 nomm\u00e9 vendeur de l'ann\u00e9e par la division chauffage, ventilation et climatisation (HVAC) de N.B. Handy Company.<\/p>\n\n\t\t<\/div>\n\t<\/div>\n<div class=\"vc_btn3-container vc_btn3-inline vc_custom_1513099643114 vc_do_btn\" ><a class=\"vc_general vc_btn3 vc_btn3-size-md vc_btn3-shape-rounded vc_btn3-style-modern vc_btn3-icon-left vc_btn3-color-blue\" href=\"http:\/\/tracpipe.com\/fr\/omega-flex-named-vendor-of-the-year-by-n-b-handy-companys-hvac-division\/\" title=\"\"><i class=\"vc_btn3-icon fa fa-angle-double-right\"><\/i> LIRE LA SUITE<\/a><\/div><\/div>    <\/div>   <div class=\"row\"><div class=\"col-md-12  text-default\">\n\t<div class=\"wpb_text_column wpb_content_element vc_custom_1513027611517\" >\n\t\t<div class=\"wpb_wrapper\">\n\t\t\t<h2>Omega Flex passe \u00e0 TracPipe\u00ae CounterStrike\u00ae<\/h2>\n<p>Le 13 juin 2011 - OmegaFlex, Inc. (NASDAQ:OFLX), le plus important producteur international de produits m\u00e9talliques flexibles de qualit\u00e9, a annonc\u00e9 aujourd'hui la transition de sa gamme de tubes ondul\u00e9s en acier inoxydable (\" CSST \") vers son produit TracPipe\u00ae CounterStrike\u00ae aux \u00c9tats-Unis et au Canada, \u00e0 compter du 1er septembre 2011.<\/p>\n\n\t\t<\/div>\n\t<\/div>\n<div class=\"vc_btn3-container vc_btn3-inline vc_custom_1513027635201 vc_do_btn\" ><a class=\"vc_general vc_btn3 vc_btn3-size-md vc_btn3-shape-rounded vc_btn3-style-modern vc_btn3-icon-left vc_btn3-color-blue\" href=\"http:\/\/www.tracpipe.com\/wp-content\/uploads\/Announcement_CounterStrike.pdf\" title=\"\" target=\"_blank\"><i class=\"vc_btn3-icon fa fa-angle-double-right\"><\/i> VOIR LE PDF<\/a><\/div><\/div>    <\/div>   <div class=\"row\"><div class=\"col-md-12  text-default\">\n\t<div class=\"wpb_text_column wpb_content_element vc_custom_1513027684995\" >\n\t\t<div class=\"wpb_wrapper\">\n\t\t\t<h2>Communiqu\u00e9 de presse du microsite du CSST<\/h2>\n<p>10 mai 2011 - OmegaFlex, Inc. le plus important fabricant international de produits de tuyauterie m\u00e9tallique flexible de qualit\u00e9, a annonc\u00e9 aujourd'hui le lancement de CSST Facts (www.csstfacts.org), un site Web cr\u00e9\u00e9 pour \u00e9duquer les membres des communaut\u00e9s de la plomberie, du gaz et du CVC - ainsi que les propri\u00e9taires - sur la s\u00e9curit\u00e9 et l'efficacit\u00e9 des tubes ondul\u00e9s en acier inoxydable (CSST).<\/p>\n\n\t\t<\/div>\n\t<\/div>\n<div class=\"vc_btn3-container vc_btn3-inline vc_custom_1513099626851 vc_do_btn\" ><a class=\"vc_general vc_btn3 vc_btn3-size-md vc_btn3-shape-rounded vc_btn3-style-modern vc_btn3-icon-left vc_btn3-color-blue\" href=\"http:\/\/tracpipe.com\/fr\/csst-microsite-press-release-2\/\" title=\"\"><i class=\"vc_btn3-icon fa fa-angle-double-right\"><\/i> LIRE LA SUITE<\/a><\/div><\/div>    <\/div><\/div>  <\/div>  <\/div><\/section>","protected":false},"excerpt":{"rendered":"The First-Ever Seismic Certification for a Piping System by the ICC-ES January 6, 2022 - Omega Flex, Inc, a leading innovator in the corrugated tubing industry, proudly announces the first-ever seismic certification for a piping system by the International Code Council Evaluation Service (ICC-ES). VIEW PDF U.S. District Court Dismisses Frivolous Lawsuit Against Omega Flex, [...]","protected":false},"author":1,"featured_media":5381,"parent":3538,"menu_order":0,"comment_status":"closed","ping_status":"closed","template":"","meta":{"footnotes":""},"class_list":["post-4415","page","type-page","status-publish","has-post-thumbnail","hentry"],"yoast_head":"<!-- This site is optimized with the Yoast SEO plugin v27.0 - https:\/\/yoast.com\/product\/yoast-seo-wordpress\/ -->\n<title>About TracPipe\u00ae Canada | Flexible Gas Piping | Gas Pipe Manufacturer<\/title>\n<meta name=\"description\" content=\"Learn more about CSST gas pipe manufacturer OmegaFlex\u00ae Inc. and our entire line of commercial and residential CSST pipes, fittings and more.\" \/>\n<meta name=\"robots\" content=\"index, follow, max-snippet:-1, max-image-preview:large, max-video-preview:-1\" \/>\n<link rel=\"canonical\" href=\"https:\/\/tracpipe.com\/fr\/news-alerts\/news-press-releases\/\" \/>\n<meta property=\"og:locale\" content=\"fr_CA\" \/>\n<meta property=\"og:type\" content=\"article\" \/>\n<meta property=\"og:title\" content=\"About TracPipe\u00ae Canada | Flexible Gas Piping | Gas Pipe Manufacturer\" \/>\n<meta property=\"og:description\" content=\"Learn more about CSST gas pipe manufacturer OmegaFlex\u00ae Inc. and our entire line of commercial and residential CSST pipes, fittings and more.\" \/>\n<meta property=\"og:url\" content=\"https:\/\/tracpipe.com\/fr\/news-alerts\/news-press-releases\/\" \/>\n<meta property=\"og:site_name\" content=\"Tracpipe USA\" \/>\n<meta property=\"article:modified_time\" content=\"2024-02-28T16:25:10+00:00\" \/>\n<meta property=\"og:image\" content=\"https:\/\/tracpipe.com\/wp-content\/uploads\/AutoFlare.jpg\" \/>\n\t<meta property=\"og:image:width\" content=\"1920\" \/>\n\t<meta property=\"og:image:height\" content=\"1280\" \/>\n\t<meta property=\"og:image:type\" content=\"image\/jpeg\" \/>\n<meta name=\"twitter:label1\" content=\"Est. reading time\" \/>\n\t<meta name=\"twitter:data1\" content=\"3 minutes\" \/>\n<script type=\"application\/ld+json\" class=\"yoast-schema-graph\">{\"@context\":\"https:\/\/schema.org\",\"@graph\":[{\"@type\":\"WebPage\",\"@id\":\"https:\/\/tracpipe.com\/news-alerts\/news-press-releases\/\",\"url\":\"https:\/\/tracpipe.com\/news-alerts\/news-press-releases\/\",\"name\":\"About TracPipe\u00ae Canada | Flexible Gas Piping | Gas Pipe Manufacturer\",\"isPartOf\":{\"@id\":\"https:\/\/tracpipe.com\/#website\"},\"primaryImageOfPage\":{\"@id\":\"https:\/\/tracpipe.com\/news-alerts\/news-press-releases\/#primaryimage\"},\"image\":{\"@id\":\"https:\/\/tracpipe.com\/news-alerts\/news-press-releases\/#primaryimage\"},\"thumbnailUrl\":\"https:\/\/tracpipe.com\/wp-content\/uploads\/AutoFlare.jpg\",\"datePublished\":\"2017-12-11T20:38:21+00:00\",\"dateModified\":\"2024-02-28T16:25:10+00:00\",\"description\":\"Learn more about CSST gas pipe manufacturer OmegaFlex\u00ae Inc. and our entire line of commercial and residential CSST pipes, fittings and more.\",\"breadcrumb\":{\"@id\":\"https:\/\/tracpipe.com\/news-alerts\/news-press-releases\/#breadcrumb\"},\"inLanguage\":\"fr-CA\",\"potentialAction\":[{\"@type\":\"ReadAction\",\"target\":[\"https:\/\/tracpipe.com\/news-alerts\/news-press-releases\/\"]}]},{\"@type\":\"ImageObject\",\"inLanguage\":\"fr-CA\",\"@id\":\"https:\/\/tracpipe.com\/news-alerts\/news-press-releases\/#primaryimage\",\"url\":\"https:\/\/tracpipe.com\/wp-content\/uploads\/AutoFlare.jpg\",\"contentUrl\":\"https:\/\/tracpipe.com\/wp-content\/uploads\/AutoFlare.jpg\",\"width\":1920,\"height\":1280},{\"@type\":\"BreadcrumbList\",\"@id\":\"https:\/\/tracpipe.com\/news-alerts\/news-press-releases\/#breadcrumb\",\"itemListElement\":[{\"@type\":\"ListItem\",\"position\":1,\"name\":\"Home\",\"item\":\"https:\/\/tracpipe.com\/\"},{\"@type\":\"ListItem\",\"position\":2,\"name\":\"News &#038; Alerts\",\"item\":\"https:\/\/tracpipe.com\/news-alerts\/\"},{\"@type\":\"ListItem\",\"position\":3,\"name\":\"News &#038; Press Releases\"}]},{\"@type\":\"WebSite\",\"@id\":\"https:\/\/tracpipe.com\/#website\",\"url\":\"https:\/\/tracpipe.com\/\",\"name\":\"Tracpipe USA\",\"description\":\"\",\"potentialAction\":[{\"@type\":\"SearchAction\",\"target\":{\"@type\":\"EntryPoint\",\"urlTemplate\":\"https:\/\/tracpipe.com\/?s={search_term_string}\"},\"query-input\":{\"@type\":\"PropertyValueSpecification\",\"valueRequired\":true,\"valueName\":\"search_term_string\"}}],\"inLanguage\":\"fr-CA\"}]}<\/script>\n<!-- \/ Yoast SEO plugin. -->","yoast_head_json":{"title":"\u00c0 propos de TracPipe\u00ae Canada | Tuyauterie flexible de gaz | Fabricant de conduites de gaz","description":"Apprenez-en davantage sur le fabricant de tuyaux de gaz CSST OmegaFlex\u00ae Inc. et sur notre gamme compl\u00e8te de tuyaux CSST commerciaux et r\u00e9sidentiels, de raccords et plus encore.","robots":{"index":"index","follow":"follow","max-snippet":"max-snippet:-1","max-image-preview":"max-image-preview:large","max-video-preview":"max-video-preview:-1"},"canonical":"https:\/\/tracpipe.com\/fr\/news-alerts\/news-press-releases\/","og_locale":"fr_CA","og_type":"article","og_title":"About TracPipe\u00ae Canada | Flexible Gas Piping | Gas Pipe Manufacturer","og_description":"Learn more about CSST gas pipe manufacturer OmegaFlex\u00ae Inc. and our entire line of commercial and residential CSST pipes, fittings and more.","og_url":"https:\/\/tracpipe.com\/fr\/news-alerts\/news-press-releases\/","og_site_name":"Tracpipe USA","article_modified_time":"2024-02-28T16:25:10+00:00","og_image":[{"width":1920,"height":1280,"url":"https:\/\/tracpipe.com\/wp-content\/uploads\/AutoFlare.jpg","type":"image\/jpeg"}],"twitter_misc":{"Est. reading time":"3 minutes"},"schema":{"@context":"https:\/\/schema.org","@graph":[{"@type":"WebPage","@id":"https:\/\/tracpipe.com\/news-alerts\/news-press-releases\/","url":"https:\/\/tracpipe.com\/news-alerts\/news-press-releases\/","name":"\u00c0 propos de TracPipe\u00ae Canada | Tuyauterie flexible de gaz | Fabricant de conduites de gaz","isPartOf":{"@id":"https:\/\/tracpipe.com\/#website"},"primaryImageOfPage":{"@id":"https:\/\/tracpipe.com\/news-alerts\/news-press-releases\/#primaryimage"},"image":{"@id":"https:\/\/tracpipe.com\/news-alerts\/news-press-releases\/#primaryimage"},"thumbnailUrl":"https:\/\/tracpipe.com\/wp-content\/uploads\/AutoFlare.jpg","datePublished":"2017-12-11T20:38:21+00:00","dateModified":"2024-02-28T16:25:10+00:00","description":"Apprenez-en davantage sur le fabricant de tuyaux de gaz CSST OmegaFlex\u00ae Inc. et sur notre gamme compl\u00e8te de tuyaux CSST commerciaux et r\u00e9sidentiels, de raccords et plus encore.","breadcrumb":{"@id":"https:\/\/tracpipe.com\/news-alerts\/news-press-releases\/#breadcrumb"},"inLanguage":"fr-CA","potentialAction":[{"@type":"ReadAction","target":["https:\/\/tracpipe.com\/news-alerts\/news-press-releases\/"]}]},{"@type":"ImageObject","inLanguage":"fr-CA","@id":"https:\/\/tracpipe.com\/news-alerts\/news-press-releases\/#primaryimage","url":"https:\/\/tracpipe.com\/wp-content\/uploads\/AutoFlare.jpg","contentUrl":"https:\/\/tracpipe.com\/wp-content\/uploads\/AutoFlare.jpg","width":1920,"height":1280},{"@type":"BreadcrumbList","@id":"https:\/\/tracpipe.com\/news-alerts\/news-press-releases\/#breadcrumb","itemListElement":[{"@type":"ListItem","position":1,"name":"Home","item":"https:\/\/tracpipe.com\/"},{"@type":"ListItem","position":2,"name":"News &#038; Alerts","item":"https:\/\/tracpipe.com\/news-alerts\/"},{"@type":"ListItem","position":3,"name":"News &#038; Press Releases"}]},{"@type":"WebSite","@id":"https:\/\/tracpipe.com\/#website","url":"https:\/\/tracpipe.com\/","name":"Tracpipe USA","description":"","potentialAction":[{"@type":"SearchAction","target":{"@type":"EntryPoint","urlTemplate":"https:\/\/tracpipe.com\/?s={search_term_string}"},"query-input":{"@type":"PropertyValueSpecification","valueRequired":true,"valueName":"search_term_string"}}],"inLanguage":"fr-CA"}]}},"_links":{"self":[{"href":"http:\/\/tracpipe.com\/fr\/wp-json\/wp\/v2\/pages\/4415","targetHints":{"allow":["GET"]}}],"collection":[{"href":"http:\/\/tracpipe.com\/fr\/wp-json\/wp\/v2\/pages"}],"about":[{"href":"http:\/\/tracpipe.com\/fr\/wp-json\/wp\/v2\/types\/page"}],"author":[{"embeddable":true,"href":"http:\/\/tracpipe.com\/fr\/wp-json\/wp\/v2\/users\/1"}],"replies":[{"embeddable":true,"href":"http:\/\/tracpipe.com\/fr\/wp-json\/wp\/v2\/comments?post=4415"}],"version-history":[{"count":0,"href":"http:\/\/tracpipe.com\/fr\/wp-json\/wp\/v2\/pages\/4415\/revisions"}],"up":[{"embeddable":true,"href":"http:\/\/tracpipe.com\/fr\/wp-json\/wp\/v2\/pages\/3538"}],"wp:featuredmedia":[{"embeddable":true,"href":"http:\/\/tracpipe.com\/fr\/wp-json\/wp\/v2\/media\/5381"}],"wp:attachment":[{"href":"http:\/\/tracpipe.com\/fr\/wp-json\/wp\/v2\/media?parent=4415"}],"curies":[{"name":"wp","href":"https:\/\/api.w.org\/{rel}","templated":true}]}}