{"id":2447,"date":"2014-11-17T14:36:27","date_gmt":"2014-11-17T19:36:27","guid":{"rendered":"http:\/\/173.254.96.82\/~tracpipe\/?page_id=2447"},"modified":"2025-08-01T11:30:09","modified_gmt":"2025-08-01T15:30:09","slug":"nf","status":"publish","type":"page","link":"http:\/\/tracpipe.com\/fr\/representative\/nf\/","title":{"rendered":"Terre-Neuve et Labrador"},"content":{"rendered":"<section id=\"\"  class=\"light\"> <div class=\"container\">  <div class=\"row\"><div class=\"col-md-12  text-default\" >\n\t<div class=\"wpb_text_column wpb_content_element\" >\n\t\t<div class=\"wpb_wrapper\">\n\t\t\t<div class=\"repContactContainer\">\n<table class=\"repContact\" cellspacing=\"0\" cellpadding=\"0\">\n<tbody>\n<tr>\n<th colspan=\"2\">Terre-Neuve<\/th>\n<\/tr>\n<tr>\n<td style=\"background: #f9f5f0;\"><strong>OmegaFlex, Inc.<\/strong><\/p>\n<ul>\n<li>Pennsylvanie<\/li>\n<li><a href=\"http:\/\/www.omegaflex.com\/\" target=\"_blank\" rel=\"noopener\">http:\/\/www.omegaflex.com<\/a><\/li>\n<\/ul>\n<\/td>\n<td style=\"background: #f9f5f0;\"><strong>Directeur r\u00e9gional des ventes pour le nord-est.. :<\/strong> Dave Kuzon<\/p>\n<ul>\n<li>T\u00e9l : (484) 757-1061<\/li>\n<li>Courriel : <a href=\"mailto:Dave.kuzon@omegaflex.com\">Dave.kuzon@omegaflex.com<\/a><\/li>\n<\/ul>\n<\/td>\n<\/tr>\n<tr>\n<td style=\"background: #f9f5f0;\"><strong>Harris Atlantic Sales<\/strong><\/p>\n<ul>\n<li>27 rue Rupert<\/li>\n<li>Amherst, \u00cele-du-Prince-\u00c9douard 06450<\/li>\n<li><a href=\"http:\/\/www.harrisatlantic.com\/\" target=\"_blank\" rel=\"noopener\">http:\/\/www.harrisatlantic.com<\/a><\/li>\n<\/ul>\n<\/td>\n<td style=\"background: #f9f5f0;\"><strong>Repr\u00e9sentant des ventes :<\/strong> Mark Harris<\/p>\n<ul>\n<li><span class=\"red\">T\u00e9l :<\/span> (902) 661.0102<\/li>\n<li><span class=\"red\">Fax : <\/span>(902) 661.0088<\/li>\n<li><span class=\"red\">Courriel :<\/span> <a href=\"mailto:sales@harrisatlantic.com\">sales@harrisatlantic.com<\/a><\/li>\n<\/ul>\n<\/td>\n<\/tr>\n<\/tbody>\n<\/table>\n<\/div>\n<div class=\"back-to-map\"><a href=\"http:\/\/tracpipe.com\/fr\/representative\/\">Retour \u00e0 la carte<\/a><\/div>\n\n\t\t<\/div>\n\t<\/div>\n<\/div>  <\/div>  <\/div><\/section>","protected":false},"excerpt":{"rendered":"Newfoundland OmegaFlex, Inc. Pennsylvania http:\/\/www.omegaflex.com Northeast Regional Sales Mgr.: Dave Kuzon Tel: (484) 757-1061 Email: Dave.kuzon@omegaflex.com Harris Atlantic Sales 27 Rupert Street Amherst, Prince Edward Island 06450 http:\/\/www.harrisatlantic.com Sales Rep: Mark Harris Tel: (902) 661.0102 Fax: (902) 661.0088 Email: sales@harrisatlantic.com Back To Map","protected":false},"author":1,"featured_media":5381,"parent":2299,"menu_order":0,"comment_status":"closed","ping_status":"open","template":"","meta":{"footnotes":""},"class_list":["post-2447","page","type-page","status-publish","has-post-thumbnail","hentry"],"yoast_head":"<!-- This site is optimized with the Yoast SEO plugin v27.0 - https:\/\/yoast.com\/product\/yoast-seo-wordpress\/ -->\n<title>Newfoundland and Labrador | TracPipe\u00ae Sales Reps | Gas Pipe Sales<\/title>\n<meta name=\"description\" content=\"Local TracPipe\u00ae CounterStrike\u00ae authorized representatives in New York. Contact one of our sales reps today to learn more about our flexible gas piping.\" \/>\n<meta name=\"robots\" content=\"index, follow, max-snippet:-1, max-image-preview:large, max-video-preview:-1\" \/>\n<link rel=\"canonical\" href=\"https:\/\/tracpipe.com\/fr\/representative\/nf\/\" \/>\n<meta property=\"og:locale\" content=\"fr_CA\" \/>\n<meta property=\"og:type\" content=\"article\" \/>\n<meta property=\"og:title\" content=\"Newfoundland and Labrador | TracPipe\u00ae Sales Reps | Gas Pipe Sales\" \/>\n<meta property=\"og:description\" content=\"Local TracPipe\u00ae CounterStrike\u00ae authorized representatives in New York. Contact one of our sales reps today to learn more about our flexible gas piping.\" \/>\n<meta property=\"og:url\" content=\"https:\/\/tracpipe.com\/fr\/representative\/nf\/\" \/>\n<meta property=\"og:site_name\" content=\"Tracpipe USA\" \/>\n<meta property=\"article:modified_time\" content=\"2025-08-01T15:30:09+00:00\" \/>\n<meta property=\"og:image\" content=\"https:\/\/tracpipe.com\/wp-content\/uploads\/AutoFlare.jpg\" \/>\n\t<meta property=\"og:image:width\" content=\"1920\" \/>\n\t<meta property=\"og:image:height\" content=\"1280\" \/>\n\t<meta property=\"og:image:type\" content=\"image\/jpeg\" \/>\n<meta name=\"twitter:label1\" content=\"Est. reading time\" \/>\n\t<meta name=\"twitter:data1\" content=\"1 minute\" \/>\n<script type=\"application\/ld+json\" class=\"yoast-schema-graph\">{\"@context\":\"https:\/\/schema.org\",\"@graph\":[{\"@type\":\"WebPage\",\"@id\":\"https:\/\/tracpipe.com\/representative\/nf\/\",\"url\":\"https:\/\/tracpipe.com\/representative\/nf\/\",\"name\":\"Newfoundland and Labrador | TracPipe\u00ae Sales Reps | Gas Pipe Sales\",\"isPartOf\":{\"@id\":\"https:\/\/tracpipe.com\/#website\"},\"primaryImageOfPage\":{\"@id\":\"https:\/\/tracpipe.com\/representative\/nf\/#primaryimage\"},\"image\":{\"@id\":\"https:\/\/tracpipe.com\/representative\/nf\/#primaryimage\"},\"thumbnailUrl\":\"https:\/\/tracpipe.com\/wp-content\/uploads\/AutoFlare.jpg\",\"datePublished\":\"2014-11-17T19:36:27+00:00\",\"dateModified\":\"2025-08-01T15:30:09+00:00\",\"description\":\"Local TracPipe\u00ae CounterStrike\u00ae authorized representatives in New York. Contact one of our sales reps today to learn more about our flexible gas piping.\",\"breadcrumb\":{\"@id\":\"https:\/\/tracpipe.com\/representative\/nf\/#breadcrumb\"},\"inLanguage\":\"fr-CA\",\"potentialAction\":[{\"@type\":\"ReadAction\",\"target\":[\"https:\/\/tracpipe.com\/representative\/nf\/\"]}]},{\"@type\":\"ImageObject\",\"inLanguage\":\"fr-CA\",\"@id\":\"https:\/\/tracpipe.com\/representative\/nf\/#primaryimage\",\"url\":\"https:\/\/tracpipe.com\/wp-content\/uploads\/AutoFlare.jpg\",\"contentUrl\":\"https:\/\/tracpipe.com\/wp-content\/uploads\/AutoFlare.jpg\",\"width\":1920,\"height\":1280},{\"@type\":\"BreadcrumbList\",\"@id\":\"https:\/\/tracpipe.com\/representative\/nf\/#breadcrumb\",\"itemListElement\":[{\"@type\":\"ListItem\",\"position\":1,\"name\":\"Home\",\"item\":\"https:\/\/tracpipe.com\/\"},{\"@type\":\"ListItem\",\"position\":2,\"name\":\"Representatives\",\"item\":\"https:\/\/tracpipe.com\/representative\/\"},{\"@type\":\"ListItem\",\"position\":3,\"name\":\"Newfoundland and Labrador\"}]},{\"@type\":\"WebSite\",\"@id\":\"https:\/\/tracpipe.com\/#website\",\"url\":\"https:\/\/tracpipe.com\/\",\"name\":\"Tracpipe USA\",\"description\":\"\",\"potentialAction\":[{\"@type\":\"SearchAction\",\"target\":{\"@type\":\"EntryPoint\",\"urlTemplate\":\"https:\/\/tracpipe.com\/?s={search_term_string}\"},\"query-input\":{\"@type\":\"PropertyValueSpecification\",\"valueRequired\":true,\"valueName\":\"search_term_string\"}}],\"inLanguage\":\"fr-CA\"}]}<\/script>\n<!-- \/ Yoast SEO plugin. -->","yoast_head_json":{"title":"Newfoundland and Labrador | TracPipe\u00ae Sales Reps | Gas Pipe Sales","description":"Repr\u00e9sentants locaux autoris\u00e9s de TracPipe\u00ae CounterStrike\u00ae \u00e0 New York. Contactez l'un de nos repr\u00e9sentants d\u00e8s aujourd'hui pour en savoir plus sur nos conduites de gaz flexibles.","robots":{"index":"index","follow":"follow","max-snippet":"max-snippet:-1","max-image-preview":"max-image-preview:large","max-video-preview":"max-video-preview:-1"},"canonical":"https:\/\/tracpipe.com\/fr\/representative\/nf\/","og_locale":"fr_CA","og_type":"article","og_title":"Newfoundland and Labrador | TracPipe\u00ae Sales Reps | Gas Pipe Sales","og_description":"Local TracPipe\u00ae CounterStrike\u00ae authorized representatives in New York. Contact one of our sales reps today to learn more about our flexible gas piping.","og_url":"https:\/\/tracpipe.com\/fr\/representative\/nf\/","og_site_name":"Tracpipe USA","article_modified_time":"2025-08-01T15:30:09+00:00","og_image":[{"width":1920,"height":1280,"url":"https:\/\/tracpipe.com\/wp-content\/uploads\/AutoFlare.jpg","type":"image\/jpeg"}],"twitter_misc":{"Est. reading time":"1 minute"},"schema":{"@context":"https:\/\/schema.org","@graph":[{"@type":"WebPage","@id":"https:\/\/tracpipe.com\/representative\/nf\/","url":"https:\/\/tracpipe.com\/representative\/nf\/","name":"Newfoundland and Labrador | TracPipe\u00ae Sales Reps | Gas Pipe Sales","isPartOf":{"@id":"https:\/\/tracpipe.com\/#website"},"primaryImageOfPage":{"@id":"https:\/\/tracpipe.com\/representative\/nf\/#primaryimage"},"image":{"@id":"https:\/\/tracpipe.com\/representative\/nf\/#primaryimage"},"thumbnailUrl":"https:\/\/tracpipe.com\/wp-content\/uploads\/AutoFlare.jpg","datePublished":"2014-11-17T19:36:27+00:00","dateModified":"2025-08-01T15:30:09+00:00","description":"Repr\u00e9sentants locaux autoris\u00e9s de TracPipe\u00ae CounterStrike\u00ae \u00e0 New York. Contactez l'un de nos repr\u00e9sentants d\u00e8s aujourd'hui pour en savoir plus sur nos conduites de gaz flexibles.","breadcrumb":{"@id":"https:\/\/tracpipe.com\/representative\/nf\/#breadcrumb"},"inLanguage":"fr-CA","potentialAction":[{"@type":"ReadAction","target":["https:\/\/tracpipe.com\/representative\/nf\/"]}]},{"@type":"ImageObject","inLanguage":"fr-CA","@id":"https:\/\/tracpipe.com\/representative\/nf\/#primaryimage","url":"https:\/\/tracpipe.com\/wp-content\/uploads\/AutoFlare.jpg","contentUrl":"https:\/\/tracpipe.com\/wp-content\/uploads\/AutoFlare.jpg","width":1920,"height":1280},{"@type":"BreadcrumbList","@id":"https:\/\/tracpipe.com\/representative\/nf\/#breadcrumb","itemListElement":[{"@type":"ListItem","position":1,"name":"Home","item":"https:\/\/tracpipe.com\/"},{"@type":"ListItem","position":2,"name":"Representatives","item":"https:\/\/tracpipe.com\/representative\/"},{"@type":"ListItem","position":3,"name":"Newfoundland and Labrador"}]},{"@type":"WebSite","@id":"https:\/\/tracpipe.com\/#website","url":"https:\/\/tracpipe.com\/","name":"Tracpipe USA","description":"","potentialAction":[{"@type":"SearchAction","target":{"@type":"EntryPoint","urlTemplate":"https:\/\/tracpipe.com\/?s={search_term_string}"},"query-input":{"@type":"PropertyValueSpecification","valueRequired":true,"valueName":"search_term_string"}}],"inLanguage":"fr-CA"}]}},"_links":{"self":[{"href":"http:\/\/tracpipe.com\/fr\/wp-json\/wp\/v2\/pages\/2447","targetHints":{"allow":["GET"]}}],"collection":[{"href":"http:\/\/tracpipe.com\/fr\/wp-json\/wp\/v2\/pages"}],"about":[{"href":"http:\/\/tracpipe.com\/fr\/wp-json\/wp\/v2\/types\/page"}],"author":[{"embeddable":true,"href":"http:\/\/tracpipe.com\/fr\/wp-json\/wp\/v2\/users\/1"}],"replies":[{"embeddable":true,"href":"http:\/\/tracpipe.com\/fr\/wp-json\/wp\/v2\/comments?post=2447"}],"version-history":[{"count":0,"href":"http:\/\/tracpipe.com\/fr\/wp-json\/wp\/v2\/pages\/2447\/revisions"}],"up":[{"embeddable":true,"href":"http:\/\/tracpipe.com\/fr\/wp-json\/wp\/v2\/pages\/2299"}],"wp:featuredmedia":[{"embeddable":true,"href":"http:\/\/tracpipe.com\/fr\/wp-json\/wp\/v2\/media\/5381"}],"wp:attachment":[{"href":"http:\/\/tracpipe.com\/fr\/wp-json\/wp\/v2\/media?parent=2447"}],"curies":[{"name":"wp","href":"https:\/\/api.w.org\/{rel}","templated":true}]}}