{"id":1968,"date":"2014-10-23T14:02:23","date_gmt":"2014-10-23T18:02:23","guid":{"rendered":"http:\/\/173.254.96.82\/~tracpipe\/?page_id=1968"},"modified":"2024-02-28T11:28:05","modified_gmt":"2024-02-28T16:28:05","slug":"commercial-gas-pipe","status":"publish","type":"page","link":"http:\/\/tracpipe.com\/fr\/commercial-gas-pipe\/","title":{"rendered":"Applications commerciales"},"content":{"rendered":"<section id=\"\"  class=\"light\"> <div class=\"container\">  <div class=\"row\"><div class=\"col-md-12  text-default\" >\n\t<div class=\"wpb_text_column wpb_content_element\" >\n\t\t<div class=\"wpb_wrapper\">\n\t\t\t<p>Plus d'informations sur TracPipe<sup>\u00ae<\/sup> CounterStrike<sup>\u00ae<\/sup>ou visitez notre page d'\u00e9tudes de cas pour en savoir plus sur les applications commerciales de TracPipeMC.<sup>\u00ae<\/sup> CounterStrike<sup>\u00ae<\/sup>et de la performance commerciale de l'entreprise. Vous ne trouvez pas ce que vous cherchez ? <a href=\"https:\/\/tracpipe.com\/fr\/contact\/\">Contactez nous<\/a> avec votre demande.<\/p>\n<ul>\n<li><a href=\"https:\/\/tracpipe.com\/fr\/commercial-applications\/commercial-case-studies\/\">\u00c9tudes de cas commerciaux<\/a><\/li>\n<li><a href=\"https:\/\/tracpipe.com\/fr\/commercial-applications\/specification-sheets\/\">Fiches techniques<\/a><\/li>\n<li><a href=\"https:\/\/tracpipe.com\/wp-content\/uploads\/FGP_001_DI_Guide.pdf\">Guide de conception et d'installation<\/a><\/li>\n<li><a href=\"https:\/\/tracpipe.com\/fr\/pricing\/\">Prix des produits<\/a><\/li>\n<li><a href=\"https:\/\/tracpipe.com\/wp-content\/uploads\/OmegaFlex_FGP_020.pdf\" target=\"_blank\" rel=\"noopener noreferrer\">Brochure commerciale<\/a><\/li>\n<li><a href=\"https:\/\/tracpipe.com\/wp-content\/uploads\/OF-003-01-20.pdf\" target=\"_blank\" rel=\"noopener noreferrer\">Brochure sur les capacit\u00e9s<\/a><\/li>\n<\/ul>\n\n\t\t<\/div>\n\t<\/div>\n<\/div>  <\/div>  <\/div><\/section>","protected":false},"excerpt":{"rendered":"Obtenez plus d'informations sur les applications commerciales de TracPipe\u00ae CounterStrike\u00ae, ou visitez notre page d'\u00e9tudes de cas pour en savoir plus sur les performances commerciales de TracPipe\u00ae CounterStrike\u00ae. Vous ne trouvez pas ce que vous cherchez ? Contactez-nous pour nous faire part de votre demande. \u00c9tudes de cas commerciales Fiches de sp\u00e9cifications Guide de conception et d'installation Prix des produits Brochure commerciale Brochure sur les capacit\u00e9s","protected":false},"author":1,"featured_media":5381,"parent":0,"menu_order":0,"comment_status":"closed","ping_status":"open","template":"templates\/commercial-applications.php","meta":{"footnotes":""},"class_list":["post-1968","page","type-page","status-publish","has-post-thumbnail","hentry"],"yoast_head":"<!-- This site is optimized with the Yoast SEO plugin v27.0 - https:\/\/yoast.com\/product\/yoast-seo-wordpress\/ -->\n<title>Commercial Gas Pipe Applications | Flexible Gas Line - TracPipe Canada<\/title>\n<meta name=\"description\" content=\"Get information about TracPipe\u00ae CounterStrike\u00ae\u2018s commercial applications, or read case studies about TracPipe\u00ae CounterStrike\u00ae\u2018s commercial performance.\" \/>\n<meta name=\"robots\" content=\"index, follow, max-snippet:-1, max-image-preview:large, max-video-preview:-1\" \/>\n<link rel=\"canonical\" href=\"https:\/\/tracpipe.com\/fr\/commercial-gas-pipe\/\" \/>\n<meta property=\"og:locale\" content=\"fr_CA\" \/>\n<meta property=\"og:type\" content=\"article\" \/>\n<meta property=\"og:title\" content=\"Commercial Gas Pipe Applications | Flexible Gas Line - TracPipe Canada\" \/>\n<meta property=\"og:description\" content=\"Get information about TracPipe\u00ae CounterStrike\u00ae\u2018s commercial applications, or read case studies about TracPipe\u00ae CounterStrike\u00ae\u2018s commercial performance.\" \/>\n<meta property=\"og:url\" content=\"https:\/\/tracpipe.com\/fr\/commercial-gas-pipe\/\" \/>\n<meta property=\"og:site_name\" content=\"Tracpipe USA\" \/>\n<meta property=\"article:modified_time\" content=\"2024-02-28T16:28:05+00:00\" \/>\n<meta property=\"og:image\" content=\"https:\/\/tracpipe.com\/wp-content\/uploads\/AutoFlare.jpg\" \/>\n\t<meta property=\"og:image:width\" content=\"1920\" \/>\n\t<meta property=\"og:image:height\" content=\"1280\" \/>\n\t<meta property=\"og:image:type\" content=\"image\/jpeg\" \/>\n<meta name=\"twitter:label1\" content=\"Est. reading time\" \/>\n\t<meta name=\"twitter:data1\" content=\"1 minute\" \/>\n<script type=\"application\/ld+json\" class=\"yoast-schema-graph\">{\"@context\":\"https:\/\/schema.org\",\"@graph\":[{\"@type\":\"WebPage\",\"@id\":\"https:\/\/tracpipe.com\/commercial-gas-pipe\/\",\"url\":\"https:\/\/tracpipe.com\/commercial-gas-pipe\/\",\"name\":\"Commercial Gas Pipe Applications | Flexible Gas Line - TracPipe Canada\",\"isPartOf\":{\"@id\":\"https:\/\/tracpipe.com\/#website\"},\"primaryImageOfPage\":{\"@id\":\"https:\/\/tracpipe.com\/commercial-gas-pipe\/#primaryimage\"},\"image\":{\"@id\":\"https:\/\/tracpipe.com\/commercial-gas-pipe\/#primaryimage\"},\"thumbnailUrl\":\"https:\/\/tracpipe.com\/wp-content\/uploads\/AutoFlare.jpg\",\"datePublished\":\"2014-10-23T18:02:23+00:00\",\"dateModified\":\"2024-02-28T16:28:05+00:00\",\"description\":\"Get information about TracPipe\u00ae CounterStrike\u00ae\u2018s commercial applications, or read case studies about TracPipe\u00ae CounterStrike\u00ae\u2018s commercial performance.\",\"breadcrumb\":{\"@id\":\"https:\/\/tracpipe.com\/commercial-gas-pipe\/#breadcrumb\"},\"inLanguage\":\"fr-CA\",\"potentialAction\":[{\"@type\":\"ReadAction\",\"target\":[\"https:\/\/tracpipe.com\/commercial-gas-pipe\/\"]}]},{\"@type\":\"ImageObject\",\"inLanguage\":\"fr-CA\",\"@id\":\"https:\/\/tracpipe.com\/commercial-gas-pipe\/#primaryimage\",\"url\":\"https:\/\/tracpipe.com\/wp-content\/uploads\/AutoFlare.jpg\",\"contentUrl\":\"https:\/\/tracpipe.com\/wp-content\/uploads\/AutoFlare.jpg\",\"width\":1920,\"height\":1280},{\"@type\":\"BreadcrumbList\",\"@id\":\"https:\/\/tracpipe.com\/commercial-gas-pipe\/#breadcrumb\",\"itemListElement\":[{\"@type\":\"ListItem\",\"position\":1,\"name\":\"Home\",\"item\":\"https:\/\/tracpipe.com\/\"},{\"@type\":\"ListItem\",\"position\":2,\"name\":\"Commercial Applications\"}]},{\"@type\":\"WebSite\",\"@id\":\"https:\/\/tracpipe.com\/#website\",\"url\":\"https:\/\/tracpipe.com\/\",\"name\":\"Tracpipe USA\",\"description\":\"\",\"potentialAction\":[{\"@type\":\"SearchAction\",\"target\":{\"@type\":\"EntryPoint\",\"urlTemplate\":\"https:\/\/tracpipe.com\/?s={search_term_string}\"},\"query-input\":{\"@type\":\"PropertyValueSpecification\",\"valueRequired\":true,\"valueName\":\"search_term_string\"}}],\"inLanguage\":\"fr-CA\"}]}<\/script>\n<!-- \/ Yoast SEO plugin. -->","yoast_head_json":{"title":"Applications des conduites de gaz commerciales | Conduite de gaz flexible - TracPipe Canada","description":"Obtenez des informations sur les applications commerciales de TracPipe\u00ae CounterStrike\u00ae, ou lisez des \u00e9tudes de cas sur les performances commerciales de TracPipe\u00ae CounterStrike\u00ae.","robots":{"index":"index","follow":"follow","max-snippet":"max-snippet:-1","max-image-preview":"max-image-preview:large","max-video-preview":"max-video-preview:-1"},"canonical":"https:\/\/tracpipe.com\/fr\/commercial-gas-pipe\/","og_locale":"fr_CA","og_type":"article","og_title":"Commercial Gas Pipe Applications | Flexible Gas Line - TracPipe Canada","og_description":"Get information about TracPipe\u00ae CounterStrike\u00ae\u2018s commercial applications, or read case studies about TracPipe\u00ae CounterStrike\u00ae\u2018s commercial performance.","og_url":"https:\/\/tracpipe.com\/fr\/commercial-gas-pipe\/","og_site_name":"Tracpipe USA","article_modified_time":"2024-02-28T16:28:05+00:00","og_image":[{"width":1920,"height":1280,"url":"https:\/\/tracpipe.com\/wp-content\/uploads\/AutoFlare.jpg","type":"image\/jpeg"}],"twitter_misc":{"Est. reading time":"1 minute"},"schema":{"@context":"https:\/\/schema.org","@graph":[{"@type":"WebPage","@id":"https:\/\/tracpipe.com\/commercial-gas-pipe\/","url":"https:\/\/tracpipe.com\/commercial-gas-pipe\/","name":"Applications des conduites de gaz commerciales | Conduite de gaz flexible - TracPipe Canada","isPartOf":{"@id":"https:\/\/tracpipe.com\/#website"},"primaryImageOfPage":{"@id":"https:\/\/tracpipe.com\/commercial-gas-pipe\/#primaryimage"},"image":{"@id":"https:\/\/tracpipe.com\/commercial-gas-pipe\/#primaryimage"},"thumbnailUrl":"https:\/\/tracpipe.com\/wp-content\/uploads\/AutoFlare.jpg","datePublished":"2014-10-23T18:02:23+00:00","dateModified":"2024-02-28T16:28:05+00:00","description":"Obtenez des informations sur les applications commerciales de TracPipe\u00ae CounterStrike\u00ae, ou lisez des \u00e9tudes de cas sur les performances commerciales de TracPipe\u00ae CounterStrike\u00ae.","breadcrumb":{"@id":"https:\/\/tracpipe.com\/commercial-gas-pipe\/#breadcrumb"},"inLanguage":"fr-CA","potentialAction":[{"@type":"ReadAction","target":["https:\/\/tracpipe.com\/commercial-gas-pipe\/"]}]},{"@type":"ImageObject","inLanguage":"fr-CA","@id":"https:\/\/tracpipe.com\/commercial-gas-pipe\/#primaryimage","url":"https:\/\/tracpipe.com\/wp-content\/uploads\/AutoFlare.jpg","contentUrl":"https:\/\/tracpipe.com\/wp-content\/uploads\/AutoFlare.jpg","width":1920,"height":1280},{"@type":"BreadcrumbList","@id":"https:\/\/tracpipe.com\/commercial-gas-pipe\/#breadcrumb","itemListElement":[{"@type":"ListItem","position":1,"name":"Home","item":"https:\/\/tracpipe.com\/"},{"@type":"ListItem","position":2,"name":"Commercial Applications"}]},{"@type":"WebSite","@id":"https:\/\/tracpipe.com\/#website","url":"https:\/\/tracpipe.com\/","name":"Tracpipe USA","description":"","potentialAction":[{"@type":"SearchAction","target":{"@type":"EntryPoint","urlTemplate":"https:\/\/tracpipe.com\/?s={search_term_string}"},"query-input":{"@type":"PropertyValueSpecification","valueRequired":true,"valueName":"search_term_string"}}],"inLanguage":"fr-CA"}]}},"_links":{"self":[{"href":"http:\/\/tracpipe.com\/fr\/wp-json\/wp\/v2\/pages\/1968","targetHints":{"allow":["GET"]}}],"collection":[{"href":"http:\/\/tracpipe.com\/fr\/wp-json\/wp\/v2\/pages"}],"about":[{"href":"http:\/\/tracpipe.com\/fr\/wp-json\/wp\/v2\/types\/page"}],"author":[{"embeddable":true,"href":"http:\/\/tracpipe.com\/fr\/wp-json\/wp\/v2\/users\/1"}],"replies":[{"embeddable":true,"href":"http:\/\/tracpipe.com\/fr\/wp-json\/wp\/v2\/comments?post=1968"}],"version-history":[{"count":0,"href":"http:\/\/tracpipe.com\/fr\/wp-json\/wp\/v2\/pages\/1968\/revisions"}],"wp:featuredmedia":[{"embeddable":true,"href":"http:\/\/tracpipe.com\/fr\/wp-json\/wp\/v2\/media\/5381"}],"wp:attachment":[{"href":"http:\/\/tracpipe.com\/fr\/wp-json\/wp\/v2\/media?parent=1968"}],"curies":[{"name":"wp","href":"https:\/\/api.w.org\/{rel}","templated":true}]}}