{"id":1932,"date":"2014-10-23T12:52:16","date_gmt":"2014-10-23T16:52:16","guid":{"rendered":"http:\/\/173.254.96.82\/~tracpipe\/?page_id=1932"},"modified":"2024-02-28T11:27:10","modified_gmt":"2024-02-28T16:27:10","slug":"csst-gas-pipe-products","status":"publish","type":"page","link":"http:\/\/tracpipe.com\/fr\/csst-gas-pipe-products\/","title":{"rendered":"Produits de tuyauterie de gaz"},"content":{"rendered":"<section id=\"\"  class=\"light\"> <div class=\"container\">  <div class=\"row\"><div class=\"col-md-12  text-default\" >\n\t<div class=\"wpb_text_column wpb_content_element\" >\n\t\t<div class=\"wpb_wrapper\">\n\t\t\t<p>Nous vous invitons \u00e0 d\u00e9couvrir les produits OmegaFlex. Vous trouverez ici des aper\u00e7us de produits, des informations, des prix et de la documentation, ainsi que notre catalogue en ligne.<\/p>\n<ul>\n<li style=\"list-style-type: none;\">\n<ul>\n<li><a href=\"https:\/\/tracpipe.com\/fr\/gas-piping-products\/tracpipe-counterstrike\/\">TracPipe<sup>\u00ae<\/sup> CounterStrike<sup>\u00ae<\/sup><\/a><\/li>\n<li><a href=\"https:\/\/tracpipe.com\/fr\/gas-piping-products\/psii\/\">PSII<\/a><\/li>\n<li><a href=\"https:\/\/tracpipe.com\/fr\/gas-piping-products\/autotrip\/\">AutoTrip<sup>\u00ae<\/sup><\/a><\/li>\n<li><a href=\"https:\/\/tracpipe.com\/fr\/catalog\/\">Catalogue des produits<\/a><\/li>\n<li><a href=\"https:\/\/tracpipe.com\/fr\/gas-piping-products\/pricing\/\">Prix des produits<\/a><\/li>\n<li><a href=\"https:\/\/tracpipe.com\/fr\/csst-gas-pipe-products\/product-literature\/\">Litt\u00e9rature<\/a><\/li>\n<\/ul>\n<\/li>\n<\/ul>\n\n\t\t<\/div>\n\t<\/div>\n<\/div>  <\/div>  <\/div><\/section>","protected":false},"excerpt":{"rendered":"Nous vous invitons \u00e0 d\u00e9couvrir les produits OmegaFlex. Vous trouverez ici des aper\u00e7us de produits, des informations, des prix et de la documentation, ainsi que notre catalogue en ligne. TracPipe\u00ae CounterStrike\u00ae PSII AutoTrip\u00ae Catalogue des produits Prix des produits Litt\u00e9rature","protected":false},"author":1,"featured_media":5381,"parent":0,"menu_order":0,"comment_status":"closed","ping_status":"open","template":"templates\/gas-piping-products.php","meta":{"footnotes":""},"class_list":["post-1932","page","type-page","status-publish","has-post-thumbnail","hentry"],"yoast_head":"<!-- This site is optimized with the Yoast SEO plugin v27.0 - https:\/\/yoast.com\/product\/yoast-seo-wordpress\/ -->\n<title>OmegaFlex\u00ae Gas Pipe Products | CSST Gas Piping - TracPipe\u00ae Canada<\/title>\n<meta name=\"description\" content=\"We invite you to learn more about OmegaFlex\u00ae gas piping products. Here you will find product overviews, pricing and literature, as well as our online catalog.\" \/>\n<meta name=\"robots\" content=\"index, follow, max-snippet:-1, max-image-preview:large, max-video-preview:-1\" \/>\n<link rel=\"canonical\" href=\"https:\/\/tracpipe.com\/fr\/csst-gas-pipe-products\/\" \/>\n<meta property=\"og:locale\" content=\"fr_CA\" \/>\n<meta property=\"og:type\" content=\"article\" \/>\n<meta property=\"og:title\" content=\"OmegaFlex\u00ae Gas Pipe Products | CSST Gas Piping - TracPipe\u00ae Canada\" \/>\n<meta property=\"og:description\" content=\"We invite you to learn more about OmegaFlex\u00ae gas piping products. Here you will find product overviews, pricing and literature, as well as our online catalog.\" \/>\n<meta property=\"og:url\" content=\"https:\/\/tracpipe.com\/fr\/csst-gas-pipe-products\/\" \/>\n<meta property=\"og:site_name\" content=\"Tracpipe USA\" \/>\n<meta property=\"article:modified_time\" content=\"2024-02-28T16:27:10+00:00\" \/>\n<meta property=\"og:image\" content=\"https:\/\/tracpipe.com\/wp-content\/uploads\/AutoFlare.jpg\" \/>\n\t<meta property=\"og:image:width\" content=\"1920\" \/>\n\t<meta property=\"og:image:height\" content=\"1280\" \/>\n\t<meta property=\"og:image:type\" content=\"image\/jpeg\" \/>\n<meta name=\"twitter:label1\" content=\"Est. reading time\" \/>\n\t<meta name=\"twitter:data1\" content=\"1 minute\" \/>\n<script type=\"application\/ld+json\" class=\"yoast-schema-graph\">{\"@context\":\"https:\/\/schema.org\",\"@graph\":[{\"@type\":\"WebPage\",\"@id\":\"https:\/\/tracpipe.com\/csst-gas-pipe-products\/\",\"url\":\"https:\/\/tracpipe.com\/csst-gas-pipe-products\/\",\"name\":\"OmegaFlex\u00ae Gas Pipe Products | CSST Gas Piping - TracPipe\u00ae Canada\",\"isPartOf\":{\"@id\":\"https:\/\/tracpipe.com\/#website\"},\"primaryImageOfPage\":{\"@id\":\"https:\/\/tracpipe.com\/csst-gas-pipe-products\/#primaryimage\"},\"image\":{\"@id\":\"https:\/\/tracpipe.com\/csst-gas-pipe-products\/#primaryimage\"},\"thumbnailUrl\":\"https:\/\/tracpipe.com\/wp-content\/uploads\/AutoFlare.jpg\",\"datePublished\":\"2014-10-23T16:52:16+00:00\",\"dateModified\":\"2024-02-28T16:27:10+00:00\",\"description\":\"We invite you to learn more about OmegaFlex\u00ae gas piping products. Here you will find product overviews, pricing and literature, as well as our online catalog.\",\"breadcrumb\":{\"@id\":\"https:\/\/tracpipe.com\/csst-gas-pipe-products\/#breadcrumb\"},\"inLanguage\":\"fr-CA\",\"potentialAction\":[{\"@type\":\"ReadAction\",\"target\":[\"https:\/\/tracpipe.com\/csst-gas-pipe-products\/\"]}]},{\"@type\":\"ImageObject\",\"inLanguage\":\"fr-CA\",\"@id\":\"https:\/\/tracpipe.com\/csst-gas-pipe-products\/#primaryimage\",\"url\":\"https:\/\/tracpipe.com\/wp-content\/uploads\/AutoFlare.jpg\",\"contentUrl\":\"https:\/\/tracpipe.com\/wp-content\/uploads\/AutoFlare.jpg\",\"width\":1920,\"height\":1280},{\"@type\":\"BreadcrumbList\",\"@id\":\"https:\/\/tracpipe.com\/csst-gas-pipe-products\/#breadcrumb\",\"itemListElement\":[{\"@type\":\"ListItem\",\"position\":1,\"name\":\"Home\",\"item\":\"https:\/\/tracpipe.com\/\"},{\"@type\":\"ListItem\",\"position\":2,\"name\":\"Gas Piping Products\"}]},{\"@type\":\"WebSite\",\"@id\":\"https:\/\/tracpipe.com\/#website\",\"url\":\"https:\/\/tracpipe.com\/\",\"name\":\"Tracpipe USA\",\"description\":\"\",\"potentialAction\":[{\"@type\":\"SearchAction\",\"target\":{\"@type\":\"EntryPoint\",\"urlTemplate\":\"https:\/\/tracpipe.com\/?s={search_term_string}\"},\"query-input\":{\"@type\":\"PropertyValueSpecification\",\"valueRequired\":true,\"valueName\":\"search_term_string\"}}],\"inLanguage\":\"fr-CA\"}]}<\/script>\n<!-- \/ Yoast SEO plugin. -->","yoast_head_json":{"title":"OmegaFlex\u00ae Gas Pipe Products | CSST Gas Piping - TracPipe\u00ae Canada","description":"Nous vous invitons \u00e0 en savoir plus sur les produits de tuyauterie de gaz OmegaFlex\u00ae. Vous trouverez ici des aper\u00e7us de produits, des prix et de la documentation, ainsi que notre catalogue en ligne.","robots":{"index":"index","follow":"follow","max-snippet":"max-snippet:-1","max-image-preview":"max-image-preview:large","max-video-preview":"max-video-preview:-1"},"canonical":"https:\/\/tracpipe.com\/fr\/csst-gas-pipe-products\/","og_locale":"fr_CA","og_type":"article","og_title":"OmegaFlex\u00ae Gas Pipe Products | CSST Gas Piping - TracPipe\u00ae Canada","og_description":"We invite you to learn more about OmegaFlex\u00ae gas piping products. Here you will find product overviews, pricing and literature, as well as our online catalog.","og_url":"https:\/\/tracpipe.com\/fr\/csst-gas-pipe-products\/","og_site_name":"Tracpipe USA","article_modified_time":"2024-02-28T16:27:10+00:00","og_image":[{"width":1920,"height":1280,"url":"https:\/\/tracpipe.com\/wp-content\/uploads\/AutoFlare.jpg","type":"image\/jpeg"}],"twitter_misc":{"Est. reading time":"1 minute"},"schema":{"@context":"https:\/\/schema.org","@graph":[{"@type":"WebPage","@id":"https:\/\/tracpipe.com\/csst-gas-pipe-products\/","url":"https:\/\/tracpipe.com\/csst-gas-pipe-products\/","name":"OmegaFlex\u00ae Gas Pipe Products | CSST Gas Piping - TracPipe\u00ae Canada","isPartOf":{"@id":"https:\/\/tracpipe.com\/#website"},"primaryImageOfPage":{"@id":"https:\/\/tracpipe.com\/csst-gas-pipe-products\/#primaryimage"},"image":{"@id":"https:\/\/tracpipe.com\/csst-gas-pipe-products\/#primaryimage"},"thumbnailUrl":"https:\/\/tracpipe.com\/wp-content\/uploads\/AutoFlare.jpg","datePublished":"2014-10-23T16:52:16+00:00","dateModified":"2024-02-28T16:27:10+00:00","description":"Nous vous invitons \u00e0 en savoir plus sur les produits de tuyauterie de gaz OmegaFlex\u00ae. Vous trouverez ici des aper\u00e7us de produits, des prix et de la documentation, ainsi que notre catalogue en ligne.","breadcrumb":{"@id":"https:\/\/tracpipe.com\/csst-gas-pipe-products\/#breadcrumb"},"inLanguage":"fr-CA","potentialAction":[{"@type":"ReadAction","target":["https:\/\/tracpipe.com\/csst-gas-pipe-products\/"]}]},{"@type":"ImageObject","inLanguage":"fr-CA","@id":"https:\/\/tracpipe.com\/csst-gas-pipe-products\/#primaryimage","url":"https:\/\/tracpipe.com\/wp-content\/uploads\/AutoFlare.jpg","contentUrl":"https:\/\/tracpipe.com\/wp-content\/uploads\/AutoFlare.jpg","width":1920,"height":1280},{"@type":"BreadcrumbList","@id":"https:\/\/tracpipe.com\/csst-gas-pipe-products\/#breadcrumb","itemListElement":[{"@type":"ListItem","position":1,"name":"Home","item":"https:\/\/tracpipe.com\/"},{"@type":"ListItem","position":2,"name":"Gas Piping Products"}]},{"@type":"WebSite","@id":"https:\/\/tracpipe.com\/#website","url":"https:\/\/tracpipe.com\/","name":"Tracpipe USA","description":"","potentialAction":[{"@type":"SearchAction","target":{"@type":"EntryPoint","urlTemplate":"https:\/\/tracpipe.com\/?s={search_term_string}"},"query-input":{"@type":"PropertyValueSpecification","valueRequired":true,"valueName":"search_term_string"}}],"inLanguage":"fr-CA"}]}},"_links":{"self":[{"href":"http:\/\/tracpipe.com\/fr\/wp-json\/wp\/v2\/pages\/1932","targetHints":{"allow":["GET"]}}],"collection":[{"href":"http:\/\/tracpipe.com\/fr\/wp-json\/wp\/v2\/pages"}],"about":[{"href":"http:\/\/tracpipe.com\/fr\/wp-json\/wp\/v2\/types\/page"}],"author":[{"embeddable":true,"href":"http:\/\/tracpipe.com\/fr\/wp-json\/wp\/v2\/users\/1"}],"replies":[{"embeddable":true,"href":"http:\/\/tracpipe.com\/fr\/wp-json\/wp\/v2\/comments?post=1932"}],"version-history":[{"count":0,"href":"http:\/\/tracpipe.com\/fr\/wp-json\/wp\/v2\/pages\/1932\/revisions"}],"wp:featuredmedia":[{"embeddable":true,"href":"http:\/\/tracpipe.com\/fr\/wp-json\/wp\/v2\/media\/5381"}],"wp:attachment":[{"href":"http:\/\/tracpipe.com\/fr\/wp-json\/wp\/v2\/media?parent=1932"}],"curies":[{"name":"wp","href":"https:\/\/api.w.org\/{rel}","templated":true}]}}